{"id":1489,"date":"2022-07-30T21:13:42","date_gmt":"2022-07-30T19:13:42","guid":{"rendered":"https:\/\/staging1.waw.pl\/?post_type=product&#038;p=1489"},"modified":"2024-12-16T20:50:38","modified_gmt":"2024-12-16T19:50:38","slug":"supreme-everything-is-shit","status":"publish","type":"product","link":"https:\/\/shezamme.com\/en\/sklep\/naklejki\/supreme-everything-is-shit\/","title":{"rendered":"Supreme Everything Is Shit"},"content":{"rendered":"<p>Naklejki Supreme &#8222;Everything Is Shit&#8221; to doskona\u0142y spos\u00f3b na dodanie odrobin\u0119 kreatywno\u015bci i humoru do swojego codziennego \u017cycia. Ta niepowtarzalna kolekcja naklejek jest dost\u0119pna w r\u00f3\u017cnych kszta\u0142tach i rozmiarach, co umo\u017cliwia dopasowanie ich do wielu r\u00f3\u017cnych przedmiot\u00f3w.<\/p>\n<p>Naklejki &#8222;Everything Is Shit&#8221; od Supreme to doskona\u0142e uzupe\u0142nienie dla ka\u017cdego mi\u0142o\u015bnika marki. Ich charakterystyczna czarna i bia\u0142a kolorystyka z dodatkiem niebieskich element\u00f3w nawi\u0105zuje do klasycznego stylu marki. Dodatkowo, ka\u017cda z naklejek jest wykonana z trwa\u0142ych i odpornych materia\u0142\u00f3w, co zapewnia ich d\u0142ug\u0105 \u017cywotno\u015b\u0107.<\/p>\n<p>Naklejki Supreme &#8222;Everything Is Shit&#8221; nadaj\u0105 si\u0119 do dekorowania r\u00f3\u017cnych przedmiot\u00f3w, takich jak laptop, telefon, desk\u0119 do krojenia, lub nawet \u015bciany. Ich kreatywny i oryginalny design na pewno przyci\u0105gnie uwag\u0119 i doda troch\u0119 humoru do Twojego codziennego \u017cycia.<\/p>\n<p>Je\u015bli szukasz ciekawych i wysokiej jako\u015bci naklejek, kt\u00f3re mo\u017cna wykorzysta\u0107 w r\u00f3\u017cnych celach, to naklejki Supreme &#8222;Everything Is Shit&#8221; to \u015bwietna opcja. Ich niepowtarzalny styl i oryginalny design sprawi\u0105, \u017ce Twoje przedmioty b\u0119d\u0105 wyr\u00f3\u017cnia\u0107 si\u0119 z t\u0142umu.<\/p>","protected":false},"excerpt":{"rendered":"<p>Supreme Everything Is Shit<br \/>\nNaklejka Supreme Everything is g\u00f3wno wydana w sezonie wiosna-lato 2020.<\/p>","protected":false},"featured_media":1516,"template":"","meta":{"_acf_changed":false,"_yoast_wpseo_focuskw":"Supreme Everything Is Shit","_yoast_wpseo_title":"","_yoast_wpseo_metadesc":""},"pwb-brand":[753],"product_brand":[],"product_cat":[272],"product_tag":[],"class_list":{"0":"post-1489","1":"product","2":"type-product","3":"status-publish","4":"has-post-thumbnail","6":"pwb-brand-supreme","7":"product_cat-naklejki","9":"first","10":"outofstock","11":"taxable","12":"shipping-taxable","13":"purchasable","14":"product-type-variable","15":"has-default-attributes"},"acf":[],"yoast_head":"<!-- This site is optimized with the Yoast SEO plugin v27.3 - https:\/\/yoast.com\/product\/yoast-seo-wordpress\/ -->\n<title>Supreme Everything Is Shit - SHEZAMME<\/title>\n<meta name=\"description\" content=\"Supreme Everything Is Shit | Luksusowe i autentyczne przedmioty w jednym miejscu. B\u0105d\u017a na bie\u017c\u0105co i sprawd\u017a nasz\u0105 ofert\u0119 ju\u017c teraz\" \/>\n<meta name=\"robots\" content=\"index, follow, max-snippet:-1, max-image-preview:large, max-video-preview:-1\" \/>\n<link rel=\"canonical\" href=\"https:\/\/shezamme.com\/en\/sklep\/stickers\/supreme-everything-is-shit\/\" \/>\n<meta property=\"og:locale\" content=\"en_US\" \/>\n<meta property=\"og:type\" content=\"article\" \/>\n<meta property=\"og:title\" content=\"Supreme Everything Is Shit - SHEZAMME\" \/>\n<meta property=\"og:description\" content=\"Supreme Everything Is Shit | Luksusowe i autentyczne przedmioty w jednym miejscu. B\u0105d\u017a na bie\u017c\u0105co i sprawd\u017a nasz\u0105 ofert\u0119 ju\u017c teraz\" \/>\n<meta property=\"og:url\" content=\"https:\/\/shezamme.com\/en\/sklep\/stickers\/supreme-everything-is-shit\/\" \/>\n<meta property=\"og:site_name\" content=\"SHEZAMME - Yeezy, Jordan, Supreme i inne oryginalne rzeczy\" \/>\n<meta property=\"article:publisher\" content=\"https:\/\/www.facebook.com\/SHEZAMME\/\" \/>\n<meta property=\"article:modified_time\" content=\"2024-12-16T19:50:38+00:00\" \/>\n<meta property=\"og:image\" content=\"https:\/\/shezamme.com\/wp-content\/uploads\/2022\/07\/IMG_0032_1024x1024@2x.jpg\" \/>\n\t<meta property=\"og:image:width\" content=\"1834\" \/>\n\t<meta property=\"og:image:height\" content=\"1834\" \/>\n\t<meta property=\"og:image:type\" content=\"image\/jpeg\" \/>\n<meta name=\"twitter:card\" content=\"summary_large_image\" \/>\n<meta name=\"twitter:site\" content=\"@SHEZAMME\" \/>\n<meta name=\"twitter:label1\" content=\"Est. reading time\" \/>\n\t<meta name=\"twitter:data1\" content=\"1 minute\" \/>\n<script type=\"application\/ld+json\" class=\"yoast-schema-graph\">{\"@context\":\"https:\\\/\\\/schema.org\",\"@graph\":[{\"@type\":\"WebPage\",\"@id\":\"https:\\\/\\\/shezamme.com\\\/sklep\\\/naklejki\\\/supreme-everything-is-shit\\\/\",\"url\":\"https:\\\/\\\/shezamme.com\\\/sklep\\\/naklejki\\\/supreme-everything-is-shit\\\/\",\"name\":\"Supreme Everything Is Shit - SHEZAMME\",\"isPartOf\":{\"@id\":\"https:\\\/\\\/shezamme.com\\\/#website\"},\"primaryImageOfPage\":{\"@id\":\"https:\\\/\\\/shezamme.com\\\/sklep\\\/naklejki\\\/supreme-everything-is-shit\\\/#primaryimage\"},\"image\":{\"@id\":\"https:\\\/\\\/shezamme.com\\\/sklep\\\/naklejki\\\/supreme-everything-is-shit\\\/#primaryimage\"},\"thumbnailUrl\":\"https:\\\/\\\/shezamme.com\\\/wp-content\\\/uploads\\\/2022\\\/07\\\/IMG_0032_1024x1024@2x.jpg\",\"datePublished\":\"2022-07-30T19:13:42+00:00\",\"dateModified\":\"2024-12-16T19:50:38+00:00\",\"description\":\"Supreme Everything Is Shit | Luksusowe i autentyczne przedmioty w jednym miejscu. B\u0105d\u017a na bie\u017c\u0105co i sprawd\u017a nasz\u0105 ofert\u0119 ju\u017c teraz\",\"breadcrumb\":{\"@id\":\"https:\\\/\\\/shezamme.com\\\/sklep\\\/naklejki\\\/supreme-everything-is-shit\\\/#breadcrumb\"},\"inLanguage\":\"en-US\",\"potentialAction\":[{\"@type\":\"ReadAction\",\"target\":[\"https:\\\/\\\/shezamme.com\\\/sklep\\\/naklejki\\\/supreme-everything-is-shit\\\/\"]}]},{\"@type\":\"ImageObject\",\"inLanguage\":\"en-US\",\"@id\":\"https:\\\/\\\/shezamme.com\\\/sklep\\\/naklejki\\\/supreme-everything-is-shit\\\/#primaryimage\",\"url\":\"https:\\\/\\\/shezamme.com\\\/wp-content\\\/uploads\\\/2022\\\/07\\\/IMG_0032_1024x1024@2x.jpg\",\"contentUrl\":\"https:\\\/\\\/shezamme.com\\\/wp-content\\\/uploads\\\/2022\\\/07\\\/IMG_0032_1024x1024@2x.jpg\",\"width\":1834,\"height\":1834,\"caption\":\"Supreme Everything Is Shit\"},{\"@type\":\"BreadcrumbList\",\"@id\":\"https:\\\/\\\/shezamme.com\\\/sklep\\\/naklejki\\\/supreme-everything-is-shit\\\/#breadcrumb\",\"itemListElement\":[{\"@type\":\"ListItem\",\"position\":1,\"name\":\"Strona g\u0142\u00f3wna\",\"item\":\"https:\\\/\\\/shezamme.com\\\/\"},{\"@type\":\"ListItem\",\"position\":2,\"name\":\"Sklep\",\"item\":\"https:\\\/\\\/shezamme.com\\\/en\\\/sklep\\\/\"},{\"@type\":\"ListItem\",\"position\":3,\"name\":\"Supreme Everything Is Shit\"}]},{\"@type\":\"WebSite\",\"@id\":\"https:\\\/\\\/shezamme.com\\\/#website\",\"url\":\"https:\\\/\\\/shezamme.com\\\/\",\"name\":\"SHEZAMME - Sneakersy, Streetwear i luksusowe marki\",\"description\":\"Oryginalne i ekskluzywne przedmioty w jednym miejscu. Sprawd\u017a nasze produkty ju\u017c teraz i b\u0105d\u017a na bie\u017c\u0105co z wszystkimi premierami.\",\"publisher\":{\"@id\":\"https:\\\/\\\/shezamme.com\\\/#organization\"},\"potentialAction\":[{\"@type\":\"SearchAction\",\"target\":{\"@type\":\"EntryPoint\",\"urlTemplate\":\"https:\\\/\\\/shezamme.com\\\/?s={search_term_string}\"},\"query-input\":{\"@type\":\"PropertyValueSpecification\",\"valueRequired\":true,\"valueName\":\"search_term_string\"}}],\"inLanguage\":\"en-US\"},{\"@type\":\"Organization\",\"@id\":\"https:\\\/\\\/shezamme.com\\\/#organization\",\"name\":\"SHEZAMME - Sneakersy, Streetwear i luksusowe marki\",\"url\":\"https:\\\/\\\/shezamme.com\\\/\",\"logo\":{\"@type\":\"ImageObject\",\"inLanguage\":\"en-US\",\"@id\":\"https:\\\/\\\/shezamme.com\\\/#\\\/schema\\\/logo\\\/image\\\/\",\"url\":\"https:\\\/\\\/shezamme.com\\\/wp-content\\\/uploads\\\/2023\\\/02\\\/0x0.png\",\"contentUrl\":\"https:\\\/\\\/shezamme.com\\\/wp-content\\\/uploads\\\/2023\\\/02\\\/0x0.png\",\"width\":2000,\"height\":2000,\"caption\":\"SHEZAMME - Sneakersy, Streetwear i luksusowe marki\"},\"image\":{\"@id\":\"https:\\\/\\\/shezamme.com\\\/#\\\/schema\\\/logo\\\/image\\\/\"},\"sameAs\":[\"https:\\\/\\\/www.facebook.com\\\/SHEZAMME\\\/\",\"https:\\\/\\\/x.com\\\/SHEZAMME\",\"https:\\\/\\\/www.instagram.com\\\/shezamme\\\/\",\"https:\\\/\\\/www.youtube.com\\\/channel\\\/UCsTJxi_9fODHdO_1bmJbqvQ\",\"https:\\\/\\\/www.tiktok.com\\\/shezamme.com\"]}]}<\/script>\n<!-- \/ Yoast SEO plugin. -->","yoast_head_json":{"title":"Supreme Everything Is Shit - SHEZAMME","description":"Supreme Everything Is Shit | Luksusowe i autentyczne przedmioty w jednym miejscu. B\u0105d\u017a na bie\u017c\u0105co i sprawd\u017a nasz\u0105 ofert\u0119 ju\u017c teraz","robots":{"index":"index","follow":"follow","max-snippet":"max-snippet:-1","max-image-preview":"max-image-preview:large","max-video-preview":"max-video-preview:-1"},"canonical":"https:\/\/shezamme.com\/en\/sklep\/stickers\/supreme-everything-is-shit\/","og_locale":"en_US","og_type":"article","og_title":"Supreme Everything Is Shit - SHEZAMME","og_description":"Supreme Everything Is Shit | Luksusowe i autentyczne przedmioty w jednym miejscu. B\u0105d\u017a na bie\u017c\u0105co i sprawd\u017a nasz\u0105 ofert\u0119 ju\u017c teraz","og_url":"https:\/\/shezamme.com\/en\/sklep\/stickers\/supreme-everything-is-shit\/","og_site_name":"SHEZAMME - Yeezy, Jordan, Supreme i inne oryginalne rzeczy","article_publisher":"https:\/\/www.facebook.com\/SHEZAMME\/","article_modified_time":"2024-12-16T19:50:38+00:00","og_image":[{"width":1834,"height":1834,"url":"https:\/\/shezamme.com\/wp-content\/uploads\/2022\/07\/IMG_0032_1024x1024@2x.jpg","type":"image\/jpeg"}],"twitter_card":"summary_large_image","twitter_site":"@SHEZAMME","twitter_misc":{"Est. reading time":"1 minute"},"schema":{"@context":"https:\/\/schema.org","@graph":[{"@type":"WebPage","@id":"https:\/\/shezamme.com\/sklep\/naklejki\/supreme-everything-is-shit\/","url":"https:\/\/shezamme.com\/sklep\/naklejki\/supreme-everything-is-shit\/","name":"Supreme Everything Is Shit - SHEZAMME","isPartOf":{"@id":"https:\/\/shezamme.com\/#website"},"primaryImageOfPage":{"@id":"https:\/\/shezamme.com\/sklep\/naklejki\/supreme-everything-is-shit\/#primaryimage"},"image":{"@id":"https:\/\/shezamme.com\/sklep\/naklejki\/supreme-everything-is-shit\/#primaryimage"},"thumbnailUrl":"https:\/\/shezamme.com\/wp-content\/uploads\/2022\/07\/IMG_0032_1024x1024@2x.jpg","datePublished":"2022-07-30T19:13:42+00:00","dateModified":"2024-12-16T19:50:38+00:00","description":"Supreme Everything Is Shit | Luksusowe i autentyczne przedmioty w jednym miejscu. B\u0105d\u017a na bie\u017c\u0105co i sprawd\u017a nasz\u0105 ofert\u0119 ju\u017c teraz","breadcrumb":{"@id":"https:\/\/shezamme.com\/sklep\/naklejki\/supreme-everything-is-shit\/#breadcrumb"},"inLanguage":"en-US","potentialAction":[{"@type":"ReadAction","target":["https:\/\/shezamme.com\/sklep\/naklejki\/supreme-everything-is-shit\/"]}]},{"@type":"ImageObject","inLanguage":"en-US","@id":"https:\/\/shezamme.com\/sklep\/naklejki\/supreme-everything-is-shit\/#primaryimage","url":"https:\/\/shezamme.com\/wp-content\/uploads\/2022\/07\/IMG_0032_1024x1024@2x.jpg","contentUrl":"https:\/\/shezamme.com\/wp-content\/uploads\/2022\/07\/IMG_0032_1024x1024@2x.jpg","width":1834,"height":1834,"caption":"Supreme Everything Is Shit"},{"@type":"BreadcrumbList","@id":"https:\/\/shezamme.com\/sklep\/naklejki\/supreme-everything-is-shit\/#breadcrumb","itemListElement":[{"@type":"ListItem","position":1,"name":"Strona g\u0142\u00f3wna","item":"https:\/\/shezamme.com\/"},{"@type":"ListItem","position":2,"name":"Sklep","item":"https:\/\/shezamme.com\/en\/sklep\/"},{"@type":"ListItem","position":3,"name":"Supreme Everything Is Shit"}]},{"@type":"WebSite","@id":"https:\/\/shezamme.com\/#website","url":"https:\/\/shezamme.com\/","name":"SHEZAMME - Sneakers, Streetwear and luxury brands","description":"Original and exclusive items in one place. Check out our products now and stay up to date with all launches.","publisher":{"@id":"https:\/\/shezamme.com\/#organization"},"potentialAction":[{"@type":"SearchAction","target":{"@type":"EntryPoint","urlTemplate":"https:\/\/shezamme.com\/?s={search_term_string}"},"query-input":{"@type":"PropertyValueSpecification","valueRequired":true,"valueName":"search_term_string"}}],"inLanguage":"en-US"},{"@type":"Organization","@id":"https:\/\/shezamme.com\/#organization","name":"SHEZAMME - Sneakers, Streetwear and luxury brands","url":"https:\/\/shezamme.com\/","logo":{"@type":"ImageObject","inLanguage":"en-US","@id":"https:\/\/shezamme.com\/#\/schema\/logo\/image\/","url":"https:\/\/shezamme.com\/wp-content\/uploads\/2023\/02\/0x0.png","contentUrl":"https:\/\/shezamme.com\/wp-content\/uploads\/2023\/02\/0x0.png","width":2000,"height":2000,"caption":"SHEZAMME - Sneakersy, Streetwear i luksusowe marki"},"image":{"@id":"https:\/\/shezamme.com\/#\/schema\/logo\/image\/"},"sameAs":["https:\/\/www.facebook.com\/SHEZAMME\/","https:\/\/x.com\/SHEZAMME","https:\/\/www.instagram.com\/shezamme\/","https:\/\/www.youtube.com\/channel\/UCsTJxi_9fODHdO_1bmJbqvQ","https:\/\/www.tiktok.com\/shezamme.com"]}]}},"brands":[{"id":753,"name":"supreme","slug":"supreme"}],"_links":{"self":[{"href":"https:\/\/shezamme.com\/en\/wp-json\/wp\/v2\/product\/1489","targetHints":{"allow":["GET"]}}],"collection":[{"href":"https:\/\/shezamme.com\/en\/wp-json\/wp\/v2\/product"}],"about":[{"href":"https:\/\/shezamme.com\/en\/wp-json\/wp\/v2\/types\/product"}],"wp:featuredmedia":[{"embeddable":true,"href":"https:\/\/shezamme.com\/en\/wp-json\/wp\/v2\/media\/1516"}],"wp:attachment":[{"href":"https:\/\/shezamme.com\/en\/wp-json\/wp\/v2\/media?parent=1489"}],"wp:term":[{"taxonomy":"pwb-brand","embeddable":true,"href":"https:\/\/shezamme.com\/en\/wp-json\/wp\/v2\/pwb-brand?post=1489"},{"taxonomy":"product_brand","embeddable":true,"href":"https:\/\/shezamme.com\/en\/wp-json\/wp\/v2\/product_brand?post=1489"},{"taxonomy":"product_cat","embeddable":true,"href":"https:\/\/shezamme.com\/en\/wp-json\/wp\/v2\/product_cat?post=1489"},{"taxonomy":"product_tag","embeddable":true,"href":"https:\/\/shezamme.com\/en\/wp-json\/wp\/v2\/product_tag?post=1489"}],"curies":[{"name":"wp","href":"https:\/\/api.w.org\/{rel}","templated":true}]}}