{"id":1461,"date":"2022-07-30T21:13:20","date_gmt":"2022-07-30T19:13:20","guid":{"rendered":"https:\/\/staging1.waw.pl\/?post_type=product&#038;p=1461"},"modified":"2024-08-09T06:35:36","modified_gmt":"2024-08-09T04:35:36","slug":"supreme-yohji-yamamoto-this-was-tomorrow","status":"publish","type":"product","link":"https:\/\/shezamme.com\/en\/sklep\/naklejki\/supreme-yohji-yamamoto-this-was-tomorrow\/","title":{"rendered":"Supreme Yohji Yamamoto This Was Tomorrow"},"content":{"rendered":"<p>Naklejka Supreme Yohji Yamamoto &#8222;This Was Tomorrow&#8221; to jedna z najbardziej poszukiwanych naklejek marki Supreme. Projekt ten jest efektem wsp\u00f3\u0142pracy Supreme z japo\u0144skim projektantem mody Yohji Yamamoto, znanym z oryginalnych, nowoczesnych i minimalistycznych projekt\u00f3w. Naklejka jest wykonana w kolorze bia\u0142ym z czarnym napisem &#8222;This Was Tomorrow&#8221; na czerwonym tle, co tworzy wyj\u0105tkowy kontrast i przyci\u0105ga uwag\u0119.<\/p>\n<p>Naklejka Supreme Yohji Yamamoto &#8222;This Was Tomorrow&#8221; jest idealnym dodatkiem do Twojego zeszytu, laptopa, telefonu kom\u00f3rkowego czy deski do skateboardingu. To wyj\u0105tkowy spos\u00f3b, aby wyrazi\u0107 swoj\u0105 mi\u0142o\u015b\u0107 do ulicznej mody i jednocze\u015bnie wyrazi\u0107 swoj\u0105 indywidualno\u015b\u0107.<\/p>\n<p>Naklejka Supreme Yohji Yamamoto &#8222;This Was Tomorrow&#8221; jest idealnym prezentem dla mi\u0142o\u015bnik\u00f3w marki Supreme i dla os\u00f3b, kt\u00f3re szukaj\u0105 nowoczesnych i oryginalnych dodatk\u00f3w do swojej kolekcji. Naklejka ta z pewno\u015bci\u0105 b\u0119dzie wyr\u00f3\u017cnia\u0107 si\u0119 w\u015br\u00f3d innych naklejek i przyci\u0105ga\u0107 uwag\u0119 ka\u017cdego, kto j\u0105 zobaczy.<\/p>\n<p>Je\u015bli szukasz nowoczesnego i oryginalnego dodatku do swojego laptopa, smartfona, zeszytu lub deski do skateboardingu, to naklejka Supreme Yohji Yamamoto &#8222;This Was Tomorrow&#8221; jest idealnym wyborem. Jest to jedna z najbardziej po\u017c\u0105danych naklejek marki Supreme, kt\u00f3ra przyci\u0105ga uwag\u0119 swoim wyj\u0105tkowym designem i wysok\u0105 jako\u015bci\u0105 wykonania.<\/p>","protected":false},"excerpt":{"rendered":"<p>Supreme Yohji Yamamoto This Was Tomorrow<\/p>\n<p>W sezonie jesienno-zimowym 2020 Supreme New York wyda\u0142a naklejk\u0119 z Yohji Yamamoto. Naklejka przedstawia\u0142a grafik\u0119 Petera Saville&#8217;a. Na naklejce znajduje si\u0119 obrazek kwiatka i napis \u201eto by\u0142o jutro<\/p>","protected":false},"featured_media":1482,"template":"","meta":{"_acf_changed":false},"pwb-brand":[753],"product_brand":[],"product_cat":[272],"product_tag":[],"class_list":{"0":"post-1461","1":"product","2":"type-product","3":"status-publish","4":"has-post-thumbnail","6":"pwb-brand-supreme","7":"product_cat-naklejki","9":"first","10":"instock","11":"taxable","12":"shipping-taxable","13":"purchasable","14":"product-type-variable","15":"has-default-attributes"},"acf":[],"yoast_head":"<!-- This site is optimized with the Yoast SEO plugin v27.2 - https:\/\/yoast.com\/product\/yoast-seo-wordpress\/ -->\n<title>Supreme Yohji Yamamoto This Was Tomorrow - SHEZAMME<\/title>\n<meta name=\"description\" content=\"Supreme Yohji Yamamoto This Was Tomorrow | Luksusowe i autentyczne przedmioty w jednym miejscu. B\u0105d\u017a na bie\u017c\u0105co i sprawd\u017a nasz\u0105 ofert\u0119 ju\u017c teraz\" \/>\n<meta name=\"robots\" content=\"index, follow, max-snippet:-1, max-image-preview:large, max-video-preview:-1\" \/>\n<link rel=\"canonical\" href=\"https:\/\/shezamme.com\/en\/sklep\/stickers\/supreme-yohji-yamamoto-this-was-tomorrow\/\" \/>\n<meta property=\"og:locale\" content=\"en_US\" \/>\n<meta property=\"og:type\" content=\"article\" \/>\n<meta property=\"og:title\" content=\"Supreme Yohji Yamamoto This Was Tomorrow - SHEZAMME\" \/>\n<meta property=\"og:description\" content=\"Supreme Yohji Yamamoto This Was Tomorrow | Luksusowe i autentyczne przedmioty w jednym miejscu. B\u0105d\u017a na bie\u017c\u0105co i sprawd\u017a nasz\u0105 ofert\u0119 ju\u017c teraz\" \/>\n<meta property=\"og:url\" content=\"https:\/\/shezamme.com\/en\/sklep\/stickers\/supreme-yohji-yamamoto-this-was-tomorrow\/\" \/>\n<meta property=\"og:site_name\" content=\"SHEZAMME - Yeezy, Jordan, Supreme i inne oryginalne rzeczy\" \/>\n<meta property=\"article:publisher\" content=\"https:\/\/www.facebook.com\/SHEZAMME\/\" \/>\n<meta property=\"article:modified_time\" content=\"2024-08-09T04:35:36+00:00\" \/>\n<meta property=\"og:image\" content=\"https:\/\/shezamme.com\/wp-content\/uploads\/2022\/07\/Thiswastomorrow_1024x1024@2x.jpg\" \/>\n\t<meta property=\"og:image:width\" content=\"1920\" \/>\n\t<meta property=\"og:image:height\" content=\"1920\" \/>\n\t<meta property=\"og:image:type\" content=\"image\/jpeg\" \/>\n<meta name=\"twitter:card\" content=\"summary_large_image\" \/>\n<meta name=\"twitter:site\" content=\"@SHEZAMME\" \/>\n<meta name=\"twitter:label1\" content=\"Est. reading time\" \/>\n\t<meta name=\"twitter:data1\" content=\"1 minute\" \/>\n<script type=\"application\/ld+json\" class=\"yoast-schema-graph\">{\"@context\":\"https:\/\/schema.org\",\"@graph\":[{\"@type\":\"WebPage\",\"@id\":\"https:\/\/shezamme.com\/sklep\/naklejki\/supreme-yohji-yamamoto-this-was-tomorrow\/\",\"url\":\"https:\/\/shezamme.com\/sklep\/naklejki\/supreme-yohji-yamamoto-this-was-tomorrow\/\",\"name\":\"Supreme Yohji Yamamoto This Was Tomorrow - SHEZAMME\",\"isPartOf\":{\"@id\":\"https:\/\/shezamme.com\/#website\"},\"primaryImageOfPage\":{\"@id\":\"https:\/\/shezamme.com\/sklep\/naklejki\/supreme-yohji-yamamoto-this-was-tomorrow\/#primaryimage\"},\"image\":{\"@id\":\"https:\/\/shezamme.com\/sklep\/naklejki\/supreme-yohji-yamamoto-this-was-tomorrow\/#primaryimage\"},\"thumbnailUrl\":\"https:\/\/shezamme.com\/wp-content\/uploads\/2022\/07\/Thiswastomorrow_1024x1024@2x.jpg\",\"datePublished\":\"2022-07-30T19:13:20+00:00\",\"dateModified\":\"2024-08-09T04:35:36+00:00\",\"description\":\"Supreme Yohji Yamamoto This Was Tomorrow | Luksusowe i autentyczne przedmioty w jednym miejscu. B\u0105d\u017a na bie\u017c\u0105co i sprawd\u017a nasz\u0105 ofert\u0119 ju\u017c teraz\",\"breadcrumb\":{\"@id\":\"https:\/\/shezamme.com\/sklep\/naklejki\/supreme-yohji-yamamoto-this-was-tomorrow\/#breadcrumb\"},\"inLanguage\":\"en-US\",\"potentialAction\":[{\"@type\":\"ReadAction\",\"target\":[\"https:\/\/shezamme.com\/sklep\/naklejki\/supreme-yohji-yamamoto-this-was-tomorrow\/\"]}]},{\"@type\":\"ImageObject\",\"inLanguage\":\"en-US\",\"@id\":\"https:\/\/shezamme.com\/sklep\/naklejki\/supreme-yohji-yamamoto-this-was-tomorrow\/#primaryimage\",\"url\":\"https:\/\/shezamme.com\/wp-content\/uploads\/2022\/07\/Thiswastomorrow_1024x1024@2x.jpg\",\"contentUrl\":\"https:\/\/shezamme.com\/wp-content\/uploads\/2022\/07\/Thiswastomorrow_1024x1024@2x.jpg\",\"width\":1920,\"height\":1920,\"caption\":\"Supreme Yohji Yamamoto This Was Tomorrow\"},{\"@type\":\"BreadcrumbList\",\"@id\":\"https:\/\/shezamme.com\/sklep\/naklejki\/supreme-yohji-yamamoto-this-was-tomorrow\/#breadcrumb\",\"itemListElement\":[{\"@type\":\"ListItem\",\"position\":1,\"name\":\"Strona g\u0142\u00f3wna\",\"item\":\"https:\/\/shezamme.com\/\"},{\"@type\":\"ListItem\",\"position\":2,\"name\":\"Sklep\",\"item\":\"https:\/\/shezamme.com\/sklep\/\"},{\"@type\":\"ListItem\",\"position\":3,\"name\":\"Supreme Yohji Yamamoto This Was Tomorrow\"}]},{\"@type\":\"WebSite\",\"@id\":\"https:\/\/shezamme.com\/#website\",\"url\":\"https:\/\/shezamme.com\/\",\"name\":\"SHEZAMME - Sneakersy, Streetwear i luksusowe marki\",\"description\":\"Oryginalne i ekskluzywne przedmioty w jednym miejscu. Sprawd\u017a nasze produkty ju\u017c teraz i b\u0105d\u017a na bie\u017c\u0105co z wszystkimi premierami.\",\"publisher\":{\"@id\":\"https:\/\/shezamme.com\/#organization\"},\"potentialAction\":[{\"@type\":\"SearchAction\",\"target\":{\"@type\":\"EntryPoint\",\"urlTemplate\":\"https:\/\/shezamme.com\/?s={search_term_string}\"},\"query-input\":{\"@type\":\"PropertyValueSpecification\",\"valueRequired\":true,\"valueName\":\"search_term_string\"}}],\"inLanguage\":\"en-US\"},{\"@type\":\"Organization\",\"@id\":\"https:\/\/shezamme.com\/#organization\",\"name\":\"SHEZAMME - Sneakersy, Streetwear i luksusowe marki\",\"url\":\"https:\/\/shezamme.com\/\",\"logo\":{\"@type\":\"ImageObject\",\"inLanguage\":\"en-US\",\"@id\":\"https:\/\/shezamme.com\/#\/schema\/logo\/image\/\",\"url\":\"https:\/\/shezamme.com\/wp-content\/uploads\/2023\/02\/0x0.png\",\"contentUrl\":\"https:\/\/shezamme.com\/wp-content\/uploads\/2023\/02\/0x0.png\",\"width\":2000,\"height\":2000,\"caption\":\"SHEZAMME - Sneakersy, Streetwear i luksusowe marki\"},\"image\":{\"@id\":\"https:\/\/shezamme.com\/#\/schema\/logo\/image\/\"},\"sameAs\":[\"https:\/\/www.facebook.com\/SHEZAMME\/\",\"https:\/\/x.com\/SHEZAMME\",\"https:\/\/www.instagram.com\/shezamme\/\",\"https:\/\/www.youtube.com\/channel\/UCsTJxi_9fODHdO_1bmJbqvQ\",\"https:\/\/www.tiktok.com\/shezamme.com\"]}]}<\/script>\n<!-- \/ Yoast SEO plugin. -->","yoast_head_json":{"title":"Supreme Yohji Yamamoto This Was Tomorrow - SHEZAMME","description":"Supreme Yohji Yamamoto This Was Tomorrow | Luksusowe i autentyczne przedmioty w jednym miejscu. B\u0105d\u017a na bie\u017c\u0105co i sprawd\u017a nasz\u0105 ofert\u0119 ju\u017c teraz","robots":{"index":"index","follow":"follow","max-snippet":"max-snippet:-1","max-image-preview":"max-image-preview:large","max-video-preview":"max-video-preview:-1"},"canonical":"https:\/\/shezamme.com\/en\/sklep\/stickers\/supreme-yohji-yamamoto-this-was-tomorrow\/","og_locale":"en_US","og_type":"article","og_title":"Supreme Yohji Yamamoto This Was Tomorrow - SHEZAMME","og_description":"Supreme Yohji Yamamoto This Was Tomorrow | Luksusowe i autentyczne przedmioty w jednym miejscu. B\u0105d\u017a na bie\u017c\u0105co i sprawd\u017a nasz\u0105 ofert\u0119 ju\u017c teraz","og_url":"https:\/\/shezamme.com\/en\/sklep\/stickers\/supreme-yohji-yamamoto-this-was-tomorrow\/","og_site_name":"SHEZAMME - Yeezy, Jordan, Supreme i inne oryginalne rzeczy","article_publisher":"https:\/\/www.facebook.com\/SHEZAMME\/","article_modified_time":"2024-08-09T04:35:36+00:00","og_image":[{"width":1920,"height":1920,"url":"https:\/\/shezamme.com\/wp-content\/uploads\/2022\/07\/Thiswastomorrow_1024x1024@2x.jpg","type":"image\/jpeg"}],"twitter_card":"summary_large_image","twitter_site":"@SHEZAMME","twitter_misc":{"Est. reading time":"1 minute"},"schema":{"@context":"https:\/\/schema.org","@graph":[{"@type":"WebPage","@id":"https:\/\/shezamme.com\/sklep\/naklejki\/supreme-yohji-yamamoto-this-was-tomorrow\/","url":"https:\/\/shezamme.com\/sklep\/naklejki\/supreme-yohji-yamamoto-this-was-tomorrow\/","name":"Supreme Yohji Yamamoto This Was Tomorrow - SHEZAMME","isPartOf":{"@id":"https:\/\/shezamme.com\/#website"},"primaryImageOfPage":{"@id":"https:\/\/shezamme.com\/sklep\/naklejki\/supreme-yohji-yamamoto-this-was-tomorrow\/#primaryimage"},"image":{"@id":"https:\/\/shezamme.com\/sklep\/naklejki\/supreme-yohji-yamamoto-this-was-tomorrow\/#primaryimage"},"thumbnailUrl":"https:\/\/shezamme.com\/wp-content\/uploads\/2022\/07\/Thiswastomorrow_1024x1024@2x.jpg","datePublished":"2022-07-30T19:13:20+00:00","dateModified":"2024-08-09T04:35:36+00:00","description":"Supreme Yohji Yamamoto This Was Tomorrow | Luksusowe i autentyczne przedmioty w jednym miejscu. B\u0105d\u017a na bie\u017c\u0105co i sprawd\u017a nasz\u0105 ofert\u0119 ju\u017c teraz","breadcrumb":{"@id":"https:\/\/shezamme.com\/sklep\/naklejki\/supreme-yohji-yamamoto-this-was-tomorrow\/#breadcrumb"},"inLanguage":"en-US","potentialAction":[{"@type":"ReadAction","target":["https:\/\/shezamme.com\/sklep\/naklejki\/supreme-yohji-yamamoto-this-was-tomorrow\/"]}]},{"@type":"ImageObject","inLanguage":"en-US","@id":"https:\/\/shezamme.com\/sklep\/naklejki\/supreme-yohji-yamamoto-this-was-tomorrow\/#primaryimage","url":"https:\/\/shezamme.com\/wp-content\/uploads\/2022\/07\/Thiswastomorrow_1024x1024@2x.jpg","contentUrl":"https:\/\/shezamme.com\/wp-content\/uploads\/2022\/07\/Thiswastomorrow_1024x1024@2x.jpg","width":1920,"height":1920,"caption":"Supreme Yohji Yamamoto This Was Tomorrow"},{"@type":"BreadcrumbList","@id":"https:\/\/shezamme.com\/sklep\/naklejki\/supreme-yohji-yamamoto-this-was-tomorrow\/#breadcrumb","itemListElement":[{"@type":"ListItem","position":1,"name":"Strona g\u0142\u00f3wna","item":"https:\/\/shezamme.com\/"},{"@type":"ListItem","position":2,"name":"Sklep","item":"https:\/\/shezamme.com\/sklep\/"},{"@type":"ListItem","position":3,"name":"Supreme Yohji Yamamoto This Was Tomorrow"}]},{"@type":"WebSite","@id":"https:\/\/shezamme.com\/#website","url":"https:\/\/shezamme.com\/","name":"SHEZAMME - Sneakers, Streetwear and luxury brands","description":"Original and exclusive items in one place. Check out our products now and stay up to date with all launches.","publisher":{"@id":"https:\/\/shezamme.com\/#organization"},"potentialAction":[{"@type":"SearchAction","target":{"@type":"EntryPoint","urlTemplate":"https:\/\/shezamme.com\/?s={search_term_string}"},"query-input":{"@type":"PropertyValueSpecification","valueRequired":true,"valueName":"search_term_string"}}],"inLanguage":"en-US"},{"@type":"Organization","@id":"https:\/\/shezamme.com\/#organization","name":"SHEZAMME - Sneakers, Streetwear and luxury brands","url":"https:\/\/shezamme.com\/","logo":{"@type":"ImageObject","inLanguage":"en-US","@id":"https:\/\/shezamme.com\/#\/schema\/logo\/image\/","url":"https:\/\/shezamme.com\/wp-content\/uploads\/2023\/02\/0x0.png","contentUrl":"https:\/\/shezamme.com\/wp-content\/uploads\/2023\/02\/0x0.png","width":2000,"height":2000,"caption":"SHEZAMME - Sneakersy, Streetwear i luksusowe marki"},"image":{"@id":"https:\/\/shezamme.com\/#\/schema\/logo\/image\/"},"sameAs":["https:\/\/www.facebook.com\/SHEZAMME\/","https:\/\/x.com\/SHEZAMME","https:\/\/www.instagram.com\/shezamme\/","https:\/\/www.youtube.com\/channel\/UCsTJxi_9fODHdO_1bmJbqvQ","https:\/\/www.tiktok.com\/shezamme.com"]}]}},"brands":[{"id":753,"name":"supreme","slug":"supreme"}],"_links":{"self":[{"href":"https:\/\/shezamme.com\/en\/wp-json\/wp\/v2\/product\/1461","targetHints":{"allow":["GET"]}}],"collection":[{"href":"https:\/\/shezamme.com\/en\/wp-json\/wp\/v2\/product"}],"about":[{"href":"https:\/\/shezamme.com\/en\/wp-json\/wp\/v2\/types\/product"}],"wp:featuredmedia":[{"embeddable":true,"href":"https:\/\/shezamme.com\/en\/wp-json\/wp\/v2\/media\/1482"}],"wp:attachment":[{"href":"https:\/\/shezamme.com\/en\/wp-json\/wp\/v2\/media?parent=1461"}],"wp:term":[{"taxonomy":"pwb-brand","embeddable":true,"href":"https:\/\/shezamme.com\/en\/wp-json\/wp\/v2\/pwb-brand?post=1461"},{"taxonomy":"product_brand","embeddable":true,"href":"https:\/\/shezamme.com\/en\/wp-json\/wp\/v2\/product_brand?post=1461"},{"taxonomy":"product_cat","embeddable":true,"href":"https:\/\/shezamme.com\/en\/wp-json\/wp\/v2\/product_cat?post=1461"},{"taxonomy":"product_tag","embeddable":true,"href":"https:\/\/shezamme.com\/en\/wp-json\/wp\/v2\/product_tag?post=1461"}],"curies":[{"name":"wp","href":"https:\/\/api.w.org\/{rel}","templated":true}]}}