{"id":1451,"date":"2022-07-30T21:13:19","date_gmt":"2022-07-30T19:13:19","guid":{"rendered":"https:\/\/staging1.waw.pl\/?post_type=product&#038;p=1451"},"modified":"2024-08-09T06:24:04","modified_gmt":"2024-08-09T04:24:04","slug":"supreme-mariah-carey-santa","status":"publish","type":"product","link":"https:\/\/shezamme.com\/en\/sklep\/naklejki\/supreme-mariah-carey-santa\/","title":{"rendered":"Supreme Mariah Carey Santa"},"content":{"rendered":"<p>Supreme to marka z kultowym statusami na \u015bwiecie streetwearu. Ich kolekcje s\u0105 wyj\u0105tkowe, innowacyjne i zawsze bardzo po\u017c\u0105dane. Kolekcja Mariah Carey Santa, to absolutny must-have dla fan\u00f3w marki i samej piosenkarki. Czerwony hoodie z nadrukiem Mariah Carey w stroju Miko\u0142aja to esencja \u015bwi\u0105t.<\/p>\n<p>Hoodie jest wykonany z wysokiej jako\u015bci materia\u0142\u00f3w, dzi\u0119ki czemu jest trwa\u0142y i wygodny w noszeniu. Na froncie ubrania widnieje kolorowy nadruk z Mariah Carey ubran\u0105 w klasyczny czerwony kostium Miko\u0142aja, z charakterystycznym bia\u0142ym futerkiem i brokatowymi dodatkami. Na plecach znajduje si\u0119 grafika z napisem &#8222;Supreme&#8221; oraz logotypem marki.<\/p>\n<p>Mariah Carey Santa to idealny wyb\u00f3r na zimowe wieczory, czy podczas \u015bwi\u0105tecznych przyj\u0119\u0107. Ten oryginalny design z pewno\u015bci\u0105 przyci\u0105gnie uwag\u0119 i doda charakteru ka\u017cdej stylizacji. Hoodie jest dost\u0119pny w r\u00f3\u017cnych rozmiarach, dzi\u0119ki czemu ka\u017cdy fan Supreme i Mariah Carey mo\u017ce znale\u017a\u0107 rozmiar idealnie dopasowany do swoich potrzeb.<\/p>\n<p>W sk\u0142adzie materia\u0142owym przewa\u017caj\u0105 bawe\u0142na i poliester, co zapewnia mi\u0119kko\u015b\u0107, komfort i trwa\u0142o\u015b\u0107 ubrania. Dlatego hoodie jest \u015bwietnym wyborem na d\u0142ugie, ch\u0142odne dni, a jego design przyci\u0105ga uwag\u0119 i dodaje niepowtarzalnego charakteru.<\/p>\n<p>Podsumowuj\u0105c, Supreme Mariah Carey Santa to must-have dla ka\u017cdego fana marki Supreme i samej Mariah Carey. Wygodne i trwa\u0142e hoodie, z wyj\u0105tkowym, \u015bwi\u0105tecznym designem, kt\u00f3ry na pewno przyci\u0105gnie uwag\u0119 i podkre\u015bli styl ka\u017cdego fana streetwearu.<\/p>","protected":false},"excerpt":{"rendered":"<p>Supreme Mariah Carey Santa<br \/>\nW sezonie jesienno-zimowym 2020 Supreme New York wyda\u0142a naklejk\u0119 we wsp\u00f3\u0142pracy z Mariah Carey. Jest przebrana za \u015awi\u0119tego Miko\u0142aja jako \u015bwi\u0105teczny dodatek.<\/p>","protected":false},"featured_media":1477,"template":"","meta":{"_acf_changed":false,"_yoast_wpseo_focuskw":"Supreme Mariah Carey Santa","_yoast_wpseo_title":"","_yoast_wpseo_metadesc":""},"pwb-brand":[753],"product_brand":[],"product_cat":[272],"product_tag":[],"class_list":{"0":"post-1451","1":"product","2":"type-product","3":"status-publish","4":"has-post-thumbnail","6":"pwb-brand-supreme","7":"product_cat-naklejki","9":"first","10":"outofstock","11":"taxable","12":"shipping-taxable","13":"purchasable","14":"product-type-variable","15":"has-default-attributes"},"acf":[],"yoast_head":"<!-- This site is optimized with the Yoast SEO plugin v27.2 - https:\/\/yoast.com\/product\/yoast-seo-wordpress\/ -->\n<title>Supreme Mariah Carey Santa - SHEZAMME<\/title>\n<meta name=\"description\" content=\"Supreme Mariah Carey Santa | Luksusowe i autentyczne przedmioty w jednym miejscu. B\u0105d\u017a na bie\u017c\u0105co i sprawd\u017a nasz\u0105 ofert\u0119 ju\u017c teraz\" \/>\n<meta name=\"robots\" content=\"index, follow, max-snippet:-1, max-image-preview:large, max-video-preview:-1\" \/>\n<link rel=\"canonical\" href=\"https:\/\/shezamme.com\/en\/sklep\/stickers\/supreme-mariah-carey-santa\/\" \/>\n<meta property=\"og:locale\" content=\"en_US\" \/>\n<meta property=\"og:type\" content=\"article\" \/>\n<meta property=\"og:title\" content=\"Supreme Mariah Carey Santa - SHEZAMME\" \/>\n<meta property=\"og:description\" content=\"Supreme Mariah Carey Santa | Luksusowe i autentyczne przedmioty w jednym miejscu. B\u0105d\u017a na bie\u017c\u0105co i sprawd\u017a nasz\u0105 ofert\u0119 ju\u017c teraz\" \/>\n<meta property=\"og:url\" content=\"https:\/\/shezamme.com\/en\/sklep\/stickers\/supreme-mariah-carey-santa\/\" \/>\n<meta property=\"og:site_name\" content=\"SHEZAMME - Yeezy, Jordan, Supreme i inne oryginalne rzeczy\" \/>\n<meta property=\"article:publisher\" content=\"https:\/\/www.facebook.com\/SHEZAMME\/\" \/>\n<meta property=\"article:modified_time\" content=\"2024-08-09T04:24:04+00:00\" \/>\n<meta property=\"og:image\" content=\"https:\/\/shezamme.com\/wp-content\/uploads\/2022\/07\/Santa_1024x1024@2x.jpg\" \/>\n\t<meta property=\"og:image:width\" content=\"1920\" \/>\n\t<meta property=\"og:image:height\" content=\"1920\" \/>\n\t<meta property=\"og:image:type\" content=\"image\/jpeg\" \/>\n<meta name=\"twitter:card\" content=\"summary_large_image\" \/>\n<meta name=\"twitter:site\" content=\"@SHEZAMME\" \/>\n<meta name=\"twitter:label1\" content=\"Est. reading time\" \/>\n\t<meta name=\"twitter:data1\" content=\"1 minute\" \/>\n<script type=\"application\/ld+json\" class=\"yoast-schema-graph\">{\"@context\":\"https:\/\/schema.org\",\"@graph\":[{\"@type\":\"WebPage\",\"@id\":\"https:\/\/shezamme.com\/sklep\/naklejki\/supreme-mariah-carey-santa\/\",\"url\":\"https:\/\/shezamme.com\/sklep\/naklejki\/supreme-mariah-carey-santa\/\",\"name\":\"Supreme Mariah Carey Santa - SHEZAMME\",\"isPartOf\":{\"@id\":\"https:\/\/shezamme.com\/#website\"},\"primaryImageOfPage\":{\"@id\":\"https:\/\/shezamme.com\/sklep\/naklejki\/supreme-mariah-carey-santa\/#primaryimage\"},\"image\":{\"@id\":\"https:\/\/shezamme.com\/sklep\/naklejki\/supreme-mariah-carey-santa\/#primaryimage\"},\"thumbnailUrl\":\"https:\/\/shezamme.com\/wp-content\/uploads\/2022\/07\/Santa_1024x1024@2x.jpg\",\"datePublished\":\"2022-07-30T19:13:19+00:00\",\"dateModified\":\"2024-08-09T04:24:04+00:00\",\"description\":\"Supreme Mariah Carey Santa | Luksusowe i autentyczne przedmioty w jednym miejscu. B\u0105d\u017a na bie\u017c\u0105co i sprawd\u017a nasz\u0105 ofert\u0119 ju\u017c teraz\",\"breadcrumb\":{\"@id\":\"https:\/\/shezamme.com\/sklep\/naklejki\/supreme-mariah-carey-santa\/#breadcrumb\"},\"inLanguage\":\"en-US\",\"potentialAction\":[{\"@type\":\"ReadAction\",\"target\":[\"https:\/\/shezamme.com\/sklep\/naklejki\/supreme-mariah-carey-santa\/\"]}]},{\"@type\":\"ImageObject\",\"inLanguage\":\"en-US\",\"@id\":\"https:\/\/shezamme.com\/sklep\/naklejki\/supreme-mariah-carey-santa\/#primaryimage\",\"url\":\"https:\/\/shezamme.com\/wp-content\/uploads\/2022\/07\/Santa_1024x1024@2x.jpg\",\"contentUrl\":\"https:\/\/shezamme.com\/wp-content\/uploads\/2022\/07\/Santa_1024x1024@2x.jpg\",\"width\":1920,\"height\":1920,\"caption\":\"Supreme Mariah Carey Santa\"},{\"@type\":\"BreadcrumbList\",\"@id\":\"https:\/\/shezamme.com\/sklep\/naklejki\/supreme-mariah-carey-santa\/#breadcrumb\",\"itemListElement\":[{\"@type\":\"ListItem\",\"position\":1,\"name\":\"Strona g\u0142\u00f3wna\",\"item\":\"https:\/\/shezamme.com\/\"},{\"@type\":\"ListItem\",\"position\":2,\"name\":\"Sklep\",\"item\":\"https:\/\/shezamme.com\/sklep\/\"},{\"@type\":\"ListItem\",\"position\":3,\"name\":\"Supreme Mariah Carey Santa\"}]},{\"@type\":\"WebSite\",\"@id\":\"https:\/\/shezamme.com\/#website\",\"url\":\"https:\/\/shezamme.com\/\",\"name\":\"SHEZAMME - Sneakersy, Streetwear i luksusowe marki\",\"description\":\"Oryginalne i ekskluzywne przedmioty w jednym miejscu. Sprawd\u017a nasze produkty ju\u017c teraz i b\u0105d\u017a na bie\u017c\u0105co z wszystkimi premierami.\",\"publisher\":{\"@id\":\"https:\/\/shezamme.com\/#organization\"},\"potentialAction\":[{\"@type\":\"SearchAction\",\"target\":{\"@type\":\"EntryPoint\",\"urlTemplate\":\"https:\/\/shezamme.com\/?s={search_term_string}\"},\"query-input\":{\"@type\":\"PropertyValueSpecification\",\"valueRequired\":true,\"valueName\":\"search_term_string\"}}],\"inLanguage\":\"en-US\"},{\"@type\":\"Organization\",\"@id\":\"https:\/\/shezamme.com\/#organization\",\"name\":\"SHEZAMME - Sneakersy, Streetwear i luksusowe marki\",\"url\":\"https:\/\/shezamme.com\/\",\"logo\":{\"@type\":\"ImageObject\",\"inLanguage\":\"en-US\",\"@id\":\"https:\/\/shezamme.com\/#\/schema\/logo\/image\/\",\"url\":\"https:\/\/shezamme.com\/wp-content\/uploads\/2023\/02\/0x0.png\",\"contentUrl\":\"https:\/\/shezamme.com\/wp-content\/uploads\/2023\/02\/0x0.png\",\"width\":2000,\"height\":2000,\"caption\":\"SHEZAMME - Sneakersy, Streetwear i luksusowe marki\"},\"image\":{\"@id\":\"https:\/\/shezamme.com\/#\/schema\/logo\/image\/\"},\"sameAs\":[\"https:\/\/www.facebook.com\/SHEZAMME\/\",\"https:\/\/x.com\/SHEZAMME\",\"https:\/\/www.instagram.com\/shezamme\/\",\"https:\/\/www.youtube.com\/channel\/UCsTJxi_9fODHdO_1bmJbqvQ\",\"https:\/\/www.tiktok.com\/shezamme.com\"]}]}<\/script>\n<!-- \/ Yoast SEO plugin. -->","yoast_head_json":{"title":"Supreme Mariah Carey Santa - SHEZAMME","description":"Supreme Mariah Carey Santa | Luksusowe i autentyczne przedmioty w jednym miejscu. B\u0105d\u017a na bie\u017c\u0105co i sprawd\u017a nasz\u0105 ofert\u0119 ju\u017c teraz","robots":{"index":"index","follow":"follow","max-snippet":"max-snippet:-1","max-image-preview":"max-image-preview:large","max-video-preview":"max-video-preview:-1"},"canonical":"https:\/\/shezamme.com\/en\/sklep\/stickers\/supreme-mariah-carey-santa\/","og_locale":"en_US","og_type":"article","og_title":"Supreme Mariah Carey Santa - SHEZAMME","og_description":"Supreme Mariah Carey Santa | Luksusowe i autentyczne przedmioty w jednym miejscu. B\u0105d\u017a na bie\u017c\u0105co i sprawd\u017a nasz\u0105 ofert\u0119 ju\u017c teraz","og_url":"https:\/\/shezamme.com\/en\/sklep\/stickers\/supreme-mariah-carey-santa\/","og_site_name":"SHEZAMME - Yeezy, Jordan, Supreme i inne oryginalne rzeczy","article_publisher":"https:\/\/www.facebook.com\/SHEZAMME\/","article_modified_time":"2024-08-09T04:24:04+00:00","og_image":[{"width":1920,"height":1920,"url":"https:\/\/shezamme.com\/wp-content\/uploads\/2022\/07\/Santa_1024x1024@2x.jpg","type":"image\/jpeg"}],"twitter_card":"summary_large_image","twitter_site":"@SHEZAMME","twitter_misc":{"Est. reading time":"1 minute"},"schema":{"@context":"https:\/\/schema.org","@graph":[{"@type":"WebPage","@id":"https:\/\/shezamme.com\/sklep\/naklejki\/supreme-mariah-carey-santa\/","url":"https:\/\/shezamme.com\/sklep\/naklejki\/supreme-mariah-carey-santa\/","name":"Supreme Mariah Carey Santa - SHEZAMME","isPartOf":{"@id":"https:\/\/shezamme.com\/#website"},"primaryImageOfPage":{"@id":"https:\/\/shezamme.com\/sklep\/naklejki\/supreme-mariah-carey-santa\/#primaryimage"},"image":{"@id":"https:\/\/shezamme.com\/sklep\/naklejki\/supreme-mariah-carey-santa\/#primaryimage"},"thumbnailUrl":"https:\/\/shezamme.com\/wp-content\/uploads\/2022\/07\/Santa_1024x1024@2x.jpg","datePublished":"2022-07-30T19:13:19+00:00","dateModified":"2024-08-09T04:24:04+00:00","description":"Supreme Mariah Carey Santa | Luksusowe i autentyczne przedmioty w jednym miejscu. B\u0105d\u017a na bie\u017c\u0105co i sprawd\u017a nasz\u0105 ofert\u0119 ju\u017c teraz","breadcrumb":{"@id":"https:\/\/shezamme.com\/sklep\/naklejki\/supreme-mariah-carey-santa\/#breadcrumb"},"inLanguage":"en-US","potentialAction":[{"@type":"ReadAction","target":["https:\/\/shezamme.com\/sklep\/naklejki\/supreme-mariah-carey-santa\/"]}]},{"@type":"ImageObject","inLanguage":"en-US","@id":"https:\/\/shezamme.com\/sklep\/naklejki\/supreme-mariah-carey-santa\/#primaryimage","url":"https:\/\/shezamme.com\/wp-content\/uploads\/2022\/07\/Santa_1024x1024@2x.jpg","contentUrl":"https:\/\/shezamme.com\/wp-content\/uploads\/2022\/07\/Santa_1024x1024@2x.jpg","width":1920,"height":1920,"caption":"Supreme Mariah Carey Santa"},{"@type":"BreadcrumbList","@id":"https:\/\/shezamme.com\/sklep\/naklejki\/supreme-mariah-carey-santa\/#breadcrumb","itemListElement":[{"@type":"ListItem","position":1,"name":"Strona g\u0142\u00f3wna","item":"https:\/\/shezamme.com\/"},{"@type":"ListItem","position":2,"name":"Sklep","item":"https:\/\/shezamme.com\/sklep\/"},{"@type":"ListItem","position":3,"name":"Supreme Mariah Carey Santa"}]},{"@type":"WebSite","@id":"https:\/\/shezamme.com\/#website","url":"https:\/\/shezamme.com\/","name":"SHEZAMME - Sneakers, Streetwear and luxury brands","description":"Original and exclusive items in one place. Check out our products now and stay up to date with all launches.","publisher":{"@id":"https:\/\/shezamme.com\/#organization"},"potentialAction":[{"@type":"SearchAction","target":{"@type":"EntryPoint","urlTemplate":"https:\/\/shezamme.com\/?s={search_term_string}"},"query-input":{"@type":"PropertyValueSpecification","valueRequired":true,"valueName":"search_term_string"}}],"inLanguage":"en-US"},{"@type":"Organization","@id":"https:\/\/shezamme.com\/#organization","name":"SHEZAMME - Sneakers, Streetwear and luxury brands","url":"https:\/\/shezamme.com\/","logo":{"@type":"ImageObject","inLanguage":"en-US","@id":"https:\/\/shezamme.com\/#\/schema\/logo\/image\/","url":"https:\/\/shezamme.com\/wp-content\/uploads\/2023\/02\/0x0.png","contentUrl":"https:\/\/shezamme.com\/wp-content\/uploads\/2023\/02\/0x0.png","width":2000,"height":2000,"caption":"SHEZAMME - Sneakersy, Streetwear i luksusowe marki"},"image":{"@id":"https:\/\/shezamme.com\/#\/schema\/logo\/image\/"},"sameAs":["https:\/\/www.facebook.com\/SHEZAMME\/","https:\/\/x.com\/SHEZAMME","https:\/\/www.instagram.com\/shezamme\/","https:\/\/www.youtube.com\/channel\/UCsTJxi_9fODHdO_1bmJbqvQ","https:\/\/www.tiktok.com\/shezamme.com"]}]}},"brands":[{"id":753,"name":"supreme","slug":"supreme"}],"_links":{"self":[{"href":"https:\/\/shezamme.com\/en\/wp-json\/wp\/v2\/product\/1451","targetHints":{"allow":["GET"]}}],"collection":[{"href":"https:\/\/shezamme.com\/en\/wp-json\/wp\/v2\/product"}],"about":[{"href":"https:\/\/shezamme.com\/en\/wp-json\/wp\/v2\/types\/product"}],"wp:featuredmedia":[{"embeddable":true,"href":"https:\/\/shezamme.com\/en\/wp-json\/wp\/v2\/media\/1477"}],"wp:attachment":[{"href":"https:\/\/shezamme.com\/en\/wp-json\/wp\/v2\/media?parent=1451"}],"wp:term":[{"taxonomy":"pwb-brand","embeddable":true,"href":"https:\/\/shezamme.com\/en\/wp-json\/wp\/v2\/pwb-brand?post=1451"},{"taxonomy":"product_brand","embeddable":true,"href":"https:\/\/shezamme.com\/en\/wp-json\/wp\/v2\/product_brand?post=1451"},{"taxonomy":"product_cat","embeddable":true,"href":"https:\/\/shezamme.com\/en\/wp-json\/wp\/v2\/product_cat?post=1451"},{"taxonomy":"product_tag","embeddable":true,"href":"https:\/\/shezamme.com\/en\/wp-json\/wp\/v2\/product_tag?post=1451"}],"curies":[{"name":"wp","href":"https:\/\/api.w.org\/{rel}","templated":true}]}}