{"id":1447,"date":"2022-07-30T21:13:18","date_gmt":"2022-07-30T19:13:18","guid":{"rendered":"https:\/\/staging1.waw.pl\/?post_type=product&#038;p=1447"},"modified":"2025-09-29T19:10:32","modified_gmt":"2025-09-29T17:10:32","slug":"supreme-chrome-fire","status":"publish","type":"product","link":"https:\/\/shezamme.com\/en\/sklep\/naklejki\/supreme-chrome-fire\/","title":{"rendered":"Supreme Chrome Fire"},"content":{"rendered":"<p>Naklejka Supreme Chrome Fire to jedna z wielu kultowych naklejek oferowanych przez mark\u0119 Supreme. Jest to jedna z bardziej po\u017c\u0105danych naklejek z kolekcji i z pewno\u015bci\u0105 przyci\u0105gnie uwag\u0119 wielu mi\u0142o\u015bnik\u00f3w streetwearu.<\/p>\n<p>Naklejka jest wykonana z wysokiej jako\u015bci folii winylowej, co oznacza, \u017ce jest trwa\u0142a i odporne na wod\u0119 oraz warunki atmosferyczne. Jest w kszta\u0142cie prostok\u0105ta, a na \u015brodku znajduje si\u0119 napis &#8222;Supreme&#8221; w charakterystycznym stylu, z kt\u00f3rego znana jest marka.<\/p>\n<p>Naklejka jest \u0142atwa w u\u017cyciu i mo\u017ce by\u0107 naklejana na r\u00f3\u017cne powierzchnie, takie jak laptop, telefon, samoch\u00f3d czy deska. Jest to doskona\u0142y spos\u00f3b na dodanie stylu i osobowo\u015bci do Twojego codziennego \u017cycia.<\/p>\n<p>Naklejki Supreme zawsze ciesz\u0105 si\u0119 du\u017cym zainteresowaniem, a ta z kolekcji Chrome Fire z pewno\u015bci\u0105 zrobi wra\u017cenie na wszystkich, kt\u00f3rzy j\u0105 zobacz\u0105. Je\u015bli jeste\u015b fanem marki Supreme lub streetwearu w og\u00f3le, to ta naklejka na pewno przypadnie Ci do gustu i stanie si\u0119 wa\u017cnym elementem Twojej kolekcji.<\/p>","protected":false},"excerpt":{"rendered":"<p>Supreme Chrome Fire<br \/>\nW sezonie jesienno-zimowym 2020 Supreme New York wyda\u0142a 2 naklejki z napisem \u201eSUPREME\u201d. Na naklejce znajduj\u0105 si\u0119 r\u00f3wnie\u017c detale przypominaj\u0105ce ogie\u0144 i chrom.<\/p>","protected":false},"featured_media":1475,"template":"","meta":{"_acf_changed":false},"pwb-brand":[753],"product_brand":[],"product_cat":[272],"product_tag":[],"class_list":{"0":"post-1447","1":"product","2":"type-product","3":"status-publish","4":"has-post-thumbnail","6":"pwb-brand-supreme","7":"product_cat-naklejki","9":"first","10":"outofstock","11":"taxable","12":"shipping-taxable","13":"purchasable","14":"product-type-variable","15":"has-default-attributes"},"acf":[],"yoast_head":"<!-- This site is optimized with the Yoast SEO plugin v27.2 - https:\/\/yoast.com\/product\/yoast-seo-wordpress\/ -->\n<title>Supreme Chrome Fire - SHEZAMME<\/title>\n<meta name=\"description\" content=\"Supreme Chrome Fire | Luksusowe i autentyczne przedmioty w jednym miejscu. B\u0105d\u017a na bie\u017c\u0105co i sprawd\u017a nasz\u0105 ofert\u0119 ju\u017c teraz\" \/>\n<meta name=\"robots\" content=\"index, follow, max-snippet:-1, max-image-preview:large, max-video-preview:-1\" \/>\n<link rel=\"canonical\" href=\"https:\/\/shezamme.com\/en\/sklep\/stickers\/supreme-chrome-fire\/\" \/>\n<meta property=\"og:locale\" content=\"en_US\" \/>\n<meta property=\"og:type\" content=\"article\" \/>\n<meta property=\"og:title\" content=\"Supreme Chrome Fire - SHEZAMME\" \/>\n<meta property=\"og:description\" content=\"Supreme Chrome Fire | Luksusowe i autentyczne przedmioty w jednym miejscu. B\u0105d\u017a na bie\u017c\u0105co i sprawd\u017a nasz\u0105 ofert\u0119 ju\u017c teraz\" \/>\n<meta property=\"og:url\" content=\"https:\/\/shezamme.com\/en\/sklep\/stickers\/supreme-chrome-fire\/\" \/>\n<meta property=\"og:site_name\" content=\"SHEZAMME - Yeezy, Jordan, Supreme i inne oryginalne rzeczy\" \/>\n<meta property=\"article:publisher\" content=\"https:\/\/www.facebook.com\/SHEZAMME\/\" \/>\n<meta property=\"article:modified_time\" content=\"2025-09-29T17:10:32+00:00\" \/>\n<meta property=\"og:image\" content=\"https:\/\/shezamme.com\/wp-content\/uploads\/2022\/07\/OrangeFlames_1024x1024@2x.jpg\" \/>\n\t<meta property=\"og:image:width\" content=\"1920\" \/>\n\t<meta property=\"og:image:height\" content=\"1920\" \/>\n\t<meta property=\"og:image:type\" content=\"image\/jpeg\" \/>\n<meta name=\"twitter:card\" content=\"summary_large_image\" \/>\n<meta name=\"twitter:site\" content=\"@SHEZAMME\" \/>\n<meta name=\"twitter:label1\" content=\"Est. reading time\" \/>\n\t<meta name=\"twitter:data1\" content=\"1 minute\" \/>\n<script type=\"application\/ld+json\" class=\"yoast-schema-graph\">{\"@context\":\"https:\/\/schema.org\",\"@graph\":[{\"@type\":\"WebPage\",\"@id\":\"https:\/\/shezamme.com\/sklep\/naklejki\/supreme-chrome-fire\/\",\"url\":\"https:\/\/shezamme.com\/sklep\/naklejki\/supreme-chrome-fire\/\",\"name\":\"Supreme Chrome Fire - SHEZAMME\",\"isPartOf\":{\"@id\":\"https:\/\/shezamme.com\/#website\"},\"primaryImageOfPage\":{\"@id\":\"https:\/\/shezamme.com\/sklep\/naklejki\/supreme-chrome-fire\/#primaryimage\"},\"image\":{\"@id\":\"https:\/\/shezamme.com\/sklep\/naklejki\/supreme-chrome-fire\/#primaryimage\"},\"thumbnailUrl\":\"https:\/\/shezamme.com\/wp-content\/uploads\/2022\/07\/OrangeFlames_1024x1024@2x.jpg\",\"datePublished\":\"2022-07-30T19:13:18+00:00\",\"dateModified\":\"2025-09-29T17:10:32+00:00\",\"description\":\"Supreme Chrome Fire | Luksusowe i autentyczne przedmioty w jednym miejscu. B\u0105d\u017a na bie\u017c\u0105co i sprawd\u017a nasz\u0105 ofert\u0119 ju\u017c teraz\",\"breadcrumb\":{\"@id\":\"https:\/\/shezamme.com\/sklep\/naklejki\/supreme-chrome-fire\/#breadcrumb\"},\"inLanguage\":\"en-US\",\"potentialAction\":[{\"@type\":\"ReadAction\",\"target\":[\"https:\/\/shezamme.com\/sklep\/naklejki\/supreme-chrome-fire\/\"]}]},{\"@type\":\"ImageObject\",\"inLanguage\":\"en-US\",\"@id\":\"https:\/\/shezamme.com\/sklep\/naklejki\/supreme-chrome-fire\/#primaryimage\",\"url\":\"https:\/\/shezamme.com\/wp-content\/uploads\/2022\/07\/OrangeFlames_1024x1024@2x.jpg\",\"contentUrl\":\"https:\/\/shezamme.com\/wp-content\/uploads\/2022\/07\/OrangeFlames_1024x1024@2x.jpg\",\"width\":1920,\"height\":1920,\"caption\":\"Supreme Chrome Fire\"},{\"@type\":\"BreadcrumbList\",\"@id\":\"https:\/\/shezamme.com\/sklep\/naklejki\/supreme-chrome-fire\/#breadcrumb\",\"itemListElement\":[{\"@type\":\"ListItem\",\"position\":1,\"name\":\"Strona g\u0142\u00f3wna\",\"item\":\"https:\/\/shezamme.com\/\"},{\"@type\":\"ListItem\",\"position\":2,\"name\":\"Sklep\",\"item\":\"https:\/\/shezamme.com\/sklep\/\"},{\"@type\":\"ListItem\",\"position\":3,\"name\":\"Supreme Chrome Fire\"}]},{\"@type\":\"WebSite\",\"@id\":\"https:\/\/shezamme.com\/#website\",\"url\":\"https:\/\/shezamme.com\/\",\"name\":\"SHEZAMME - Sneakersy, Streetwear i luksusowe marki\",\"description\":\"Oryginalne i ekskluzywne przedmioty w jednym miejscu. Sprawd\u017a nasze produkty ju\u017c teraz i b\u0105d\u017a na bie\u017c\u0105co z wszystkimi premierami.\",\"publisher\":{\"@id\":\"https:\/\/shezamme.com\/#organization\"},\"potentialAction\":[{\"@type\":\"SearchAction\",\"target\":{\"@type\":\"EntryPoint\",\"urlTemplate\":\"https:\/\/shezamme.com\/?s={search_term_string}\"},\"query-input\":{\"@type\":\"PropertyValueSpecification\",\"valueRequired\":true,\"valueName\":\"search_term_string\"}}],\"inLanguage\":\"en-US\"},{\"@type\":\"Organization\",\"@id\":\"https:\/\/shezamme.com\/#organization\",\"name\":\"SHEZAMME - Sneakersy, Streetwear i luksusowe marki\",\"url\":\"https:\/\/shezamme.com\/\",\"logo\":{\"@type\":\"ImageObject\",\"inLanguage\":\"en-US\",\"@id\":\"https:\/\/shezamme.com\/#\/schema\/logo\/image\/\",\"url\":\"https:\/\/shezamme.com\/wp-content\/uploads\/2023\/02\/0x0.png\",\"contentUrl\":\"https:\/\/shezamme.com\/wp-content\/uploads\/2023\/02\/0x0.png\",\"width\":2000,\"height\":2000,\"caption\":\"SHEZAMME - Sneakersy, Streetwear i luksusowe marki\"},\"image\":{\"@id\":\"https:\/\/shezamme.com\/#\/schema\/logo\/image\/\"},\"sameAs\":[\"https:\/\/www.facebook.com\/SHEZAMME\/\",\"https:\/\/x.com\/SHEZAMME\",\"https:\/\/www.instagram.com\/shezamme\/\",\"https:\/\/www.youtube.com\/channel\/UCsTJxi_9fODHdO_1bmJbqvQ\",\"https:\/\/www.tiktok.com\/shezamme.com\"]}]}<\/script>\n<!-- \/ Yoast SEO plugin. -->","yoast_head_json":{"title":"Supreme Chrome Fire - SHEZAMME","description":"Supreme Chrome Fire | Luksusowe i autentyczne przedmioty w jednym miejscu. B\u0105d\u017a na bie\u017c\u0105co i sprawd\u017a nasz\u0105 ofert\u0119 ju\u017c teraz","robots":{"index":"index","follow":"follow","max-snippet":"max-snippet:-1","max-image-preview":"max-image-preview:large","max-video-preview":"max-video-preview:-1"},"canonical":"https:\/\/shezamme.com\/en\/sklep\/stickers\/supreme-chrome-fire\/","og_locale":"en_US","og_type":"article","og_title":"Supreme Chrome Fire - SHEZAMME","og_description":"Supreme Chrome Fire | Luksusowe i autentyczne przedmioty w jednym miejscu. B\u0105d\u017a na bie\u017c\u0105co i sprawd\u017a nasz\u0105 ofert\u0119 ju\u017c teraz","og_url":"https:\/\/shezamme.com\/en\/sklep\/stickers\/supreme-chrome-fire\/","og_site_name":"SHEZAMME - Yeezy, Jordan, Supreme i inne oryginalne rzeczy","article_publisher":"https:\/\/www.facebook.com\/SHEZAMME\/","article_modified_time":"2025-09-29T17:10:32+00:00","og_image":[{"width":1920,"height":1920,"url":"https:\/\/shezamme.com\/wp-content\/uploads\/2022\/07\/OrangeFlames_1024x1024@2x.jpg","type":"image\/jpeg"}],"twitter_card":"summary_large_image","twitter_site":"@SHEZAMME","twitter_misc":{"Est. reading time":"1 minute"},"schema":{"@context":"https:\/\/schema.org","@graph":[{"@type":"WebPage","@id":"https:\/\/shezamme.com\/sklep\/naklejki\/supreme-chrome-fire\/","url":"https:\/\/shezamme.com\/sklep\/naklejki\/supreme-chrome-fire\/","name":"Supreme Chrome Fire - SHEZAMME","isPartOf":{"@id":"https:\/\/shezamme.com\/#website"},"primaryImageOfPage":{"@id":"https:\/\/shezamme.com\/sklep\/naklejki\/supreme-chrome-fire\/#primaryimage"},"image":{"@id":"https:\/\/shezamme.com\/sklep\/naklejki\/supreme-chrome-fire\/#primaryimage"},"thumbnailUrl":"https:\/\/shezamme.com\/wp-content\/uploads\/2022\/07\/OrangeFlames_1024x1024@2x.jpg","datePublished":"2022-07-30T19:13:18+00:00","dateModified":"2025-09-29T17:10:32+00:00","description":"Supreme Chrome Fire | Luksusowe i autentyczne przedmioty w jednym miejscu. B\u0105d\u017a na bie\u017c\u0105co i sprawd\u017a nasz\u0105 ofert\u0119 ju\u017c teraz","breadcrumb":{"@id":"https:\/\/shezamme.com\/sklep\/naklejki\/supreme-chrome-fire\/#breadcrumb"},"inLanguage":"en-US","potentialAction":[{"@type":"ReadAction","target":["https:\/\/shezamme.com\/sklep\/naklejki\/supreme-chrome-fire\/"]}]},{"@type":"ImageObject","inLanguage":"en-US","@id":"https:\/\/shezamme.com\/sklep\/naklejki\/supreme-chrome-fire\/#primaryimage","url":"https:\/\/shezamme.com\/wp-content\/uploads\/2022\/07\/OrangeFlames_1024x1024@2x.jpg","contentUrl":"https:\/\/shezamme.com\/wp-content\/uploads\/2022\/07\/OrangeFlames_1024x1024@2x.jpg","width":1920,"height":1920,"caption":"Supreme Chrome Fire"},{"@type":"BreadcrumbList","@id":"https:\/\/shezamme.com\/sklep\/naklejki\/supreme-chrome-fire\/#breadcrumb","itemListElement":[{"@type":"ListItem","position":1,"name":"Strona g\u0142\u00f3wna","item":"https:\/\/shezamme.com\/"},{"@type":"ListItem","position":2,"name":"Sklep","item":"https:\/\/shezamme.com\/sklep\/"},{"@type":"ListItem","position":3,"name":"Supreme Chrome Fire"}]},{"@type":"WebSite","@id":"https:\/\/shezamme.com\/#website","url":"https:\/\/shezamme.com\/","name":"SHEZAMME - Sneakers, Streetwear and luxury brands","description":"Original and exclusive items in one place. Check out our products now and stay up to date with all launches.","publisher":{"@id":"https:\/\/shezamme.com\/#organization"},"potentialAction":[{"@type":"SearchAction","target":{"@type":"EntryPoint","urlTemplate":"https:\/\/shezamme.com\/?s={search_term_string}"},"query-input":{"@type":"PropertyValueSpecification","valueRequired":true,"valueName":"search_term_string"}}],"inLanguage":"en-US"},{"@type":"Organization","@id":"https:\/\/shezamme.com\/#organization","name":"SHEZAMME - Sneakers, Streetwear and luxury brands","url":"https:\/\/shezamme.com\/","logo":{"@type":"ImageObject","inLanguage":"en-US","@id":"https:\/\/shezamme.com\/#\/schema\/logo\/image\/","url":"https:\/\/shezamme.com\/wp-content\/uploads\/2023\/02\/0x0.png","contentUrl":"https:\/\/shezamme.com\/wp-content\/uploads\/2023\/02\/0x0.png","width":2000,"height":2000,"caption":"SHEZAMME - Sneakersy, Streetwear i luksusowe marki"},"image":{"@id":"https:\/\/shezamme.com\/#\/schema\/logo\/image\/"},"sameAs":["https:\/\/www.facebook.com\/SHEZAMME\/","https:\/\/x.com\/SHEZAMME","https:\/\/www.instagram.com\/shezamme\/","https:\/\/www.youtube.com\/channel\/UCsTJxi_9fODHdO_1bmJbqvQ","https:\/\/www.tiktok.com\/shezamme.com"]}]}},"brands":[{"id":753,"name":"supreme","slug":"supreme"}],"_links":{"self":[{"href":"https:\/\/shezamme.com\/en\/wp-json\/wp\/v2\/product\/1447","targetHints":{"allow":["GET"]}}],"collection":[{"href":"https:\/\/shezamme.com\/en\/wp-json\/wp\/v2\/product"}],"about":[{"href":"https:\/\/shezamme.com\/en\/wp-json\/wp\/v2\/types\/product"}],"wp:featuredmedia":[{"embeddable":true,"href":"https:\/\/shezamme.com\/en\/wp-json\/wp\/v2\/media\/1475"}],"wp:attachment":[{"href":"https:\/\/shezamme.com\/en\/wp-json\/wp\/v2\/media?parent=1447"}],"wp:term":[{"taxonomy":"pwb-brand","embeddable":true,"href":"https:\/\/shezamme.com\/en\/wp-json\/wp\/v2\/pwb-brand?post=1447"},{"taxonomy":"product_brand","embeddable":true,"href":"https:\/\/shezamme.com\/en\/wp-json\/wp\/v2\/product_brand?post=1447"},{"taxonomy":"product_cat","embeddable":true,"href":"https:\/\/shezamme.com\/en\/wp-json\/wp\/v2\/product_cat?post=1447"},{"taxonomy":"product_tag","embeddable":true,"href":"https:\/\/shezamme.com\/en\/wp-json\/wp\/v2\/product_tag?post=1447"}],"curies":[{"name":"wp","href":"https:\/\/api.w.org\/{rel}","templated":true}]}}