{"id":1418,"date":"2022-07-30T21:12:59","date_gmt":"2022-07-30T19:12:59","guid":{"rendered":"https:\/\/staging1.waw.pl\/?post_type=product&#038;p=1418"},"modified":"2024-08-09T06:20:10","modified_gmt":"2024-08-09T04:20:10","slug":"supreme-im-not-sorry-mini","status":"publish","type":"product","link":"https:\/\/shezamme.com\/en\/sklep\/naklejki\/supreme-im-not-sorry-mini\/","title":{"rendered":"Supreme I&#8217;m Not Sorry Mini"},"content":{"rendered":"<p>Naklejki z logiem Supreme zyska\u0142y du\u017c\u0105 popularno\u015b\u0107 w \u015bwiecie streetwearu i sta\u0142y si\u0119 jednym z najbardziej rozpoznawalnych akcesori\u00f3w marki. Naklejka Supreme I&#8217;m Not Sorry Mini to jedna z ciekawszych propozycji dla mi\u0142o\u015bnik\u00f3w stylu urban.<\/p>\n<p>Ta niewielka, ale bardzo efektowna naklejka wykonana jest z wysokiej jako\u015bci winylu i zosta\u0142a zaprojektowana w minimalistycznym stylu, charakterystycznym dla marki Supreme. W centralnej cz\u0119\u015bci naklejki znajduje si\u0119 napis &#8222;I&#8217;m Not Sorry&#8221; w kolorze czerwonym, umieszczony na bia\u0142ym tle. Nad napisem widnieje kultowe logo &#8222;Supreme&#8221; w bia\u0142ym kolorze na czerwonym tle, kt\u00f3re od razu kojarzy si\u0119 z t\u0105 cenion\u0105 mark\u0105.<\/p>\n<p>Naklejka Supreme I&#8217;m Not Sorry Mini mo\u017ce by\u0107 wykorzystana w wielu r\u00f3\u017cnych spos\u00f3b, idealnie pasuje na r\u00f3\u017cnego rodzaju gad\u017cety, takie jak telefony, laptopy, kurtki, plecaki, deskorolki i wiele innych. Z \u0142atwo\u015bci\u0105 mo\u017cna j\u0105 naklei\u0107 na g\u0142adkie powierzchnie, dzi\u0119ki czemu bez trudu mo\u017cna zindywidualizowa\u0107 sw\u00f3j ulubiony przedmiot i doda\u0107 mu odrobin\u0119 stylu.<\/p>\n<p>Naklejka Supreme I&#8217;m Not Sorry Mini to idealny dodatek dla mi\u0142o\u015bnik\u00f3w streetwearu, kt\u00f3rzy ceni\u0105 sobie oryginalno\u015b\u0107 i chc\u0105 wyr\u00f3\u017cni\u0107 si\u0119 z t\u0142umu. To r\u00f3wnie\u017c doskona\u0142y wyb\u00f3r dla kolekcjoner\u00f3w akcesori\u00f3w marki Supreme, kt\u00f3rzy szukaj\u0105 unikalnych produkt\u00f3w do swojej kolekcji. Je\u015bli chcesz doda\u0107 swojemu stylowi odrobin\u0119 charakteru, warto zainwestowa\u0107 w naklejk\u0119 Supreme I&#8217;m Not Sorry Mini.<\/p>","protected":false},"excerpt":{"rendered":"<p>Supreme Group left naklejka<br \/>\nW sezonie jesienno-zimowym 2018 Supreme New York wypu\u015bci\u0142o naklejk\u0119 z grup\u0105 3 podpisuj\u0105cych si\u0119 pa\u0144. Ta naklejka powsta\u0142a we wsp\u00f3\u0142pracy z Taboo!<\/p>","protected":false},"featured_media":1438,"template":"","meta":{"_acf_changed":false},"pwb-brand":[753],"product_brand":[],"product_cat":[272],"product_tag":[],"class_list":{"0":"post-1418","1":"product","2":"type-product","3":"status-publish","4":"has-post-thumbnail","6":"pwb-brand-supreme","7":"product_cat-naklejki","9":"first","10":"instock","11":"taxable","12":"shipping-taxable","13":"purchasable","14":"product-type-variable","15":"has-default-attributes"},"acf":[],"yoast_head":"<!-- This site is optimized with the Yoast SEO plugin v27.2 - https:\/\/yoast.com\/product\/yoast-seo-wordpress\/ -->\n<title>Supreme I&#039;m Not Sorry Mini - SHEZAMME<\/title>\n<meta name=\"description\" content=\"Supreme I&#039;m Not Sorry Mini | Luksusowe i autentyczne przedmioty w jednym miejscu. B\u0105d\u017a na bie\u017c\u0105co i sprawd\u017a nasz\u0105 ofert\u0119 ju\u017c teraz\" \/>\n<meta name=\"robots\" content=\"index, follow, max-snippet:-1, max-image-preview:large, max-video-preview:-1\" \/>\n<link rel=\"canonical\" href=\"https:\/\/shezamme.com\/en\/sklep\/stickers\/supreme-im-not-sorry-mini\/\" \/>\n<meta property=\"og:locale\" content=\"en_US\" \/>\n<meta property=\"og:type\" content=\"article\" \/>\n<meta property=\"og:title\" content=\"Supreme I&#039;m Not Sorry Mini - SHEZAMME\" \/>\n<meta property=\"og:description\" content=\"Supreme I&#039;m Not Sorry Mini | Luksusowe i autentyczne przedmioty w jednym miejscu. B\u0105d\u017a na bie\u017c\u0105co i sprawd\u017a nasz\u0105 ofert\u0119 ju\u017c teraz\" \/>\n<meta property=\"og:url\" content=\"https:\/\/shezamme.com\/en\/sklep\/stickers\/supreme-im-not-sorry-mini\/\" \/>\n<meta property=\"og:site_name\" content=\"SHEZAMME - Yeezy, Jordan, Supreme i inne oryginalne rzeczy\" \/>\n<meta property=\"article:publisher\" content=\"https:\/\/www.facebook.com\/SHEZAMME\/\" \/>\n<meta property=\"article:modified_time\" content=\"2024-08-09T04:20:10+00:00\" \/>\n<meta property=\"og:image\" content=\"https:\/\/shezamme.com\/wp-content\/uploads\/2022\/07\/5240-img-0311.jpg\" \/>\n\t<meta property=\"og:image:width\" content=\"1419\" \/>\n\t<meta property=\"og:image:height\" content=\"1174\" \/>\n\t<meta property=\"og:image:type\" content=\"image\/jpeg\" \/>\n<meta name=\"twitter:card\" content=\"summary_large_image\" \/>\n<meta name=\"twitter:site\" content=\"@SHEZAMME\" \/>\n<meta name=\"twitter:label1\" content=\"Est. reading time\" \/>\n\t<meta name=\"twitter:data1\" content=\"1 minute\" \/>\n<script type=\"application\/ld+json\" class=\"yoast-schema-graph\">{\"@context\":\"https:\/\/schema.org\",\"@graph\":[{\"@type\":\"WebPage\",\"@id\":\"https:\/\/shezamme.com\/sklep\/naklejki\/supreme-im-not-sorry-mini\/\",\"url\":\"https:\/\/shezamme.com\/sklep\/naklejki\/supreme-im-not-sorry-mini\/\",\"name\":\"Supreme I'm Not Sorry Mini - SHEZAMME\",\"isPartOf\":{\"@id\":\"https:\/\/shezamme.com\/#website\"},\"primaryImageOfPage\":{\"@id\":\"https:\/\/shezamme.com\/sklep\/naklejki\/supreme-im-not-sorry-mini\/#primaryimage\"},\"image\":{\"@id\":\"https:\/\/shezamme.com\/sklep\/naklejki\/supreme-im-not-sorry-mini\/#primaryimage\"},\"thumbnailUrl\":\"https:\/\/shezamme.com\/wp-content\/uploads\/2022\/07\/5240-img-0311.jpg\",\"datePublished\":\"2022-07-30T19:12:59+00:00\",\"dateModified\":\"2024-08-09T04:20:10+00:00\",\"description\":\"Supreme I'm Not Sorry Mini | Luksusowe i autentyczne przedmioty w jednym miejscu. B\u0105d\u017a na bie\u017c\u0105co i sprawd\u017a nasz\u0105 ofert\u0119 ju\u017c teraz\",\"breadcrumb\":{\"@id\":\"https:\/\/shezamme.com\/sklep\/naklejki\/supreme-im-not-sorry-mini\/#breadcrumb\"},\"inLanguage\":\"en-US\",\"potentialAction\":[{\"@type\":\"ReadAction\",\"target\":[\"https:\/\/shezamme.com\/sklep\/naklejki\/supreme-im-not-sorry-mini\/\"]}]},{\"@type\":\"ImageObject\",\"inLanguage\":\"en-US\",\"@id\":\"https:\/\/shezamme.com\/sklep\/naklejki\/supreme-im-not-sorry-mini\/#primaryimage\",\"url\":\"https:\/\/shezamme.com\/wp-content\/uploads\/2022\/07\/5240-img-0311.jpg\",\"contentUrl\":\"https:\/\/shezamme.com\/wp-content\/uploads\/2022\/07\/5240-img-0311.jpg\",\"width\":1419,\"height\":1174,\"caption\":\"Supreme I&#8217;m Not Sorry Mini\"},{\"@type\":\"BreadcrumbList\",\"@id\":\"https:\/\/shezamme.com\/sklep\/naklejki\/supreme-im-not-sorry-mini\/#breadcrumb\",\"itemListElement\":[{\"@type\":\"ListItem\",\"position\":1,\"name\":\"Strona g\u0142\u00f3wna\",\"item\":\"https:\/\/shezamme.com\/\"},{\"@type\":\"ListItem\",\"position\":2,\"name\":\"Sklep\",\"item\":\"https:\/\/shezamme.com\/sklep\/\"},{\"@type\":\"ListItem\",\"position\":3,\"name\":\"Supreme I&#8217;m Not Sorry Mini\"}]},{\"@type\":\"WebSite\",\"@id\":\"https:\/\/shezamme.com\/#website\",\"url\":\"https:\/\/shezamme.com\/\",\"name\":\"SHEZAMME - Sneakersy, Streetwear i luksusowe marki\",\"description\":\"Oryginalne i ekskluzywne przedmioty w jednym miejscu. Sprawd\u017a nasze produkty ju\u017c teraz i b\u0105d\u017a na bie\u017c\u0105co z wszystkimi premierami.\",\"publisher\":{\"@id\":\"https:\/\/shezamme.com\/#organization\"},\"potentialAction\":[{\"@type\":\"SearchAction\",\"target\":{\"@type\":\"EntryPoint\",\"urlTemplate\":\"https:\/\/shezamme.com\/?s={search_term_string}\"},\"query-input\":{\"@type\":\"PropertyValueSpecification\",\"valueRequired\":true,\"valueName\":\"search_term_string\"}}],\"inLanguage\":\"en-US\"},{\"@type\":\"Organization\",\"@id\":\"https:\/\/shezamme.com\/#organization\",\"name\":\"SHEZAMME - Sneakersy, Streetwear i luksusowe marki\",\"url\":\"https:\/\/shezamme.com\/\",\"logo\":{\"@type\":\"ImageObject\",\"inLanguage\":\"en-US\",\"@id\":\"https:\/\/shezamme.com\/#\/schema\/logo\/image\/\",\"url\":\"https:\/\/shezamme.com\/wp-content\/uploads\/2023\/02\/0x0.png\",\"contentUrl\":\"https:\/\/shezamme.com\/wp-content\/uploads\/2023\/02\/0x0.png\",\"width\":2000,\"height\":2000,\"caption\":\"SHEZAMME - Sneakersy, Streetwear i luksusowe marki\"},\"image\":{\"@id\":\"https:\/\/shezamme.com\/#\/schema\/logo\/image\/\"},\"sameAs\":[\"https:\/\/www.facebook.com\/SHEZAMME\/\",\"https:\/\/x.com\/SHEZAMME\",\"https:\/\/www.instagram.com\/shezamme\/\",\"https:\/\/www.youtube.com\/channel\/UCsTJxi_9fODHdO_1bmJbqvQ\",\"https:\/\/www.tiktok.com\/shezamme.com\"]}]}<\/script>\n<!-- \/ Yoast SEO plugin. -->","yoast_head_json":{"title":"Supreme I'm Not Sorry Mini - SHEZAMME","description":"Supreme I'm Not Sorry Mini | Luksusowe i autentyczne przedmioty w jednym miejscu. B\u0105d\u017a na bie\u017c\u0105co i sprawd\u017a nasz\u0105 ofert\u0119 ju\u017c teraz","robots":{"index":"index","follow":"follow","max-snippet":"max-snippet:-1","max-image-preview":"max-image-preview:large","max-video-preview":"max-video-preview:-1"},"canonical":"https:\/\/shezamme.com\/en\/sklep\/stickers\/supreme-im-not-sorry-mini\/","og_locale":"en_US","og_type":"article","og_title":"Supreme I'm Not Sorry Mini - SHEZAMME","og_description":"Supreme I'm Not Sorry Mini | Luksusowe i autentyczne przedmioty w jednym miejscu. B\u0105d\u017a na bie\u017c\u0105co i sprawd\u017a nasz\u0105 ofert\u0119 ju\u017c teraz","og_url":"https:\/\/shezamme.com\/en\/sklep\/stickers\/supreme-im-not-sorry-mini\/","og_site_name":"SHEZAMME - Yeezy, Jordan, Supreme i inne oryginalne rzeczy","article_publisher":"https:\/\/www.facebook.com\/SHEZAMME\/","article_modified_time":"2024-08-09T04:20:10+00:00","og_image":[{"width":1419,"height":1174,"url":"https:\/\/shezamme.com\/wp-content\/uploads\/2022\/07\/5240-img-0311.jpg","type":"image\/jpeg"}],"twitter_card":"summary_large_image","twitter_site":"@SHEZAMME","twitter_misc":{"Est. reading time":"1 minute"},"schema":{"@context":"https:\/\/schema.org","@graph":[{"@type":"WebPage","@id":"https:\/\/shezamme.com\/sklep\/naklejki\/supreme-im-not-sorry-mini\/","url":"https:\/\/shezamme.com\/sklep\/naklejki\/supreme-im-not-sorry-mini\/","name":"Supreme I'm Not Sorry Mini - SHEZAMME","isPartOf":{"@id":"https:\/\/shezamme.com\/#website"},"primaryImageOfPage":{"@id":"https:\/\/shezamme.com\/sklep\/naklejki\/supreme-im-not-sorry-mini\/#primaryimage"},"image":{"@id":"https:\/\/shezamme.com\/sklep\/naklejki\/supreme-im-not-sorry-mini\/#primaryimage"},"thumbnailUrl":"https:\/\/shezamme.com\/wp-content\/uploads\/2022\/07\/5240-img-0311.jpg","datePublished":"2022-07-30T19:12:59+00:00","dateModified":"2024-08-09T04:20:10+00:00","description":"Supreme I'm Not Sorry Mini | Luksusowe i autentyczne przedmioty w jednym miejscu. B\u0105d\u017a na bie\u017c\u0105co i sprawd\u017a nasz\u0105 ofert\u0119 ju\u017c teraz","breadcrumb":{"@id":"https:\/\/shezamme.com\/sklep\/naklejki\/supreme-im-not-sorry-mini\/#breadcrumb"},"inLanguage":"en-US","potentialAction":[{"@type":"ReadAction","target":["https:\/\/shezamme.com\/sklep\/naklejki\/supreme-im-not-sorry-mini\/"]}]},{"@type":"ImageObject","inLanguage":"en-US","@id":"https:\/\/shezamme.com\/sklep\/naklejki\/supreme-im-not-sorry-mini\/#primaryimage","url":"https:\/\/shezamme.com\/wp-content\/uploads\/2022\/07\/5240-img-0311.jpg","contentUrl":"https:\/\/shezamme.com\/wp-content\/uploads\/2022\/07\/5240-img-0311.jpg","width":1419,"height":1174,"caption":"Supreme I&#8217;m Not Sorry Mini"},{"@type":"BreadcrumbList","@id":"https:\/\/shezamme.com\/sklep\/naklejki\/supreme-im-not-sorry-mini\/#breadcrumb","itemListElement":[{"@type":"ListItem","position":1,"name":"Strona g\u0142\u00f3wna","item":"https:\/\/shezamme.com\/"},{"@type":"ListItem","position":2,"name":"Sklep","item":"https:\/\/shezamme.com\/sklep\/"},{"@type":"ListItem","position":3,"name":"Supreme I&#8217;m Not Sorry Mini"}]},{"@type":"WebSite","@id":"https:\/\/shezamme.com\/#website","url":"https:\/\/shezamme.com\/","name":"SHEZAMME - Sneakers, Streetwear and luxury brands","description":"Original and exclusive items in one place. Check out our products now and stay up to date with all launches.","publisher":{"@id":"https:\/\/shezamme.com\/#organization"},"potentialAction":[{"@type":"SearchAction","target":{"@type":"EntryPoint","urlTemplate":"https:\/\/shezamme.com\/?s={search_term_string}"},"query-input":{"@type":"PropertyValueSpecification","valueRequired":true,"valueName":"search_term_string"}}],"inLanguage":"en-US"},{"@type":"Organization","@id":"https:\/\/shezamme.com\/#organization","name":"SHEZAMME - Sneakers, Streetwear and luxury brands","url":"https:\/\/shezamme.com\/","logo":{"@type":"ImageObject","inLanguage":"en-US","@id":"https:\/\/shezamme.com\/#\/schema\/logo\/image\/","url":"https:\/\/shezamme.com\/wp-content\/uploads\/2023\/02\/0x0.png","contentUrl":"https:\/\/shezamme.com\/wp-content\/uploads\/2023\/02\/0x0.png","width":2000,"height":2000,"caption":"SHEZAMME - Sneakersy, Streetwear i luksusowe marki"},"image":{"@id":"https:\/\/shezamme.com\/#\/schema\/logo\/image\/"},"sameAs":["https:\/\/www.facebook.com\/SHEZAMME\/","https:\/\/x.com\/SHEZAMME","https:\/\/www.instagram.com\/shezamme\/","https:\/\/www.youtube.com\/channel\/UCsTJxi_9fODHdO_1bmJbqvQ","https:\/\/www.tiktok.com\/shezamme.com"]}]}},"brands":[{"id":753,"name":"supreme","slug":"supreme"}],"_links":{"self":[{"href":"https:\/\/shezamme.com\/en\/wp-json\/wp\/v2\/product\/1418","targetHints":{"allow":["GET"]}}],"collection":[{"href":"https:\/\/shezamme.com\/en\/wp-json\/wp\/v2\/product"}],"about":[{"href":"https:\/\/shezamme.com\/en\/wp-json\/wp\/v2\/types\/product"}],"wp:featuredmedia":[{"embeddable":true,"href":"https:\/\/shezamme.com\/en\/wp-json\/wp\/v2\/media\/1438"}],"wp:attachment":[{"href":"https:\/\/shezamme.com\/en\/wp-json\/wp\/v2\/media?parent=1418"}],"wp:term":[{"taxonomy":"pwb-brand","embeddable":true,"href":"https:\/\/shezamme.com\/en\/wp-json\/wp\/v2\/pwb-brand?post=1418"},{"taxonomy":"product_brand","embeddable":true,"href":"https:\/\/shezamme.com\/en\/wp-json\/wp\/v2\/product_brand?post=1418"},{"taxonomy":"product_cat","embeddable":true,"href":"https:\/\/shezamme.com\/en\/wp-json\/wp\/v2\/product_cat?post=1418"},{"taxonomy":"product_tag","embeddable":true,"href":"https:\/\/shezamme.com\/en\/wp-json\/wp\/v2\/product_tag?post=1418"}],"curies":[{"name":"wp","href":"https:\/\/api.w.org\/{rel}","templated":true}]}}