{"id":1414,"date":"2022-07-30T21:12:59","date_gmt":"2022-07-30T19:12:59","guid":{"rendered":"https:\/\/staging1.waw.pl\/?post_type=product&#038;p=1414"},"modified":"2024-08-09T06:20:35","modified_gmt":"2024-08-09T04:20:35","slug":"supreme-group-left","status":"publish","type":"product","link":"https:\/\/shezamme.com\/en\/sklep\/naklejki\/supreme-group-left\/","title":{"rendered":"Supreme Group left"},"content":{"rendered":"<p>Naklejki Supreme Group to jeden z popularnych produkt\u00f3w tej marki, kt\u00f3re ciesz\u0105 si\u0119 ogromn\u0105 popularno\u015bci\u0105 w\u015br\u00f3d fan\u00f3w streetwearu. Ta konkretna naklejka, oznaczona jako &#8222;Group Left&#8221;, przedstawia logo marki Supreme w kolorze bia\u0142ym na tle klasycznej czerwonej skrzynki.<\/p>\n<p>Naklejki Supreme Group Left s\u0105 wykonane z wytrzyma\u0142ego materia\u0142u, kt\u00f3ry gwarantuje, \u017ce naklejka b\u0119dzie trwa\u0142a i odporna na warunki atmosferyczne, co umo\u017cliwia jej u\u017cytkowanie na zewn\u0105trz. Naklejka ma wymiary 2,5 cala na 1 cal, dzi\u0119ki czemu doskonale nadaje si\u0119 do dekoracji telefon\u00f3w kom\u00f3rkowych, laptop\u00f3w, tablet\u00f3w, samochod\u00f3w i innych przedmiot\u00f3w.<\/p>\n<p>Naklejki Supreme Group to znakomity spos\u00f3b na wyra\u017cenie swojego stylu i przynale\u017cno\u015bci do subkultury streetwear. Dzi\u0119ki temu, \u017ce naklejki s\u0105 produkowane w limitowanej ilo\u015bci i dost\u0119pne tylko w okre\u015blonym czasie, ich posiadanie jest dla wielu os\u00f3b presti\u017cowe i daje poczucie wyj\u0105tkowo\u015bci.<\/p>\n<p>Je\u015bli szukasz wyj\u0105tkowej naklejki, kt\u00f3ra wyr\u00f3\u017cni Tw\u00f3j styl, a jednocze\u015bnie wyrazi Twoj\u0105 mi\u0142o\u015b\u0107 do marki Supreme, to naklejka Supreme Group Left jest doskona\u0142ym wyborem. Dodaj j\u0105 do swojej kolekcji i ciesz si\u0119 jej pi\u0119knym wygl\u0105dem i wysok\u0105 jako\u015bci\u0105 przez wiele lat.<\/p>","protected":false},"excerpt":{"rendered":"<p>Supreme Group left naklejka<br \/>\nW sezonie jesienno-zimowym 2018 Supreme New York wypu\u015bci\u0142o naklejk\u0119 z grup\u0105 3 podpisuj\u0105cych si\u0119 pa\u0144. Ta naklejka powsta\u0142a we wsp\u00f3\u0142pracy z Taboo!<\/p>","protected":false},"featured_media":1436,"template":"","meta":{"_acf_changed":false,"_yoast_wpseo_focuskw":"Supreme Group left","_yoast_wpseo_title":"","_yoast_wpseo_metadesc":""},"pwb-brand":[753],"product_brand":[],"product_cat":[272],"product_tag":[],"class_list":{"0":"post-1414","1":"product","2":"type-product","3":"status-publish","4":"has-post-thumbnail","6":"pwb-brand-supreme","7":"product_cat-naklejki","9":"first","10":"instock","11":"taxable","12":"shipping-taxable","13":"purchasable","14":"product-type-variable","15":"has-default-attributes"},"acf":[],"yoast_head":"<!-- This site is optimized with the Yoast SEO plugin v27.3 - https:\/\/yoast.com\/product\/yoast-seo-wordpress\/ -->\n<title>Supreme Group left - SHEZAMME<\/title>\n<meta name=\"description\" content=\"Supreme Group left | Luksusowe i autentyczne przedmioty w jednym miejscu. B\u0105d\u017a na bie\u017c\u0105co i sprawd\u017a nasz\u0105 ofert\u0119 ju\u017c teraz\" \/>\n<meta name=\"robots\" content=\"index, follow, max-snippet:-1, max-image-preview:large, max-video-preview:-1\" \/>\n<link rel=\"canonical\" href=\"https:\/\/shezamme.com\/en\/sklep\/stickers\/supreme-group-left\/\" \/>\n<meta property=\"og:locale\" content=\"en_US\" \/>\n<meta property=\"og:type\" content=\"article\" \/>\n<meta property=\"og:title\" content=\"Supreme Group left - SHEZAMME\" \/>\n<meta property=\"og:description\" content=\"Supreme Group left | Luksusowe i autentyczne przedmioty w jednym miejscu. B\u0105d\u017a na bie\u017c\u0105co i sprawd\u017a nasz\u0105 ofert\u0119 ju\u017c teraz\" \/>\n<meta property=\"og:url\" content=\"https:\/\/shezamme.com\/en\/sklep\/stickers\/supreme-group-left\/\" \/>\n<meta property=\"og:site_name\" content=\"SHEZAMME - Yeezy, Jordan, Supreme i inne oryginalne rzeczy\" \/>\n<meta property=\"article:publisher\" content=\"https:\/\/www.facebook.com\/SHEZAMME\/\" \/>\n<meta property=\"article:modified_time\" content=\"2024-08-09T04:20:35+00:00\" \/>\n<meta property=\"og:image\" content=\"https:\/\/shezamme.com\/wp-content\/uploads\/2022\/07\/5248-img-0313-1.jpg\" \/>\n\t<meta property=\"og:image:width\" content=\"1005\" \/>\n\t<meta property=\"og:image:height\" content=\"1262\" \/>\n\t<meta property=\"og:image:type\" content=\"image\/jpeg\" \/>\n<meta name=\"twitter:card\" content=\"summary_large_image\" \/>\n<meta name=\"twitter:site\" content=\"@SHEZAMME\" \/>\n<meta name=\"twitter:label1\" content=\"Est. reading time\" \/>\n\t<meta name=\"twitter:data1\" content=\"1 minute\" \/>\n<script type=\"application\/ld+json\" class=\"yoast-schema-graph\">{\"@context\":\"https:\\\/\\\/schema.org\",\"@graph\":[{\"@type\":\"WebPage\",\"@id\":\"https:\\\/\\\/shezamme.com\\\/sklep\\\/naklejki\\\/supreme-group-left\\\/\",\"url\":\"https:\\\/\\\/shezamme.com\\\/sklep\\\/naklejki\\\/supreme-group-left\\\/\",\"name\":\"Supreme Group left - SHEZAMME\",\"isPartOf\":{\"@id\":\"https:\\\/\\\/shezamme.com\\\/#website\"},\"primaryImageOfPage\":{\"@id\":\"https:\\\/\\\/shezamme.com\\\/sklep\\\/naklejki\\\/supreme-group-left\\\/#primaryimage\"},\"image\":{\"@id\":\"https:\\\/\\\/shezamme.com\\\/sklep\\\/naklejki\\\/supreme-group-left\\\/#primaryimage\"},\"thumbnailUrl\":\"https:\\\/\\\/shezamme.com\\\/wp-content\\\/uploads\\\/2022\\\/07\\\/5248-img-0313-1.jpg\",\"datePublished\":\"2022-07-30T19:12:59+00:00\",\"dateModified\":\"2024-08-09T04:20:35+00:00\",\"description\":\"Supreme Group left | Luksusowe i autentyczne przedmioty w jednym miejscu. B\u0105d\u017a na bie\u017c\u0105co i sprawd\u017a nasz\u0105 ofert\u0119 ju\u017c teraz\",\"breadcrumb\":{\"@id\":\"https:\\\/\\\/shezamme.com\\\/sklep\\\/naklejki\\\/supreme-group-left\\\/#breadcrumb\"},\"inLanguage\":\"en-US\",\"potentialAction\":[{\"@type\":\"ReadAction\",\"target\":[\"https:\\\/\\\/shezamme.com\\\/sklep\\\/naklejki\\\/supreme-group-left\\\/\"]}]},{\"@type\":\"ImageObject\",\"inLanguage\":\"en-US\",\"@id\":\"https:\\\/\\\/shezamme.com\\\/sklep\\\/naklejki\\\/supreme-group-left\\\/#primaryimage\",\"url\":\"https:\\\/\\\/shezamme.com\\\/wp-content\\\/uploads\\\/2022\\\/07\\\/5248-img-0313-1.jpg\",\"contentUrl\":\"https:\\\/\\\/shezamme.com\\\/wp-content\\\/uploads\\\/2022\\\/07\\\/5248-img-0313-1.jpg\",\"width\":1005,\"height\":1262,\"caption\":\"Supreme Group left\"},{\"@type\":\"BreadcrumbList\",\"@id\":\"https:\\\/\\\/shezamme.com\\\/sklep\\\/naklejki\\\/supreme-group-left\\\/#breadcrumb\",\"itemListElement\":[{\"@type\":\"ListItem\",\"position\":1,\"name\":\"Strona g\u0142\u00f3wna\",\"item\":\"https:\\\/\\\/shezamme.com\\\/\"},{\"@type\":\"ListItem\",\"position\":2,\"name\":\"Sklep\",\"item\":\"https:\\\/\\\/shezamme.com\\\/en\\\/sklep\\\/\"},{\"@type\":\"ListItem\",\"position\":3,\"name\":\"Supreme Group left\"}]},{\"@type\":\"WebSite\",\"@id\":\"https:\\\/\\\/shezamme.com\\\/#website\",\"url\":\"https:\\\/\\\/shezamme.com\\\/\",\"name\":\"SHEZAMME - Sneakersy, Streetwear i luksusowe marki\",\"description\":\"Oryginalne i ekskluzywne przedmioty w jednym miejscu. Sprawd\u017a nasze produkty ju\u017c teraz i b\u0105d\u017a na bie\u017c\u0105co z wszystkimi premierami.\",\"publisher\":{\"@id\":\"https:\\\/\\\/shezamme.com\\\/#organization\"},\"potentialAction\":[{\"@type\":\"SearchAction\",\"target\":{\"@type\":\"EntryPoint\",\"urlTemplate\":\"https:\\\/\\\/shezamme.com\\\/?s={search_term_string}\"},\"query-input\":{\"@type\":\"PropertyValueSpecification\",\"valueRequired\":true,\"valueName\":\"search_term_string\"}}],\"inLanguage\":\"en-US\"},{\"@type\":\"Organization\",\"@id\":\"https:\\\/\\\/shezamme.com\\\/#organization\",\"name\":\"SHEZAMME - Sneakersy, Streetwear i luksusowe marki\",\"url\":\"https:\\\/\\\/shezamme.com\\\/\",\"logo\":{\"@type\":\"ImageObject\",\"inLanguage\":\"en-US\",\"@id\":\"https:\\\/\\\/shezamme.com\\\/#\\\/schema\\\/logo\\\/image\\\/\",\"url\":\"https:\\\/\\\/shezamme.com\\\/wp-content\\\/uploads\\\/2023\\\/02\\\/0x0.png\",\"contentUrl\":\"https:\\\/\\\/shezamme.com\\\/wp-content\\\/uploads\\\/2023\\\/02\\\/0x0.png\",\"width\":2000,\"height\":2000,\"caption\":\"SHEZAMME - Sneakersy, Streetwear i luksusowe marki\"},\"image\":{\"@id\":\"https:\\\/\\\/shezamme.com\\\/#\\\/schema\\\/logo\\\/image\\\/\"},\"sameAs\":[\"https:\\\/\\\/www.facebook.com\\\/SHEZAMME\\\/\",\"https:\\\/\\\/x.com\\\/SHEZAMME\",\"https:\\\/\\\/www.instagram.com\\\/shezamme\\\/\",\"https:\\\/\\\/www.youtube.com\\\/channel\\\/UCsTJxi_9fODHdO_1bmJbqvQ\",\"https:\\\/\\\/www.tiktok.com\\\/shezamme.com\"]}]}<\/script>\n<!-- \/ Yoast SEO plugin. -->","yoast_head_json":{"title":"Supreme Group left - SHEZAMME","description":"Supreme Group left | Luksusowe i autentyczne przedmioty w jednym miejscu. B\u0105d\u017a na bie\u017c\u0105co i sprawd\u017a nasz\u0105 ofert\u0119 ju\u017c teraz","robots":{"index":"index","follow":"follow","max-snippet":"max-snippet:-1","max-image-preview":"max-image-preview:large","max-video-preview":"max-video-preview:-1"},"canonical":"https:\/\/shezamme.com\/en\/sklep\/stickers\/supreme-group-left\/","og_locale":"en_US","og_type":"article","og_title":"Supreme Group left - SHEZAMME","og_description":"Supreme Group left | Luksusowe i autentyczne przedmioty w jednym miejscu. B\u0105d\u017a na bie\u017c\u0105co i sprawd\u017a nasz\u0105 ofert\u0119 ju\u017c teraz","og_url":"https:\/\/shezamme.com\/en\/sklep\/stickers\/supreme-group-left\/","og_site_name":"SHEZAMME - Yeezy, Jordan, Supreme i inne oryginalne rzeczy","article_publisher":"https:\/\/www.facebook.com\/SHEZAMME\/","article_modified_time":"2024-08-09T04:20:35+00:00","og_image":[{"width":1005,"height":1262,"url":"https:\/\/shezamme.com\/wp-content\/uploads\/2022\/07\/5248-img-0313-1.jpg","type":"image\/jpeg"}],"twitter_card":"summary_large_image","twitter_site":"@SHEZAMME","twitter_misc":{"Est. reading time":"1 minute"},"schema":{"@context":"https:\/\/schema.org","@graph":[{"@type":"WebPage","@id":"https:\/\/shezamme.com\/sklep\/naklejki\/supreme-group-left\/","url":"https:\/\/shezamme.com\/sklep\/naklejki\/supreme-group-left\/","name":"Supreme Group left - SHEZAMME","isPartOf":{"@id":"https:\/\/shezamme.com\/#website"},"primaryImageOfPage":{"@id":"https:\/\/shezamme.com\/sklep\/naklejki\/supreme-group-left\/#primaryimage"},"image":{"@id":"https:\/\/shezamme.com\/sklep\/naklejki\/supreme-group-left\/#primaryimage"},"thumbnailUrl":"https:\/\/shezamme.com\/wp-content\/uploads\/2022\/07\/5248-img-0313-1.jpg","datePublished":"2022-07-30T19:12:59+00:00","dateModified":"2024-08-09T04:20:35+00:00","description":"Supreme Group left | Luksusowe i autentyczne przedmioty w jednym miejscu. B\u0105d\u017a na bie\u017c\u0105co i sprawd\u017a nasz\u0105 ofert\u0119 ju\u017c teraz","breadcrumb":{"@id":"https:\/\/shezamme.com\/sklep\/naklejki\/supreme-group-left\/#breadcrumb"},"inLanguage":"en-US","potentialAction":[{"@type":"ReadAction","target":["https:\/\/shezamme.com\/sklep\/naklejki\/supreme-group-left\/"]}]},{"@type":"ImageObject","inLanguage":"en-US","@id":"https:\/\/shezamme.com\/sklep\/naklejki\/supreme-group-left\/#primaryimage","url":"https:\/\/shezamme.com\/wp-content\/uploads\/2022\/07\/5248-img-0313-1.jpg","contentUrl":"https:\/\/shezamme.com\/wp-content\/uploads\/2022\/07\/5248-img-0313-1.jpg","width":1005,"height":1262,"caption":"Supreme Group left"},{"@type":"BreadcrumbList","@id":"https:\/\/shezamme.com\/sklep\/naklejki\/supreme-group-left\/#breadcrumb","itemListElement":[{"@type":"ListItem","position":1,"name":"Strona g\u0142\u00f3wna","item":"https:\/\/shezamme.com\/"},{"@type":"ListItem","position":2,"name":"Sklep","item":"https:\/\/shezamme.com\/en\/sklep\/"},{"@type":"ListItem","position":3,"name":"Supreme Group left"}]},{"@type":"WebSite","@id":"https:\/\/shezamme.com\/#website","url":"https:\/\/shezamme.com\/","name":"SHEZAMME - Sneakers, Streetwear and luxury brands","description":"Original and exclusive items in one place. Check out our products now and stay up to date with all launches.","publisher":{"@id":"https:\/\/shezamme.com\/#organization"},"potentialAction":[{"@type":"SearchAction","target":{"@type":"EntryPoint","urlTemplate":"https:\/\/shezamme.com\/?s={search_term_string}"},"query-input":{"@type":"PropertyValueSpecification","valueRequired":true,"valueName":"search_term_string"}}],"inLanguage":"en-US"},{"@type":"Organization","@id":"https:\/\/shezamme.com\/#organization","name":"SHEZAMME - Sneakers, Streetwear and luxury brands","url":"https:\/\/shezamme.com\/","logo":{"@type":"ImageObject","inLanguage":"en-US","@id":"https:\/\/shezamme.com\/#\/schema\/logo\/image\/","url":"https:\/\/shezamme.com\/wp-content\/uploads\/2023\/02\/0x0.png","contentUrl":"https:\/\/shezamme.com\/wp-content\/uploads\/2023\/02\/0x0.png","width":2000,"height":2000,"caption":"SHEZAMME - Sneakersy, Streetwear i luksusowe marki"},"image":{"@id":"https:\/\/shezamme.com\/#\/schema\/logo\/image\/"},"sameAs":["https:\/\/www.facebook.com\/SHEZAMME\/","https:\/\/x.com\/SHEZAMME","https:\/\/www.instagram.com\/shezamme\/","https:\/\/www.youtube.com\/channel\/UCsTJxi_9fODHdO_1bmJbqvQ","https:\/\/www.tiktok.com\/shezamme.com"]}]}},"brands":[{"id":753,"name":"supreme","slug":"supreme"}],"_links":{"self":[{"href":"https:\/\/shezamme.com\/en\/wp-json\/wp\/v2\/product\/1414","targetHints":{"allow":["GET"]}}],"collection":[{"href":"https:\/\/shezamme.com\/en\/wp-json\/wp\/v2\/product"}],"about":[{"href":"https:\/\/shezamme.com\/en\/wp-json\/wp\/v2\/types\/product"}],"wp:featuredmedia":[{"embeddable":true,"href":"https:\/\/shezamme.com\/en\/wp-json\/wp\/v2\/media\/1436"}],"wp:attachment":[{"href":"https:\/\/shezamme.com\/en\/wp-json\/wp\/v2\/media?parent=1414"}],"wp:term":[{"taxonomy":"pwb-brand","embeddable":true,"href":"https:\/\/shezamme.com\/en\/wp-json\/wp\/v2\/pwb-brand?post=1414"},{"taxonomy":"product_brand","embeddable":true,"href":"https:\/\/shezamme.com\/en\/wp-json\/wp\/v2\/product_brand?post=1414"},{"taxonomy":"product_cat","embeddable":true,"href":"https:\/\/shezamme.com\/en\/wp-json\/wp\/v2\/product_cat?post=1414"},{"taxonomy":"product_tag","embeddable":true,"href":"https:\/\/shezamme.com\/en\/wp-json\/wp\/v2\/product_tag?post=1414"}],"curies":[{"name":"wp","href":"https:\/\/api.w.org\/{rel}","templated":true}]}}