{"id":1410,"date":"2022-07-30T21:12:58","date_gmt":"2022-07-30T19:12:58","guid":{"rendered":"https:\/\/staging1.waw.pl\/?post_type=product&#038;p=1410"},"modified":"2024-12-16T20:50:38","modified_gmt":"2024-12-16T19:50:38","slug":"supreme-raphael-tmnt","status":"publish","type":"product","link":"https:\/\/shezamme.com\/en\/sklep\/naklejki\/supreme-raphael-tmnt\/","title":{"rendered":"Supreme Raphael TMNT"},"content":{"rendered":"<p>Naklejka Supreme Raphael TMNT to must-have dla mi\u0142o\u015bnik\u00f3w streetwearu i kultowej kresk\u00f3wki z lat 90. Ta oryginalna naklejka przedstawia jednego z bohater\u00f3w popularnej animacji Teenage Mutant Ninja Turtles &#8211; Raphaela, kt\u00f3ry nosi charakterystyczn\u0105 bandan\u0119 w kolorze czerwonym. Naklejka wykonana jest z trwa\u0142ego winylu, co gwarantuje jej d\u0142ugotrwa\u0142o\u015b\u0107 i odporno\u015b\u0107 na warunki atmosferyczne. Naklejka Supreme Raphael TMNT jest idealnym dodatkiem, kt\u00f3ry w prosty spos\u00f3b pozwoli wyr\u00f3\u017cni\u0107 Tw\u00f3j styl i podkre\u015bli\u0107 Twoj\u0105 indywidualno\u015b\u0107. Naklejka doskonale sprawdzi si\u0119 jako element dekoracyjny do laptopa, smartfona, deski skateboardowej czy plecaka. Dzi\u0119ki swojemu oryginalnemu wzornictwu, b\u0119dzie stanowi\u0107 ciekawy element do streetwearowych stylizacji. Naklejka Supreme Raphael TMNT to tak\u017ce idealny prezent dla wszystkich fan\u00f3w kultowych kresk\u00f3wek i trend\u00f3w modowych. Dost\u0119pna w limitowanej ilo\u015bci, stanowi obowi\u0105zkowy element kolekcji ka\u017cdego mi\u0142o\u015bnika kultury ulicznej.<\/p>","protected":false},"excerpt":{"rendered":"<p>Supreme Raphael TMNT naklejka<br \/>\nW sezonie wiosenno-letnim 2021 Supreme New York wypu\u015bci\u0142 naklejk\u0119 z wizerunkiem Raphaela z nastoletnich zmutowanych \u017c\u00f3\u0142wi ninja.<\/p>","protected":false},"featured_media":1434,"template":"","meta":{"_acf_changed":false,"_yoast_wpseo_focuskw":"Supreme Raphael TMNT","_yoast_wpseo_title":"","_yoast_wpseo_metadesc":""},"pwb-brand":[753],"product_brand":[],"product_cat":[272],"product_tag":[],"class_list":{"0":"post-1410","1":"product","2":"type-product","3":"status-publish","4":"has-post-thumbnail","6":"pwb-brand-supreme","7":"product_cat-naklejki","9":"first","10":"outofstock","11":"taxable","12":"shipping-taxable","13":"purchasable","14":"product-type-variable","15":"has-default-attributes"},"acf":[],"yoast_head":"<!-- This site is optimized with the Yoast SEO plugin v27.3 - https:\/\/yoast.com\/product\/yoast-seo-wordpress\/ -->\n<title>Supreme Raphael TMNT - SHEZAMME<\/title>\n<meta name=\"description\" content=\"Supreme Raphael TMNT | Luksusowe i autentyczne przedmioty w jednym miejscu. B\u0105d\u017a na bie\u017c\u0105co i sprawd\u017a nasz\u0105 ofert\u0119 ju\u017c teraz\" \/>\n<meta name=\"robots\" content=\"index, follow, max-snippet:-1, max-image-preview:large, max-video-preview:-1\" \/>\n<link rel=\"canonical\" href=\"https:\/\/shezamme.com\/en\/sklep\/stickers\/supreme-raphael-tmnt\/\" \/>\n<meta property=\"og:locale\" content=\"en_US\" \/>\n<meta property=\"og:type\" content=\"article\" \/>\n<meta property=\"og:title\" content=\"Supreme Raphael TMNT - SHEZAMME\" \/>\n<meta property=\"og:description\" content=\"Supreme Raphael TMNT | Luksusowe i autentyczne przedmioty w jednym miejscu. B\u0105d\u017a na bie\u017c\u0105co i sprawd\u017a nasz\u0105 ofert\u0119 ju\u017c teraz\" \/>\n<meta property=\"og:url\" content=\"https:\/\/shezamme.com\/en\/sklep\/stickers\/supreme-raphael-tmnt\/\" \/>\n<meta property=\"og:site_name\" content=\"SHEZAMME - Yeezy, Jordan, Supreme i inne oryginalne rzeczy\" \/>\n<meta property=\"article:publisher\" content=\"https:\/\/www.facebook.com\/SHEZAMME\/\" \/>\n<meta property=\"article:modified_time\" content=\"2024-12-16T19:50:38+00:00\" \/>\n<meta property=\"og:image\" content=\"https:\/\/shezamme.com\/wp-content\/uploads\/2022\/07\/5238-img-0306.jpg\" \/>\n\t<meta property=\"og:image:width\" content=\"1440\" \/>\n\t<meta property=\"og:image:height\" content=\"1440\" \/>\n\t<meta property=\"og:image:type\" content=\"image\/jpeg\" \/>\n<meta name=\"twitter:card\" content=\"summary_large_image\" \/>\n<meta name=\"twitter:site\" content=\"@SHEZAMME\" \/>\n<meta name=\"twitter:label1\" content=\"Est. reading time\" \/>\n\t<meta name=\"twitter:data1\" content=\"1 minute\" \/>\n<script type=\"application\/ld+json\" class=\"yoast-schema-graph\">{\"@context\":\"https:\\\/\\\/schema.org\",\"@graph\":[{\"@type\":\"WebPage\",\"@id\":\"https:\\\/\\\/shezamme.com\\\/sklep\\\/naklejki\\\/supreme-raphael-tmnt\\\/\",\"url\":\"https:\\\/\\\/shezamme.com\\\/sklep\\\/naklejki\\\/supreme-raphael-tmnt\\\/\",\"name\":\"Supreme Raphael TMNT - SHEZAMME\",\"isPartOf\":{\"@id\":\"https:\\\/\\\/shezamme.com\\\/#website\"},\"primaryImageOfPage\":{\"@id\":\"https:\\\/\\\/shezamme.com\\\/sklep\\\/naklejki\\\/supreme-raphael-tmnt\\\/#primaryimage\"},\"image\":{\"@id\":\"https:\\\/\\\/shezamme.com\\\/sklep\\\/naklejki\\\/supreme-raphael-tmnt\\\/#primaryimage\"},\"thumbnailUrl\":\"https:\\\/\\\/shezamme.com\\\/wp-content\\\/uploads\\\/2022\\\/07\\\/5238-img-0306.jpg\",\"datePublished\":\"2022-07-30T19:12:58+00:00\",\"dateModified\":\"2024-12-16T19:50:38+00:00\",\"description\":\"Supreme Raphael TMNT | Luksusowe i autentyczne przedmioty w jednym miejscu. B\u0105d\u017a na bie\u017c\u0105co i sprawd\u017a nasz\u0105 ofert\u0119 ju\u017c teraz\",\"breadcrumb\":{\"@id\":\"https:\\\/\\\/shezamme.com\\\/sklep\\\/naklejki\\\/supreme-raphael-tmnt\\\/#breadcrumb\"},\"inLanguage\":\"en-US\",\"potentialAction\":[{\"@type\":\"ReadAction\",\"target\":[\"https:\\\/\\\/shezamme.com\\\/sklep\\\/naklejki\\\/supreme-raphael-tmnt\\\/\"]}]},{\"@type\":\"ImageObject\",\"inLanguage\":\"en-US\",\"@id\":\"https:\\\/\\\/shezamme.com\\\/sklep\\\/naklejki\\\/supreme-raphael-tmnt\\\/#primaryimage\",\"url\":\"https:\\\/\\\/shezamme.com\\\/wp-content\\\/uploads\\\/2022\\\/07\\\/5238-img-0306.jpg\",\"contentUrl\":\"https:\\\/\\\/shezamme.com\\\/wp-content\\\/uploads\\\/2022\\\/07\\\/5238-img-0306.jpg\",\"width\":1440,\"height\":1440,\"caption\":\"Supreme Raphael TMNT\"},{\"@type\":\"BreadcrumbList\",\"@id\":\"https:\\\/\\\/shezamme.com\\\/sklep\\\/naklejki\\\/supreme-raphael-tmnt\\\/#breadcrumb\",\"itemListElement\":[{\"@type\":\"ListItem\",\"position\":1,\"name\":\"Strona g\u0142\u00f3wna\",\"item\":\"https:\\\/\\\/shezamme.com\\\/\"},{\"@type\":\"ListItem\",\"position\":2,\"name\":\"Sklep\",\"item\":\"https:\\\/\\\/shezamme.com\\\/en\\\/sklep\\\/\"},{\"@type\":\"ListItem\",\"position\":3,\"name\":\"Supreme Raphael TMNT\"}]},{\"@type\":\"WebSite\",\"@id\":\"https:\\\/\\\/shezamme.com\\\/#website\",\"url\":\"https:\\\/\\\/shezamme.com\\\/\",\"name\":\"SHEZAMME - Sneakersy, Streetwear i luksusowe marki\",\"description\":\"Oryginalne i ekskluzywne przedmioty w jednym miejscu. Sprawd\u017a nasze produkty ju\u017c teraz i b\u0105d\u017a na bie\u017c\u0105co z wszystkimi premierami.\",\"publisher\":{\"@id\":\"https:\\\/\\\/shezamme.com\\\/#organization\"},\"potentialAction\":[{\"@type\":\"SearchAction\",\"target\":{\"@type\":\"EntryPoint\",\"urlTemplate\":\"https:\\\/\\\/shezamme.com\\\/?s={search_term_string}\"},\"query-input\":{\"@type\":\"PropertyValueSpecification\",\"valueRequired\":true,\"valueName\":\"search_term_string\"}}],\"inLanguage\":\"en-US\"},{\"@type\":\"Organization\",\"@id\":\"https:\\\/\\\/shezamme.com\\\/#organization\",\"name\":\"SHEZAMME - Sneakersy, Streetwear i luksusowe marki\",\"url\":\"https:\\\/\\\/shezamme.com\\\/\",\"logo\":{\"@type\":\"ImageObject\",\"inLanguage\":\"en-US\",\"@id\":\"https:\\\/\\\/shezamme.com\\\/#\\\/schema\\\/logo\\\/image\\\/\",\"url\":\"https:\\\/\\\/shezamme.com\\\/wp-content\\\/uploads\\\/2023\\\/02\\\/0x0.png\",\"contentUrl\":\"https:\\\/\\\/shezamme.com\\\/wp-content\\\/uploads\\\/2023\\\/02\\\/0x0.png\",\"width\":2000,\"height\":2000,\"caption\":\"SHEZAMME - Sneakersy, Streetwear i luksusowe marki\"},\"image\":{\"@id\":\"https:\\\/\\\/shezamme.com\\\/#\\\/schema\\\/logo\\\/image\\\/\"},\"sameAs\":[\"https:\\\/\\\/www.facebook.com\\\/SHEZAMME\\\/\",\"https:\\\/\\\/x.com\\\/SHEZAMME\",\"https:\\\/\\\/www.instagram.com\\\/shezamme\\\/\",\"https:\\\/\\\/www.youtube.com\\\/channel\\\/UCsTJxi_9fODHdO_1bmJbqvQ\",\"https:\\\/\\\/www.tiktok.com\\\/shezamme.com\"]}]}<\/script>\n<!-- \/ Yoast SEO plugin. -->","yoast_head_json":{"title":"Supreme Raphael TMNT - SHEZAMME","description":"Supreme Raphael TMNT | Luksusowe i autentyczne przedmioty w jednym miejscu. B\u0105d\u017a na bie\u017c\u0105co i sprawd\u017a nasz\u0105 ofert\u0119 ju\u017c teraz","robots":{"index":"index","follow":"follow","max-snippet":"max-snippet:-1","max-image-preview":"max-image-preview:large","max-video-preview":"max-video-preview:-1"},"canonical":"https:\/\/shezamme.com\/en\/sklep\/stickers\/supreme-raphael-tmnt\/","og_locale":"en_US","og_type":"article","og_title":"Supreme Raphael TMNT - SHEZAMME","og_description":"Supreme Raphael TMNT | Luksusowe i autentyczne przedmioty w jednym miejscu. B\u0105d\u017a na bie\u017c\u0105co i sprawd\u017a nasz\u0105 ofert\u0119 ju\u017c teraz","og_url":"https:\/\/shezamme.com\/en\/sklep\/stickers\/supreme-raphael-tmnt\/","og_site_name":"SHEZAMME - Yeezy, Jordan, Supreme i inne oryginalne rzeczy","article_publisher":"https:\/\/www.facebook.com\/SHEZAMME\/","article_modified_time":"2024-12-16T19:50:38+00:00","og_image":[{"width":1440,"height":1440,"url":"https:\/\/shezamme.com\/wp-content\/uploads\/2022\/07\/5238-img-0306.jpg","type":"image\/jpeg"}],"twitter_card":"summary_large_image","twitter_site":"@SHEZAMME","twitter_misc":{"Est. reading time":"1 minute"},"schema":{"@context":"https:\/\/schema.org","@graph":[{"@type":"WebPage","@id":"https:\/\/shezamme.com\/sklep\/naklejki\/supreme-raphael-tmnt\/","url":"https:\/\/shezamme.com\/sklep\/naklejki\/supreme-raphael-tmnt\/","name":"Supreme Raphael TMNT - SHEZAMME","isPartOf":{"@id":"https:\/\/shezamme.com\/#website"},"primaryImageOfPage":{"@id":"https:\/\/shezamme.com\/sklep\/naklejki\/supreme-raphael-tmnt\/#primaryimage"},"image":{"@id":"https:\/\/shezamme.com\/sklep\/naklejki\/supreme-raphael-tmnt\/#primaryimage"},"thumbnailUrl":"https:\/\/shezamme.com\/wp-content\/uploads\/2022\/07\/5238-img-0306.jpg","datePublished":"2022-07-30T19:12:58+00:00","dateModified":"2024-12-16T19:50:38+00:00","description":"Supreme Raphael TMNT | Luksusowe i autentyczne przedmioty w jednym miejscu. B\u0105d\u017a na bie\u017c\u0105co i sprawd\u017a nasz\u0105 ofert\u0119 ju\u017c teraz","breadcrumb":{"@id":"https:\/\/shezamme.com\/sklep\/naklejki\/supreme-raphael-tmnt\/#breadcrumb"},"inLanguage":"en-US","potentialAction":[{"@type":"ReadAction","target":["https:\/\/shezamme.com\/sklep\/naklejki\/supreme-raphael-tmnt\/"]}]},{"@type":"ImageObject","inLanguage":"en-US","@id":"https:\/\/shezamme.com\/sklep\/naklejki\/supreme-raphael-tmnt\/#primaryimage","url":"https:\/\/shezamme.com\/wp-content\/uploads\/2022\/07\/5238-img-0306.jpg","contentUrl":"https:\/\/shezamme.com\/wp-content\/uploads\/2022\/07\/5238-img-0306.jpg","width":1440,"height":1440,"caption":"Supreme Raphael TMNT"},{"@type":"BreadcrumbList","@id":"https:\/\/shezamme.com\/sklep\/naklejki\/supreme-raphael-tmnt\/#breadcrumb","itemListElement":[{"@type":"ListItem","position":1,"name":"Strona g\u0142\u00f3wna","item":"https:\/\/shezamme.com\/"},{"@type":"ListItem","position":2,"name":"Sklep","item":"https:\/\/shezamme.com\/en\/sklep\/"},{"@type":"ListItem","position":3,"name":"Supreme Raphael TMNT"}]},{"@type":"WebSite","@id":"https:\/\/shezamme.com\/#website","url":"https:\/\/shezamme.com\/","name":"SHEZAMME - Sneakers, Streetwear and luxury brands","description":"Original and exclusive items in one place. Check out our products now and stay up to date with all launches.","publisher":{"@id":"https:\/\/shezamme.com\/#organization"},"potentialAction":[{"@type":"SearchAction","target":{"@type":"EntryPoint","urlTemplate":"https:\/\/shezamme.com\/?s={search_term_string}"},"query-input":{"@type":"PropertyValueSpecification","valueRequired":true,"valueName":"search_term_string"}}],"inLanguage":"en-US"},{"@type":"Organization","@id":"https:\/\/shezamme.com\/#organization","name":"SHEZAMME - Sneakers, Streetwear and luxury brands","url":"https:\/\/shezamme.com\/","logo":{"@type":"ImageObject","inLanguage":"en-US","@id":"https:\/\/shezamme.com\/#\/schema\/logo\/image\/","url":"https:\/\/shezamme.com\/wp-content\/uploads\/2023\/02\/0x0.png","contentUrl":"https:\/\/shezamme.com\/wp-content\/uploads\/2023\/02\/0x0.png","width":2000,"height":2000,"caption":"SHEZAMME - Sneakersy, Streetwear i luksusowe marki"},"image":{"@id":"https:\/\/shezamme.com\/#\/schema\/logo\/image\/"},"sameAs":["https:\/\/www.facebook.com\/SHEZAMME\/","https:\/\/x.com\/SHEZAMME","https:\/\/www.instagram.com\/shezamme\/","https:\/\/www.youtube.com\/channel\/UCsTJxi_9fODHdO_1bmJbqvQ","https:\/\/www.tiktok.com\/shezamme.com"]}]}},"brands":[{"id":753,"name":"supreme","slug":"supreme"}],"_links":{"self":[{"href":"https:\/\/shezamme.com\/en\/wp-json\/wp\/v2\/product\/1410","targetHints":{"allow":["GET"]}}],"collection":[{"href":"https:\/\/shezamme.com\/en\/wp-json\/wp\/v2\/product"}],"about":[{"href":"https:\/\/shezamme.com\/en\/wp-json\/wp\/v2\/types\/product"}],"wp:featuredmedia":[{"embeddable":true,"href":"https:\/\/shezamme.com\/en\/wp-json\/wp\/v2\/media\/1434"}],"wp:attachment":[{"href":"https:\/\/shezamme.com\/en\/wp-json\/wp\/v2\/media?parent=1410"}],"wp:term":[{"taxonomy":"pwb-brand","embeddable":true,"href":"https:\/\/shezamme.com\/en\/wp-json\/wp\/v2\/pwb-brand?post=1410"},{"taxonomy":"product_brand","embeddable":true,"href":"https:\/\/shezamme.com\/en\/wp-json\/wp\/v2\/product_brand?post=1410"},{"taxonomy":"product_cat","embeddable":true,"href":"https:\/\/shezamme.com\/en\/wp-json\/wp\/v2\/product_cat?post=1410"},{"taxonomy":"product_tag","embeddable":true,"href":"https:\/\/shezamme.com\/en\/wp-json\/wp\/v2\/product_tag?post=1410"}],"curies":[{"name":"wp","href":"https:\/\/api.w.org\/{rel}","templated":true}]}}