{"id":1406,"date":"2022-07-30T21:12:58","date_gmt":"2022-07-30T19:12:58","guid":{"rendered":"https:\/\/staging1.waw.pl\/?post_type=product&#038;p=1406"},"modified":"2025-11-17T18:10:38","modified_gmt":"2025-11-17T17:10:38","slug":"supreme-x-smurfs-box-logo","status":"publish","type":"product","link":"https:\/\/shezamme.com\/en\/sklep\/naklejki\/supreme-x-smurfs-box-logo\/","title":{"rendered":"Supreme x Smurfs Box Logo"},"content":{"rendered":"<p>Naklejka Supreme x Smurfs Box Logo to jedna z najnowszych i najbardziej po\u017c\u0105danych naklejek w kolekcji Supreme. Jest to limitowana edycja powsta\u0142a we wsp\u00f3\u0142pracy z kultowymi postaciami znanymi z komiks\u00f3w i kresk\u00f3wek &#8211; Smerfami.<\/p>\n<p>Naklejka jest wykonana w charakterystycznym stylu Supreme, z bia\u0142ym t\u0142em i czerwonym logo w kszta\u0142cie pude\u0142ka na smoczki, ale wzbogacona o postacie Smerf\u00f3w. Na naklejce znajduj\u0105 si\u0119 trzy postacie: Papa Smerf, Smerfetka i jeden z zwyk\u0142ych Smerf\u00f3w, ka\u017cdy z nich ubrany w kultowe elementy odzie\u017cy Supreme. Naklejka ma wymiary oko\u0142o 9 cm na 3 cm, co czyni j\u0105 idealn\u0105 do dekorowania telefon\u00f3w, laptop\u00f3w, deskorolek i innych powierzchni.<\/p>\n<p>Naklejka Supreme x Smurfs Box Logo jest doskona\u0142ym dodatkiem do kolekcji fan\u00f3w Supreme i Smerf\u00f3w. Po\u0142\u0105czenie dw\u00f3ch ikonicznych marek w jednym produkcie sprawia, \u017ce \u200b\u200bjest to must-have dla ka\u017cdego fana streetwearu i kultury pop. Naklejka ta jest r\u00f3wnie\u017c idealnym prezentem dla os\u00f3b, kt\u00f3re interesuj\u0105 si\u0119 mod\u0105 uliczn\u0105 i kolekcjonuj\u0105 przedmioty zwi\u0105zane z markami streetwearowymi.<\/p>\n<p>Naklejka Supreme x Smurfs Box Logo jest wykonana z najwy\u017cszej jako\u015bci materia\u0142\u00f3w, dzi\u0119ki czemu jest trwa\u0142a i odporna na warunki atmosferyczne. Jest to oryginalny produkt marki Supreme, co gwarantuje jego autentyczno\u015b\u0107 i wysok\u0105 jako\u015b\u0107. Dodanie tej naklejki do swojej kolekcji b\u0119dzie doskona\u0142ym sposobem na wyr\u00f3\u017cnienie si\u0119 i wyra\u017cenie swojego stylu.<\/p>","protected":false},"excerpt":{"rendered":"<p>Supreme x Smurfs box logo naklejka<br \/>\nW sezonie jesie\u0144 &#8211; zima 2020, Supreme New York wyda\u0142o naklejk\u0119 box logo ze smerfami. Naklejka zosta\u0142a stworzona we wsp\u00f3\u0142pracy z firm\u0105 Smurfs.<\/p>","protected":false},"featured_media":1432,"template":"","meta":{"_acf_changed":false},"pwb-brand":[753],"product_brand":[],"product_cat":[272],"product_tag":[],"class_list":{"0":"post-1406","1":"product","2":"type-product","3":"status-publish","4":"has-post-thumbnail","6":"pwb-brand-supreme","7":"product_cat-naklejki","9":"first","10":"instock","11":"taxable","12":"shipping-taxable","13":"purchasable","14":"product-type-variable","15":"has-default-attributes"},"acf":[],"yoast_head":"<!-- This site is optimized with the Yoast SEO plugin v27.2 - https:\/\/yoast.com\/product\/yoast-seo-wordpress\/ -->\n<title>Supreme x Smurfs Box Logo - SHEZAMME<\/title>\n<meta name=\"description\" content=\"Supreme x Smurfs Box Logo | Luksusowe i autentyczne przedmioty w jednym miejscu. B\u0105d\u017a na bie\u017c\u0105co i sprawd\u017a nasz\u0105 ofert\u0119 ju\u017c teraz\" \/>\n<meta name=\"robots\" content=\"index, follow, max-snippet:-1, max-image-preview:large, max-video-preview:-1\" \/>\n<link rel=\"canonical\" href=\"https:\/\/shezamme.com\/en\/sklep\/stickers\/supreme-x-smurfs-box-logo\/\" \/>\n<meta property=\"og:locale\" content=\"en_US\" \/>\n<meta property=\"og:type\" content=\"article\" \/>\n<meta property=\"og:title\" content=\"Supreme x Smurfs Box Logo - SHEZAMME\" \/>\n<meta property=\"og:description\" content=\"Supreme x Smurfs Box Logo | Luksusowe i autentyczne przedmioty w jednym miejscu. B\u0105d\u017a na bie\u017c\u0105co i sprawd\u017a nasz\u0105 ofert\u0119 ju\u017c teraz\" \/>\n<meta property=\"og:url\" content=\"https:\/\/shezamme.com\/en\/sklep\/stickers\/supreme-x-smurfs-box-logo\/\" \/>\n<meta property=\"og:site_name\" content=\"SHEZAMME - Yeezy, Jordan, Supreme i inne oryginalne rzeczy\" \/>\n<meta property=\"article:publisher\" content=\"https:\/\/www.facebook.com\/SHEZAMME\/\" \/>\n<meta property=\"article:modified_time\" content=\"2025-11-17T17:10:38+00:00\" \/>\n<meta property=\"og:image\" content=\"https:\/\/shezamme.com\/wp-content\/uploads\/2022\/07\/4668-img-8992.jpeg\" \/>\n\t<meta property=\"og:image:width\" content=\"533\" \/>\n\t<meta property=\"og:image:height\" content=\"533\" \/>\n\t<meta property=\"og:image:type\" content=\"image\/jpeg\" \/>\n<meta name=\"twitter:card\" content=\"summary_large_image\" \/>\n<meta name=\"twitter:site\" content=\"@SHEZAMME\" \/>\n<meta name=\"twitter:label1\" content=\"Est. reading time\" \/>\n\t<meta name=\"twitter:data1\" content=\"1 minute\" \/>\n<script type=\"application\/ld+json\" class=\"yoast-schema-graph\">{\"@context\":\"https:\/\/schema.org\",\"@graph\":[{\"@type\":\"WebPage\",\"@id\":\"https:\/\/shezamme.com\/sklep\/naklejki\/supreme-x-smurfs-box-logo\/\",\"url\":\"https:\/\/shezamme.com\/sklep\/naklejki\/supreme-x-smurfs-box-logo\/\",\"name\":\"Supreme x Smurfs Box Logo - SHEZAMME\",\"isPartOf\":{\"@id\":\"https:\/\/shezamme.com\/#website\"},\"primaryImageOfPage\":{\"@id\":\"https:\/\/shezamme.com\/sklep\/naklejki\/supreme-x-smurfs-box-logo\/#primaryimage\"},\"image\":{\"@id\":\"https:\/\/shezamme.com\/sklep\/naklejki\/supreme-x-smurfs-box-logo\/#primaryimage\"},\"thumbnailUrl\":\"https:\/\/shezamme.com\/wp-content\/uploads\/2022\/07\/4668-img-8992.jpeg\",\"datePublished\":\"2022-07-30T19:12:58+00:00\",\"dateModified\":\"2025-11-17T17:10:38+00:00\",\"description\":\"Supreme x Smurfs Box Logo | Luksusowe i autentyczne przedmioty w jednym miejscu. B\u0105d\u017a na bie\u017c\u0105co i sprawd\u017a nasz\u0105 ofert\u0119 ju\u017c teraz\",\"breadcrumb\":{\"@id\":\"https:\/\/shezamme.com\/sklep\/naklejki\/supreme-x-smurfs-box-logo\/#breadcrumb\"},\"inLanguage\":\"en-US\",\"potentialAction\":[{\"@type\":\"ReadAction\",\"target\":[\"https:\/\/shezamme.com\/sklep\/naklejki\/supreme-x-smurfs-box-logo\/\"]}]},{\"@type\":\"ImageObject\",\"inLanguage\":\"en-US\",\"@id\":\"https:\/\/shezamme.com\/sklep\/naklejki\/supreme-x-smurfs-box-logo\/#primaryimage\",\"url\":\"https:\/\/shezamme.com\/wp-content\/uploads\/2022\/07\/4668-img-8992.jpeg\",\"contentUrl\":\"https:\/\/shezamme.com\/wp-content\/uploads\/2022\/07\/4668-img-8992.jpeg\",\"width\":533,\"height\":533,\"caption\":\"Supreme x Smurfs Box Logo\"},{\"@type\":\"BreadcrumbList\",\"@id\":\"https:\/\/shezamme.com\/sklep\/naklejki\/supreme-x-smurfs-box-logo\/#breadcrumb\",\"itemListElement\":[{\"@type\":\"ListItem\",\"position\":1,\"name\":\"Strona g\u0142\u00f3wna\",\"item\":\"https:\/\/shezamme.com\/\"},{\"@type\":\"ListItem\",\"position\":2,\"name\":\"Sklep\",\"item\":\"https:\/\/shezamme.com\/sklep\/\"},{\"@type\":\"ListItem\",\"position\":3,\"name\":\"Supreme x Smurfs Box Logo\"}]},{\"@type\":\"WebSite\",\"@id\":\"https:\/\/shezamme.com\/#website\",\"url\":\"https:\/\/shezamme.com\/\",\"name\":\"SHEZAMME - Sneakersy, Streetwear i luksusowe marki\",\"description\":\"Oryginalne i ekskluzywne przedmioty w jednym miejscu. Sprawd\u017a nasze produkty ju\u017c teraz i b\u0105d\u017a na bie\u017c\u0105co z wszystkimi premierami.\",\"publisher\":{\"@id\":\"https:\/\/shezamme.com\/#organization\"},\"potentialAction\":[{\"@type\":\"SearchAction\",\"target\":{\"@type\":\"EntryPoint\",\"urlTemplate\":\"https:\/\/shezamme.com\/?s={search_term_string}\"},\"query-input\":{\"@type\":\"PropertyValueSpecification\",\"valueRequired\":true,\"valueName\":\"search_term_string\"}}],\"inLanguage\":\"en-US\"},{\"@type\":\"Organization\",\"@id\":\"https:\/\/shezamme.com\/#organization\",\"name\":\"SHEZAMME - Sneakersy, Streetwear i luksusowe marki\",\"url\":\"https:\/\/shezamme.com\/\",\"logo\":{\"@type\":\"ImageObject\",\"inLanguage\":\"en-US\",\"@id\":\"https:\/\/shezamme.com\/#\/schema\/logo\/image\/\",\"url\":\"https:\/\/shezamme.com\/wp-content\/uploads\/2023\/02\/0x0.png\",\"contentUrl\":\"https:\/\/shezamme.com\/wp-content\/uploads\/2023\/02\/0x0.png\",\"width\":2000,\"height\":2000,\"caption\":\"SHEZAMME - Sneakersy, Streetwear i luksusowe marki\"},\"image\":{\"@id\":\"https:\/\/shezamme.com\/#\/schema\/logo\/image\/\"},\"sameAs\":[\"https:\/\/www.facebook.com\/SHEZAMME\/\",\"https:\/\/x.com\/SHEZAMME\",\"https:\/\/www.instagram.com\/shezamme\/\",\"https:\/\/www.youtube.com\/channel\/UCsTJxi_9fODHdO_1bmJbqvQ\",\"https:\/\/www.tiktok.com\/shezamme.com\"]}]}<\/script>\n<!-- \/ Yoast SEO plugin. -->","yoast_head_json":{"title":"Supreme x Smurfs Box Logo - SHEZAMME","description":"Supreme x Smurfs Box Logo | Luksusowe i autentyczne przedmioty w jednym miejscu. B\u0105d\u017a na bie\u017c\u0105co i sprawd\u017a nasz\u0105 ofert\u0119 ju\u017c teraz","robots":{"index":"index","follow":"follow","max-snippet":"max-snippet:-1","max-image-preview":"max-image-preview:large","max-video-preview":"max-video-preview:-1"},"canonical":"https:\/\/shezamme.com\/en\/sklep\/stickers\/supreme-x-smurfs-box-logo\/","og_locale":"en_US","og_type":"article","og_title":"Supreme x Smurfs Box Logo - SHEZAMME","og_description":"Supreme x Smurfs Box Logo | Luksusowe i autentyczne przedmioty w jednym miejscu. B\u0105d\u017a na bie\u017c\u0105co i sprawd\u017a nasz\u0105 ofert\u0119 ju\u017c teraz","og_url":"https:\/\/shezamme.com\/en\/sklep\/stickers\/supreme-x-smurfs-box-logo\/","og_site_name":"SHEZAMME - Yeezy, Jordan, Supreme i inne oryginalne rzeczy","article_publisher":"https:\/\/www.facebook.com\/SHEZAMME\/","article_modified_time":"2025-11-17T17:10:38+00:00","og_image":[{"width":533,"height":533,"url":"https:\/\/shezamme.com\/wp-content\/uploads\/2022\/07\/4668-img-8992.jpeg","type":"image\/jpeg"}],"twitter_card":"summary_large_image","twitter_site":"@SHEZAMME","twitter_misc":{"Est. reading time":"1 minute"},"schema":{"@context":"https:\/\/schema.org","@graph":[{"@type":"WebPage","@id":"https:\/\/shezamme.com\/sklep\/naklejki\/supreme-x-smurfs-box-logo\/","url":"https:\/\/shezamme.com\/sklep\/naklejki\/supreme-x-smurfs-box-logo\/","name":"Supreme x Smurfs Box Logo - SHEZAMME","isPartOf":{"@id":"https:\/\/shezamme.com\/#website"},"primaryImageOfPage":{"@id":"https:\/\/shezamme.com\/sklep\/naklejki\/supreme-x-smurfs-box-logo\/#primaryimage"},"image":{"@id":"https:\/\/shezamme.com\/sklep\/naklejki\/supreme-x-smurfs-box-logo\/#primaryimage"},"thumbnailUrl":"https:\/\/shezamme.com\/wp-content\/uploads\/2022\/07\/4668-img-8992.jpeg","datePublished":"2022-07-30T19:12:58+00:00","dateModified":"2025-11-17T17:10:38+00:00","description":"Supreme x Smurfs Box Logo | Luksusowe i autentyczne przedmioty w jednym miejscu. B\u0105d\u017a na bie\u017c\u0105co i sprawd\u017a nasz\u0105 ofert\u0119 ju\u017c teraz","breadcrumb":{"@id":"https:\/\/shezamme.com\/sklep\/naklejki\/supreme-x-smurfs-box-logo\/#breadcrumb"},"inLanguage":"en-US","potentialAction":[{"@type":"ReadAction","target":["https:\/\/shezamme.com\/sklep\/naklejki\/supreme-x-smurfs-box-logo\/"]}]},{"@type":"ImageObject","inLanguage":"en-US","@id":"https:\/\/shezamme.com\/sklep\/naklejki\/supreme-x-smurfs-box-logo\/#primaryimage","url":"https:\/\/shezamme.com\/wp-content\/uploads\/2022\/07\/4668-img-8992.jpeg","contentUrl":"https:\/\/shezamme.com\/wp-content\/uploads\/2022\/07\/4668-img-8992.jpeg","width":533,"height":533,"caption":"Supreme x Smurfs Box Logo"},{"@type":"BreadcrumbList","@id":"https:\/\/shezamme.com\/sklep\/naklejki\/supreme-x-smurfs-box-logo\/#breadcrumb","itemListElement":[{"@type":"ListItem","position":1,"name":"Strona g\u0142\u00f3wna","item":"https:\/\/shezamme.com\/"},{"@type":"ListItem","position":2,"name":"Sklep","item":"https:\/\/shezamme.com\/sklep\/"},{"@type":"ListItem","position":3,"name":"Supreme x Smurfs Box Logo"}]},{"@type":"WebSite","@id":"https:\/\/shezamme.com\/#website","url":"https:\/\/shezamme.com\/","name":"SHEZAMME - Sneakers, Streetwear and luxury brands","description":"Original and exclusive items in one place. Check out our products now and stay up to date with all launches.","publisher":{"@id":"https:\/\/shezamme.com\/#organization"},"potentialAction":[{"@type":"SearchAction","target":{"@type":"EntryPoint","urlTemplate":"https:\/\/shezamme.com\/?s={search_term_string}"},"query-input":{"@type":"PropertyValueSpecification","valueRequired":true,"valueName":"search_term_string"}}],"inLanguage":"en-US"},{"@type":"Organization","@id":"https:\/\/shezamme.com\/#organization","name":"SHEZAMME - Sneakers, Streetwear and luxury brands","url":"https:\/\/shezamme.com\/","logo":{"@type":"ImageObject","inLanguage":"en-US","@id":"https:\/\/shezamme.com\/#\/schema\/logo\/image\/","url":"https:\/\/shezamme.com\/wp-content\/uploads\/2023\/02\/0x0.png","contentUrl":"https:\/\/shezamme.com\/wp-content\/uploads\/2023\/02\/0x0.png","width":2000,"height":2000,"caption":"SHEZAMME - Sneakersy, Streetwear i luksusowe marki"},"image":{"@id":"https:\/\/shezamme.com\/#\/schema\/logo\/image\/"},"sameAs":["https:\/\/www.facebook.com\/SHEZAMME\/","https:\/\/x.com\/SHEZAMME","https:\/\/www.instagram.com\/shezamme\/","https:\/\/www.youtube.com\/channel\/UCsTJxi_9fODHdO_1bmJbqvQ","https:\/\/www.tiktok.com\/shezamme.com"]}]}},"brands":[{"id":753,"name":"supreme","slug":"supreme"}],"_links":{"self":[{"href":"https:\/\/shezamme.com\/en\/wp-json\/wp\/v2\/product\/1406","targetHints":{"allow":["GET"]}}],"collection":[{"href":"https:\/\/shezamme.com\/en\/wp-json\/wp\/v2\/product"}],"about":[{"href":"https:\/\/shezamme.com\/en\/wp-json\/wp\/v2\/types\/product"}],"wp:featuredmedia":[{"embeddable":true,"href":"https:\/\/shezamme.com\/en\/wp-json\/wp\/v2\/media\/1432"}],"wp:attachment":[{"href":"https:\/\/shezamme.com\/en\/wp-json\/wp\/v2\/media?parent=1406"}],"wp:term":[{"taxonomy":"pwb-brand","embeddable":true,"href":"https:\/\/shezamme.com\/en\/wp-json\/wp\/v2\/pwb-brand?post=1406"},{"taxonomy":"product_brand","embeddable":true,"href":"https:\/\/shezamme.com\/en\/wp-json\/wp\/v2\/product_brand?post=1406"},{"taxonomy":"product_cat","embeddable":true,"href":"https:\/\/shezamme.com\/en\/wp-json\/wp\/v2\/product_cat?post=1406"},{"taxonomy":"product_tag","embeddable":true,"href":"https:\/\/shezamme.com\/en\/wp-json\/wp\/v2\/product_tag?post=1406"}],"curies":[{"name":"wp","href":"https:\/\/api.w.org\/{rel}","templated":true}]}}