{"id":1402,"date":"2022-07-30T21:12:57","date_gmt":"2022-07-30T19:12:57","guid":{"rendered":"https:\/\/staging1.waw.pl\/?post_type=product&#038;p=1402"},"modified":"2024-08-09T06:31:46","modified_gmt":"2024-08-09T04:31:46","slug":"supreme-tire","status":"publish","type":"product","link":"https:\/\/shezamme.com\/en\/sklep\/naklejki\/supreme-tire\/","title":{"rendered":"Supreme Tire"},"content":{"rendered":"<p>W kwietniu 1994 roku, James Jebbia w Nowym Jorku stworzy\u0142 mark\u0119, kt\u00f3r\u0105 dzi\u015b zna ka\u017cdy fan streetwearu \u2013 Supreme. Przed jej stworzeniem pracowa\u0142 on w innej, bardzo dobrze znanej firmie \u2013 Stussy. Pozwoli\u0142o mu to na zebranie ogromnego do\u015bwiadczenia, kt\u00f3re p\u00f3\u017aniej m\u00f3g\u0142 wykorzysta\u0107 tworz\u0105c w\u0142asny brand. opr\u00f3cz ubra\u0144 oferowa\u0142 w sklepie r\u00f3wnie\u017c optymaln\u0105 przestrze\u0144 do jazdy na desce i testowania nowych trik\u00f3w. Opr\u00f3cz produkcji ubra\u0144 i akcesori\u00f3w, w swoim asortymencie posiada r\u00f3wnie\u017c deskorolki.<\/p>\n<p>By\u0142y to czasy, gdzie kultura skate prze\u017cywa\u0142a prawdziwy rozkwit popularno\u015bci, a konkurencja produkowa\u0142a s\u0142abej jako\u015bci ubrania robi\u0105c miejsce nowym markom. Sam James nigdy nie je\u017adzi\u0142 na desce, ale by\u0142 ni\u0105 bardzo zafascynowany, dzi\u0119ki czemu potrafi\u0142 zbudowa\u0107 wi\u0119\u017a z klientami, przez co jego firma zyskiwa\u0142a coraz wi\u0119ksze rzesze fan\u00f3w.<\/p>\n<p>Z czasem marka zacz\u0119\u0142a wsp\u00f3\u0142pracowa\u0107 z artystami, fotografami i projektantami takimi jak: Blade, David Sims, Toshio Maeda, David Lynch, Nobuyoshi Araki, Robert Crumb, Marilyn Minter, Takashi Murakami, Daniel Johnston, Peter Saville, James Brown czy Miles Davis, ale dopiero w 2007 roku, czyli po 13 latach dzia\u0142alno\u015bci, podj\u0119to wsp\u00f3lne prace z inn\u0105 firm\u0105 \u2013 The North Face. Sukces nowej linii by\u0142 ogromny, a to otworzy\u0142o drog\u0119 wsp\u00f3\u0142pracy z takimi gigantami jak Air Jordan, Nike, Levi\u2019s czy Timberland.<\/p>\n<p>Charakterystyczny jest r\u00f3wnie\u017c sam mechanizm sprzeda\u017cy. Ilo\u015b\u0107 wypuszczonych produkt\u00f3w najcz\u0119\u015bciej jest ni\u017csza od liczby samych ch\u0119tnych na zakup, dzi\u0119ki czemu s\u0105 one bardzo po\u017c\u0105dane, a przy okazji to skutecznie nap\u0119dza rozg\u0142os wok\u00f3\u0142 marki. Nowe produkty s\u0105 na tyle popularne, \u017ce po szybkim znikni\u0119ciu towaru z p\u00f3\u0142ek cz\u0119sto trafiaj\u0105 one na rynek wt\u00f3rny, gdzie osi\u0105gaj\u0105 kilkukrotno\u015b\u0107 pierwotnej ceny. Supreme to gor\u0105cy towar i marka jednocze\u015bnie.<\/p>\n<p>Jebbia uzna\u0142, \u017ce nazwa Supreme dobrze brzmi. Co ciekawe nie jest ona zastrze\u017cona, bo uznano, \u017ce to zwyk\u0142e s\u0142owo u\u017cytku codziennego, a nie nazwa w\u0142asna. Inn\u0105 spraw\u0105 jest logo.<\/p>","protected":false},"excerpt":{"rendered":"<p>Supreme Tire naklejka<br \/>\nW sezonie jesie\u0144 &#8211; zima 2020, Supreme New York wyda\u0142 4 naklejki z oponami. Wysz\u0142y w 4 kolorystykach: czerwonej, r\u00f3\u017cowej, fioletowej i czarnej.<\/p>","protected":false},"featured_media":1430,"template":"","meta":{"_acf_changed":false},"pwb-brand":[753],"product_brand":[],"product_cat":[272],"product_tag":[],"class_list":{"0":"post-1402","1":"product","2":"type-product","3":"status-publish","4":"has-post-thumbnail","6":"pwb-brand-supreme","7":"product_cat-naklejki","9":"first","10":"outofstock","11":"taxable","12":"shipping-taxable","13":"purchasable","14":"product-type-variable","15":"has-default-attributes"},"acf":[],"yoast_head":"<!-- This site is optimized with the Yoast SEO plugin v27.2 - https:\/\/yoast.com\/product\/yoast-seo-wordpress\/ -->\n<title>Supreme Tire - SHEZAMME<\/title>\n<meta name=\"description\" content=\"Supreme Tire | Luksusowe i autentyczne przedmioty w jednym miejscu. B\u0105d\u017a na bie\u017c\u0105co i sprawd\u017a nasz\u0105 ofert\u0119 ju\u017c teraz\" \/>\n<meta name=\"robots\" content=\"index, follow, max-snippet:-1, max-image-preview:large, max-video-preview:-1\" \/>\n<link rel=\"canonical\" href=\"https:\/\/shezamme.com\/en\/sklep\/stickers\/supreme-tire\/\" \/>\n<meta property=\"og:locale\" content=\"en_US\" \/>\n<meta property=\"og:type\" content=\"article\" \/>\n<meta property=\"og:title\" content=\"Supreme Tire - SHEZAMME\" \/>\n<meta property=\"og:description\" content=\"Supreme Tire | Luksusowe i autentyczne przedmioty w jednym miejscu. B\u0105d\u017a na bie\u017c\u0105co i sprawd\u017a nasz\u0105 ofert\u0119 ju\u017c teraz\" \/>\n<meta property=\"og:url\" content=\"https:\/\/shezamme.com\/en\/sklep\/stickers\/supreme-tire\/\" \/>\n<meta property=\"og:site_name\" content=\"SHEZAMME - Yeezy, Jordan, Supreme i inne oryginalne rzeczy\" \/>\n<meta property=\"article:publisher\" content=\"https:\/\/www.facebook.com\/SHEZAMME\/\" \/>\n<meta property=\"article:modified_time\" content=\"2024-08-09T04:31:46+00:00\" \/>\n<meta property=\"og:image\" content=\"https:\/\/shezamme.com\/wp-content\/uploads\/2022\/07\/4692-img-9006.jpg\" \/>\n\t<meta property=\"og:image:width\" content=\"1147\" \/>\n\t<meta property=\"og:image:height\" content=\"1147\" \/>\n\t<meta property=\"og:image:type\" content=\"image\/jpeg\" \/>\n<meta name=\"twitter:card\" content=\"summary_large_image\" \/>\n<meta name=\"twitter:site\" content=\"@SHEZAMME\" \/>\n<meta name=\"twitter:label1\" content=\"Est. reading time\" \/>\n\t<meta name=\"twitter:data1\" content=\"2 minutes\" \/>\n<script type=\"application\/ld+json\" class=\"yoast-schema-graph\">{\"@context\":\"https:\/\/schema.org\",\"@graph\":[{\"@type\":\"WebPage\",\"@id\":\"https:\/\/shezamme.com\/sklep\/naklejki\/supreme-tire\/\",\"url\":\"https:\/\/shezamme.com\/sklep\/naklejki\/supreme-tire\/\",\"name\":\"Supreme Tire - SHEZAMME\",\"isPartOf\":{\"@id\":\"https:\/\/shezamme.com\/#website\"},\"primaryImageOfPage\":{\"@id\":\"https:\/\/shezamme.com\/sklep\/naklejki\/supreme-tire\/#primaryimage\"},\"image\":{\"@id\":\"https:\/\/shezamme.com\/sklep\/naklejki\/supreme-tire\/#primaryimage\"},\"thumbnailUrl\":\"https:\/\/shezamme.com\/wp-content\/uploads\/2022\/07\/4692-img-9006.jpg\",\"datePublished\":\"2022-07-30T19:12:57+00:00\",\"dateModified\":\"2024-08-09T04:31:46+00:00\",\"description\":\"Supreme Tire | Luksusowe i autentyczne przedmioty w jednym miejscu. B\u0105d\u017a na bie\u017c\u0105co i sprawd\u017a nasz\u0105 ofert\u0119 ju\u017c teraz\",\"breadcrumb\":{\"@id\":\"https:\/\/shezamme.com\/sklep\/naklejki\/supreme-tire\/#breadcrumb\"},\"inLanguage\":\"en-US\",\"potentialAction\":[{\"@type\":\"ReadAction\",\"target\":[\"https:\/\/shezamme.com\/sklep\/naklejki\/supreme-tire\/\"]}]},{\"@type\":\"ImageObject\",\"inLanguage\":\"en-US\",\"@id\":\"https:\/\/shezamme.com\/sklep\/naklejki\/supreme-tire\/#primaryimage\",\"url\":\"https:\/\/shezamme.com\/wp-content\/uploads\/2022\/07\/4692-img-9006.jpg\",\"contentUrl\":\"https:\/\/shezamme.com\/wp-content\/uploads\/2022\/07\/4692-img-9006.jpg\",\"width\":1147,\"height\":1147,\"caption\":\"Supreme Tire\"},{\"@type\":\"BreadcrumbList\",\"@id\":\"https:\/\/shezamme.com\/sklep\/naklejki\/supreme-tire\/#breadcrumb\",\"itemListElement\":[{\"@type\":\"ListItem\",\"position\":1,\"name\":\"Strona g\u0142\u00f3wna\",\"item\":\"https:\/\/shezamme.com\/\"},{\"@type\":\"ListItem\",\"position\":2,\"name\":\"Sklep\",\"item\":\"https:\/\/shezamme.com\/sklep\/\"},{\"@type\":\"ListItem\",\"position\":3,\"name\":\"Supreme Tire\"}]},{\"@type\":\"WebSite\",\"@id\":\"https:\/\/shezamme.com\/#website\",\"url\":\"https:\/\/shezamme.com\/\",\"name\":\"SHEZAMME - Sneakersy, Streetwear i luksusowe marki\",\"description\":\"Oryginalne i ekskluzywne przedmioty w jednym miejscu. Sprawd\u017a nasze produkty ju\u017c teraz i b\u0105d\u017a na bie\u017c\u0105co z wszystkimi premierami.\",\"publisher\":{\"@id\":\"https:\/\/shezamme.com\/#organization\"},\"potentialAction\":[{\"@type\":\"SearchAction\",\"target\":{\"@type\":\"EntryPoint\",\"urlTemplate\":\"https:\/\/shezamme.com\/?s={search_term_string}\"},\"query-input\":{\"@type\":\"PropertyValueSpecification\",\"valueRequired\":true,\"valueName\":\"search_term_string\"}}],\"inLanguage\":\"en-US\"},{\"@type\":\"Organization\",\"@id\":\"https:\/\/shezamme.com\/#organization\",\"name\":\"SHEZAMME - Sneakersy, Streetwear i luksusowe marki\",\"url\":\"https:\/\/shezamme.com\/\",\"logo\":{\"@type\":\"ImageObject\",\"inLanguage\":\"en-US\",\"@id\":\"https:\/\/shezamme.com\/#\/schema\/logo\/image\/\",\"url\":\"https:\/\/shezamme.com\/wp-content\/uploads\/2023\/02\/0x0.png\",\"contentUrl\":\"https:\/\/shezamme.com\/wp-content\/uploads\/2023\/02\/0x0.png\",\"width\":2000,\"height\":2000,\"caption\":\"SHEZAMME - Sneakersy, Streetwear i luksusowe marki\"},\"image\":{\"@id\":\"https:\/\/shezamme.com\/#\/schema\/logo\/image\/\"},\"sameAs\":[\"https:\/\/www.facebook.com\/SHEZAMME\/\",\"https:\/\/x.com\/SHEZAMME\",\"https:\/\/www.instagram.com\/shezamme\/\",\"https:\/\/www.youtube.com\/channel\/UCsTJxi_9fODHdO_1bmJbqvQ\",\"https:\/\/www.tiktok.com\/shezamme.com\"]}]}<\/script>\n<!-- \/ Yoast SEO plugin. -->","yoast_head_json":{"title":"Supreme Tire - SHEZAMME","description":"Supreme Tire | Luksusowe i autentyczne przedmioty w jednym miejscu. B\u0105d\u017a na bie\u017c\u0105co i sprawd\u017a nasz\u0105 ofert\u0119 ju\u017c teraz","robots":{"index":"index","follow":"follow","max-snippet":"max-snippet:-1","max-image-preview":"max-image-preview:large","max-video-preview":"max-video-preview:-1"},"canonical":"https:\/\/shezamme.com\/en\/sklep\/stickers\/supreme-tire\/","og_locale":"en_US","og_type":"article","og_title":"Supreme Tire - SHEZAMME","og_description":"Supreme Tire | Luksusowe i autentyczne przedmioty w jednym miejscu. B\u0105d\u017a na bie\u017c\u0105co i sprawd\u017a nasz\u0105 ofert\u0119 ju\u017c teraz","og_url":"https:\/\/shezamme.com\/en\/sklep\/stickers\/supreme-tire\/","og_site_name":"SHEZAMME - Yeezy, Jordan, Supreme i inne oryginalne rzeczy","article_publisher":"https:\/\/www.facebook.com\/SHEZAMME\/","article_modified_time":"2024-08-09T04:31:46+00:00","og_image":[{"width":1147,"height":1147,"url":"https:\/\/shezamme.com\/wp-content\/uploads\/2022\/07\/4692-img-9006.jpg","type":"image\/jpeg"}],"twitter_card":"summary_large_image","twitter_site":"@SHEZAMME","twitter_misc":{"Est. reading time":"2 minutes"},"schema":{"@context":"https:\/\/schema.org","@graph":[{"@type":"WebPage","@id":"https:\/\/shezamme.com\/sklep\/naklejki\/supreme-tire\/","url":"https:\/\/shezamme.com\/sklep\/naklejki\/supreme-tire\/","name":"Supreme Tire - SHEZAMME","isPartOf":{"@id":"https:\/\/shezamme.com\/#website"},"primaryImageOfPage":{"@id":"https:\/\/shezamme.com\/sklep\/naklejki\/supreme-tire\/#primaryimage"},"image":{"@id":"https:\/\/shezamme.com\/sklep\/naklejki\/supreme-tire\/#primaryimage"},"thumbnailUrl":"https:\/\/shezamme.com\/wp-content\/uploads\/2022\/07\/4692-img-9006.jpg","datePublished":"2022-07-30T19:12:57+00:00","dateModified":"2024-08-09T04:31:46+00:00","description":"Supreme Tire | Luksusowe i autentyczne przedmioty w jednym miejscu. B\u0105d\u017a na bie\u017c\u0105co i sprawd\u017a nasz\u0105 ofert\u0119 ju\u017c teraz","breadcrumb":{"@id":"https:\/\/shezamme.com\/sklep\/naklejki\/supreme-tire\/#breadcrumb"},"inLanguage":"en-US","potentialAction":[{"@type":"ReadAction","target":["https:\/\/shezamme.com\/sklep\/naklejki\/supreme-tire\/"]}]},{"@type":"ImageObject","inLanguage":"en-US","@id":"https:\/\/shezamme.com\/sklep\/naklejki\/supreme-tire\/#primaryimage","url":"https:\/\/shezamme.com\/wp-content\/uploads\/2022\/07\/4692-img-9006.jpg","contentUrl":"https:\/\/shezamme.com\/wp-content\/uploads\/2022\/07\/4692-img-9006.jpg","width":1147,"height":1147,"caption":"Supreme Tire"},{"@type":"BreadcrumbList","@id":"https:\/\/shezamme.com\/sklep\/naklejki\/supreme-tire\/#breadcrumb","itemListElement":[{"@type":"ListItem","position":1,"name":"Strona g\u0142\u00f3wna","item":"https:\/\/shezamme.com\/"},{"@type":"ListItem","position":2,"name":"Sklep","item":"https:\/\/shezamme.com\/sklep\/"},{"@type":"ListItem","position":3,"name":"Supreme Tire"}]},{"@type":"WebSite","@id":"https:\/\/shezamme.com\/#website","url":"https:\/\/shezamme.com\/","name":"SHEZAMME - Sneakers, Streetwear and luxury brands","description":"Original and exclusive items in one place. Check out our products now and stay up to date with all launches.","publisher":{"@id":"https:\/\/shezamme.com\/#organization"},"potentialAction":[{"@type":"SearchAction","target":{"@type":"EntryPoint","urlTemplate":"https:\/\/shezamme.com\/?s={search_term_string}"},"query-input":{"@type":"PropertyValueSpecification","valueRequired":true,"valueName":"search_term_string"}}],"inLanguage":"en-US"},{"@type":"Organization","@id":"https:\/\/shezamme.com\/#organization","name":"SHEZAMME - Sneakers, Streetwear and luxury brands","url":"https:\/\/shezamme.com\/","logo":{"@type":"ImageObject","inLanguage":"en-US","@id":"https:\/\/shezamme.com\/#\/schema\/logo\/image\/","url":"https:\/\/shezamme.com\/wp-content\/uploads\/2023\/02\/0x0.png","contentUrl":"https:\/\/shezamme.com\/wp-content\/uploads\/2023\/02\/0x0.png","width":2000,"height":2000,"caption":"SHEZAMME - Sneakersy, Streetwear i luksusowe marki"},"image":{"@id":"https:\/\/shezamme.com\/#\/schema\/logo\/image\/"},"sameAs":["https:\/\/www.facebook.com\/SHEZAMME\/","https:\/\/x.com\/SHEZAMME","https:\/\/www.instagram.com\/shezamme\/","https:\/\/www.youtube.com\/channel\/UCsTJxi_9fODHdO_1bmJbqvQ","https:\/\/www.tiktok.com\/shezamme.com"]}]}},"brands":[{"id":753,"name":"supreme","slug":"supreme"}],"_links":{"self":[{"href":"https:\/\/shezamme.com\/en\/wp-json\/wp\/v2\/product\/1402","targetHints":{"allow":["GET"]}}],"collection":[{"href":"https:\/\/shezamme.com\/en\/wp-json\/wp\/v2\/product"}],"about":[{"href":"https:\/\/shezamme.com\/en\/wp-json\/wp\/v2\/types\/product"}],"wp:featuredmedia":[{"embeddable":true,"href":"https:\/\/shezamme.com\/en\/wp-json\/wp\/v2\/media\/1430"}],"wp:attachment":[{"href":"https:\/\/shezamme.com\/en\/wp-json\/wp\/v2\/media?parent=1402"}],"wp:term":[{"taxonomy":"pwb-brand","embeddable":true,"href":"https:\/\/shezamme.com\/en\/wp-json\/wp\/v2\/pwb-brand?post=1402"},{"taxonomy":"product_brand","embeddable":true,"href":"https:\/\/shezamme.com\/en\/wp-json\/wp\/v2\/product_brand?post=1402"},{"taxonomy":"product_cat","embeddable":true,"href":"https:\/\/shezamme.com\/en\/wp-json\/wp\/v2\/product_cat?post=1402"},{"taxonomy":"product_tag","embeddable":true,"href":"https:\/\/shezamme.com\/en\/wp-json\/wp\/v2\/product_tag?post=1402"}],"curies":[{"name":"wp","href":"https:\/\/api.w.org\/{rel}","templated":true}]}}