{"id":130509,"date":"2024-12-17T18:43:29","date_gmt":"2024-12-17T17:43:29","guid":{"rendered":"https:\/\/shezamme.com\/?post_type=product&#038;p=130509"},"modified":"2025-09-23T11:32:52","modified_gmt":"2025-09-23T09:32:52","slug":"kaws-uniqlo-x-andy-warhol-love-tee-white","status":"publish","type":"product","link":"https:\/\/shezamme.com\/en\/sklep\/koszulki\/wszystkie-koszulki\/kaws-uniqlo-x-andy-warhol-love-tee-white\/","title":{"rendered":"KAWS Uniqlo X Andy Warhol Love Tee White"},"content":{"rendered":"<h2>KAWS x Uniqlo x Andy Warhol Love Tee White \u2013 ikona pop-artu w nowoczesnym wydaniu<\/h2>\n<p>Bia\u0142a koszulka z limitowanej kolekcji KAWS x Uniqlo x Andy Warhol to po\u0142\u0105czenie kultowego motywu \u201eLOVE\u201d Warhola z charakterystycznymi akcentami KAWS, jak detale \u201eXX\u201d. Wykonana z lekkiej, przewiewnej bawe\u0142ny, zapewnia komfort i uniwersalny kr\u00f3j regular fit, kt\u00f3ry pasuje do ka\u017cdej sylwetki.<\/p>\n<p>Unikatowy design sprawia, \u017ce jest to idealna propozycja dla fan\u00f3w sztuki i streetwearu, podkre\u015blaj\u0105ca ponadczasowy styl w nowoczesnej ods\u0142onie.<\/p>","protected":false},"excerpt":{"rendered":"<h2>KAWS x Uniqlo x Andy Warhol Love Tee White \u2013 sztuka i styl w jednym<\/h2>\n<p>Koszulka w klasycznej bieli \u0142\u0105czy motyw \u201eLOVE\u201d Andy&#8217;ego Warhola z nowoczesnymi detalami KAWS, jak charakterystyczne \u201eXX\u201d. Wykonana z wysokiej jako\u015bci bawe\u0142ny, zapewnia wygod\u0119 i uniwersalny kr\u00f3j na ka\u017cd\u0105 okazj\u0119.<\/p>","protected":false},"featured_media":130514,"template":"","meta":{"_acf_changed":false},"pwb-brand":[759,1087],"product_brand":[],"product_cat":[140,903],"product_tag":[1008,1009],"class_list":{"0":"post-130509","1":"product","2":"type-product","3":"status-publish","4":"has-post-thumbnail","6":"pwb-brand-kaws","7":"pwb-brand-uniqlo","8":"product_cat-koszulki","9":"product_cat-wszystkie-koszulki","10":"product_tag-kobieta","11":"product_tag-mezczyzna","12":"pa_rozmiar-ubrania-l","13":"pa_rozmiar-ubrania-m","14":"pa_rozmiar-ubrania-s","15":"pa_rozmiar-ubrania-xl","16":"pa_rozmiar-ubrania-xs","18":"first","19":"instock","20":"taxable","21":"shipping-taxable","22":"purchasable","23":"product-type-variable"},"acf":[],"yoast_head":"<!-- This site is optimized with the Yoast SEO plugin v27.2 - https:\/\/yoast.com\/product\/yoast-seo-wordpress\/ -->\n<title>KAWS Uniqlo X Andy Warhol Love Tee White - SHEZAMME<\/title>\n<meta name=\"description\" content=\"KAWS Uniqlo X Andy Warhol Love Tee White | Luksusowe i autentyczne przedmioty w jednym miejscu. B\u0105d\u017a na bie\u017c\u0105co i sprawd\u017a nasz\u0105 ofert\u0119 ju\u017c teraz\" \/>\n<meta name=\"robots\" content=\"index, follow, max-snippet:-1, max-image-preview:large, max-video-preview:-1\" \/>\n<link rel=\"canonical\" href=\"https:\/\/shezamme.com\/en\/sklep\/tshirts-2\/all-tshirts\/kaws-uniqlo-x-andy-warhol-love-tee-white\/\" \/>\n<meta property=\"og:locale\" content=\"en_US\" \/>\n<meta property=\"og:type\" content=\"article\" \/>\n<meta property=\"og:title\" content=\"KAWS Uniqlo X Andy Warhol Love Tee White - SHEZAMME\" \/>\n<meta property=\"og:description\" content=\"KAWS Uniqlo X Andy Warhol Love Tee White | Luksusowe i autentyczne przedmioty w jednym miejscu. B\u0105d\u017a na bie\u017c\u0105co i sprawd\u017a nasz\u0105 ofert\u0119 ju\u017c teraz\" \/>\n<meta property=\"og:url\" content=\"https:\/\/shezamme.com\/en\/sklep\/tshirts-2\/all-tshirts\/kaws-uniqlo-x-andy-warhol-love-tee-white\/\" \/>\n<meta property=\"og:site_name\" content=\"SHEZAMME - Yeezy, Jordan, Supreme i inne oryginalne rzeczy\" \/>\n<meta property=\"article:publisher\" content=\"https:\/\/www.facebook.com\/SHEZAMME\/\" \/>\n<meta property=\"article:modified_time\" content=\"2025-09-23T09:32:52+00:00\" \/>\n<meta property=\"og:image\" content=\"https:\/\/shezamme.com\/wp-content\/uploads\/2024\/12\/koszulka-biala.webp\" \/>\n\t<meta property=\"og:image:width\" content=\"1000\" \/>\n\t<meta property=\"og:image:height\" content=\"1000\" \/>\n\t<meta property=\"og:image:type\" content=\"image\/webp\" \/>\n<meta name=\"twitter:card\" content=\"summary_large_image\" \/>\n<meta name=\"twitter:site\" content=\"@SHEZAMME\" \/>\n<script type=\"application\/ld+json\" class=\"yoast-schema-graph\">{\"@context\":\"https:\/\/schema.org\",\"@graph\":[{\"@type\":\"WebPage\",\"@id\":\"https:\/\/shezamme.com\/sklep\/koszulki\/wszystkie-koszulki\/kaws-uniqlo-x-andy-warhol-love-tee-white\/\",\"url\":\"https:\/\/shezamme.com\/sklep\/koszulki\/wszystkie-koszulki\/kaws-uniqlo-x-andy-warhol-love-tee-white\/\",\"name\":\"KAWS Uniqlo X Andy Warhol Love Tee White - SHEZAMME\",\"isPartOf\":{\"@id\":\"https:\/\/shezamme.com\/#website\"},\"primaryImageOfPage\":{\"@id\":\"https:\/\/shezamme.com\/sklep\/koszulki\/wszystkie-koszulki\/kaws-uniqlo-x-andy-warhol-love-tee-white\/#primaryimage\"},\"image\":{\"@id\":\"https:\/\/shezamme.com\/sklep\/koszulki\/wszystkie-koszulki\/kaws-uniqlo-x-andy-warhol-love-tee-white\/#primaryimage\"},\"thumbnailUrl\":\"https:\/\/shezamme.com\/wp-content\/uploads\/2024\/12\/koszulka-biala.webp\",\"datePublished\":\"2024-12-17T17:43:29+00:00\",\"dateModified\":\"2025-09-23T09:32:52+00:00\",\"description\":\"KAWS Uniqlo X Andy Warhol Love Tee White | Luksusowe i autentyczne przedmioty w jednym miejscu. B\u0105d\u017a na bie\u017c\u0105co i sprawd\u017a nasz\u0105 ofert\u0119 ju\u017c teraz\",\"breadcrumb\":{\"@id\":\"https:\/\/shezamme.com\/sklep\/koszulki\/wszystkie-koszulki\/kaws-uniqlo-x-andy-warhol-love-tee-white\/#breadcrumb\"},\"inLanguage\":\"en-US\",\"potentialAction\":[{\"@type\":\"ReadAction\",\"target\":[\"https:\/\/shezamme.com\/sklep\/koszulki\/wszystkie-koszulki\/kaws-uniqlo-x-andy-warhol-love-tee-white\/\"]}]},{\"@type\":\"ImageObject\",\"inLanguage\":\"en-US\",\"@id\":\"https:\/\/shezamme.com\/sklep\/koszulki\/wszystkie-koszulki\/kaws-uniqlo-x-andy-warhol-love-tee-white\/#primaryimage\",\"url\":\"https:\/\/shezamme.com\/wp-content\/uploads\/2024\/12\/koszulka-biala.webp\",\"contentUrl\":\"https:\/\/shezamme.com\/wp-content\/uploads\/2024\/12\/koszulka-biala.webp\",\"width\":1000,\"height\":1000,\"caption\":\"KAWS Uniqlo X Andy Warhol Love Tee White\"},{\"@type\":\"BreadcrumbList\",\"@id\":\"https:\/\/shezamme.com\/sklep\/koszulki\/wszystkie-koszulki\/kaws-uniqlo-x-andy-warhol-love-tee-white\/#breadcrumb\",\"itemListElement\":[{\"@type\":\"ListItem\",\"position\":1,\"name\":\"Strona g\u0142\u00f3wna\",\"item\":\"https:\/\/shezamme.com\/\"},{\"@type\":\"ListItem\",\"position\":2,\"name\":\"Sklep\",\"item\":\"https:\/\/shezamme.com\/sklep\/\"},{\"@type\":\"ListItem\",\"position\":3,\"name\":\"KAWS Uniqlo X Andy Warhol Love Tee White\"}]},{\"@type\":\"WebSite\",\"@id\":\"https:\/\/shezamme.com\/#website\",\"url\":\"https:\/\/shezamme.com\/\",\"name\":\"SHEZAMME - Sneakersy, Streetwear i luksusowe marki\",\"description\":\"Oryginalne i ekskluzywne przedmioty w jednym miejscu. Sprawd\u017a nasze produkty ju\u017c teraz i b\u0105d\u017a na bie\u017c\u0105co z wszystkimi premierami.\",\"publisher\":{\"@id\":\"https:\/\/shezamme.com\/#organization\"},\"potentialAction\":[{\"@type\":\"SearchAction\",\"target\":{\"@type\":\"EntryPoint\",\"urlTemplate\":\"https:\/\/shezamme.com\/?s={search_term_string}\"},\"query-input\":{\"@type\":\"PropertyValueSpecification\",\"valueRequired\":true,\"valueName\":\"search_term_string\"}}],\"inLanguage\":\"en-US\"},{\"@type\":\"Organization\",\"@id\":\"https:\/\/shezamme.com\/#organization\",\"name\":\"SHEZAMME - Sneakersy, Streetwear i luksusowe marki\",\"url\":\"https:\/\/shezamme.com\/\",\"logo\":{\"@type\":\"ImageObject\",\"inLanguage\":\"en-US\",\"@id\":\"https:\/\/shezamme.com\/#\/schema\/logo\/image\/\",\"url\":\"https:\/\/shezamme.com\/wp-content\/uploads\/2023\/02\/0x0.png\",\"contentUrl\":\"https:\/\/shezamme.com\/wp-content\/uploads\/2023\/02\/0x0.png\",\"width\":2000,\"height\":2000,\"caption\":\"SHEZAMME - Sneakersy, Streetwear i luksusowe marki\"},\"image\":{\"@id\":\"https:\/\/shezamme.com\/#\/schema\/logo\/image\/\"},\"sameAs\":[\"https:\/\/www.facebook.com\/SHEZAMME\/\",\"https:\/\/x.com\/SHEZAMME\",\"https:\/\/www.instagram.com\/shezamme\/\",\"https:\/\/www.youtube.com\/channel\/UCsTJxi_9fODHdO_1bmJbqvQ\",\"https:\/\/www.tiktok.com\/shezamme.com\"]}]}<\/script>\n<!-- \/ Yoast SEO plugin. -->","yoast_head_json":{"title":"KAWS Uniqlo X Andy Warhol Love Tee White - SHEZAMME","description":"KAWS Uniqlo X Andy Warhol Love Tee White | Luksusowe i autentyczne przedmioty w jednym miejscu. B\u0105d\u017a na bie\u017c\u0105co i sprawd\u017a nasz\u0105 ofert\u0119 ju\u017c teraz","robots":{"index":"index","follow":"follow","max-snippet":"max-snippet:-1","max-image-preview":"max-image-preview:large","max-video-preview":"max-video-preview:-1"},"canonical":"https:\/\/shezamme.com\/en\/sklep\/tshirts-2\/all-tshirts\/kaws-uniqlo-x-andy-warhol-love-tee-white\/","og_locale":"en_US","og_type":"article","og_title":"KAWS Uniqlo X Andy Warhol Love Tee White - SHEZAMME","og_description":"KAWS Uniqlo X Andy Warhol Love Tee White | Luksusowe i autentyczne przedmioty w jednym miejscu. B\u0105d\u017a na bie\u017c\u0105co i sprawd\u017a nasz\u0105 ofert\u0119 ju\u017c teraz","og_url":"https:\/\/shezamme.com\/en\/sklep\/tshirts-2\/all-tshirts\/kaws-uniqlo-x-andy-warhol-love-tee-white\/","og_site_name":"SHEZAMME - Yeezy, Jordan, Supreme i inne oryginalne rzeczy","article_publisher":"https:\/\/www.facebook.com\/SHEZAMME\/","article_modified_time":"2025-09-23T09:32:52+00:00","og_image":[{"width":1000,"height":1000,"url":"https:\/\/shezamme.com\/wp-content\/uploads\/2024\/12\/koszulka-biala.webp","type":"image\/webp"}],"twitter_card":"summary_large_image","twitter_site":"@SHEZAMME","schema":{"@context":"https:\/\/schema.org","@graph":[{"@type":"WebPage","@id":"https:\/\/shezamme.com\/sklep\/koszulki\/wszystkie-koszulki\/kaws-uniqlo-x-andy-warhol-love-tee-white\/","url":"https:\/\/shezamme.com\/sklep\/koszulki\/wszystkie-koszulki\/kaws-uniqlo-x-andy-warhol-love-tee-white\/","name":"KAWS Uniqlo X Andy Warhol Love Tee White - SHEZAMME","isPartOf":{"@id":"https:\/\/shezamme.com\/#website"},"primaryImageOfPage":{"@id":"https:\/\/shezamme.com\/sklep\/koszulki\/wszystkie-koszulki\/kaws-uniqlo-x-andy-warhol-love-tee-white\/#primaryimage"},"image":{"@id":"https:\/\/shezamme.com\/sklep\/koszulki\/wszystkie-koszulki\/kaws-uniqlo-x-andy-warhol-love-tee-white\/#primaryimage"},"thumbnailUrl":"https:\/\/shezamme.com\/wp-content\/uploads\/2024\/12\/koszulka-biala.webp","datePublished":"2024-12-17T17:43:29+00:00","dateModified":"2025-09-23T09:32:52+00:00","description":"KAWS Uniqlo X Andy Warhol Love Tee White | Luksusowe i autentyczne przedmioty w jednym miejscu. B\u0105d\u017a na bie\u017c\u0105co i sprawd\u017a nasz\u0105 ofert\u0119 ju\u017c teraz","breadcrumb":{"@id":"https:\/\/shezamme.com\/sklep\/koszulki\/wszystkie-koszulki\/kaws-uniqlo-x-andy-warhol-love-tee-white\/#breadcrumb"},"inLanguage":"en-US","potentialAction":[{"@type":"ReadAction","target":["https:\/\/shezamme.com\/sklep\/koszulki\/wszystkie-koszulki\/kaws-uniqlo-x-andy-warhol-love-tee-white\/"]}]},{"@type":"ImageObject","inLanguage":"en-US","@id":"https:\/\/shezamme.com\/sklep\/koszulki\/wszystkie-koszulki\/kaws-uniqlo-x-andy-warhol-love-tee-white\/#primaryimage","url":"https:\/\/shezamme.com\/wp-content\/uploads\/2024\/12\/koszulka-biala.webp","contentUrl":"https:\/\/shezamme.com\/wp-content\/uploads\/2024\/12\/koszulka-biala.webp","width":1000,"height":1000,"caption":"KAWS Uniqlo X Andy Warhol Love Tee White"},{"@type":"BreadcrumbList","@id":"https:\/\/shezamme.com\/sklep\/koszulki\/wszystkie-koszulki\/kaws-uniqlo-x-andy-warhol-love-tee-white\/#breadcrumb","itemListElement":[{"@type":"ListItem","position":1,"name":"Strona g\u0142\u00f3wna","item":"https:\/\/shezamme.com\/"},{"@type":"ListItem","position":2,"name":"Sklep","item":"https:\/\/shezamme.com\/sklep\/"},{"@type":"ListItem","position":3,"name":"KAWS Uniqlo X Andy Warhol Love Tee White"}]},{"@type":"WebSite","@id":"https:\/\/shezamme.com\/#website","url":"https:\/\/shezamme.com\/","name":"SHEZAMME - Sneakers, Streetwear and luxury brands","description":"Original and exclusive items in one place. Check out our products now and stay up to date with all launches.","publisher":{"@id":"https:\/\/shezamme.com\/#organization"},"potentialAction":[{"@type":"SearchAction","target":{"@type":"EntryPoint","urlTemplate":"https:\/\/shezamme.com\/?s={search_term_string}"},"query-input":{"@type":"PropertyValueSpecification","valueRequired":true,"valueName":"search_term_string"}}],"inLanguage":"en-US"},{"@type":"Organization","@id":"https:\/\/shezamme.com\/#organization","name":"SHEZAMME - Sneakers, Streetwear and luxury brands","url":"https:\/\/shezamme.com\/","logo":{"@type":"ImageObject","inLanguage":"en-US","@id":"https:\/\/shezamme.com\/#\/schema\/logo\/image\/","url":"https:\/\/shezamme.com\/wp-content\/uploads\/2023\/02\/0x0.png","contentUrl":"https:\/\/shezamme.com\/wp-content\/uploads\/2023\/02\/0x0.png","width":2000,"height":2000,"caption":"SHEZAMME - Sneakersy, Streetwear i luksusowe marki"},"image":{"@id":"https:\/\/shezamme.com\/#\/schema\/logo\/image\/"},"sameAs":["https:\/\/www.facebook.com\/SHEZAMME\/","https:\/\/x.com\/SHEZAMME","https:\/\/www.instagram.com\/shezamme\/","https:\/\/www.youtube.com\/channel\/UCsTJxi_9fODHdO_1bmJbqvQ","https:\/\/www.tiktok.com\/shezamme.com"]}]}},"brands":[{"id":759,"name":"KAWS","slug":"kaws"},{"id":1087,"name":"Uniqlo","slug":"uniqlo"}],"_links":{"self":[{"href":"https:\/\/shezamme.com\/en\/wp-json\/wp\/v2\/product\/130509","targetHints":{"allow":["GET"]}}],"collection":[{"href":"https:\/\/shezamme.com\/en\/wp-json\/wp\/v2\/product"}],"about":[{"href":"https:\/\/shezamme.com\/en\/wp-json\/wp\/v2\/types\/product"}],"wp:featuredmedia":[{"embeddable":true,"href":"https:\/\/shezamme.com\/en\/wp-json\/wp\/v2\/media\/130514"}],"wp:attachment":[{"href":"https:\/\/shezamme.com\/en\/wp-json\/wp\/v2\/media?parent=130509"}],"wp:term":[{"taxonomy":"pwb-brand","embeddable":true,"href":"https:\/\/shezamme.com\/en\/wp-json\/wp\/v2\/pwb-brand?post=130509"},{"taxonomy":"product_brand","embeddable":true,"href":"https:\/\/shezamme.com\/en\/wp-json\/wp\/v2\/product_brand?post=130509"},{"taxonomy":"product_cat","embeddable":true,"href":"https:\/\/shezamme.com\/en\/wp-json\/wp\/v2\/product_cat?post=130509"},{"taxonomy":"product_tag","embeddable":true,"href":"https:\/\/shezamme.com\/en\/wp-json\/wp\/v2\/product_tag?post=130509"}],"curies":[{"name":"wp","href":"https:\/\/api.w.org\/{rel}","templated":true}]}}