{"id":130500,"date":"2024-12-17T18:37:54","date_gmt":"2024-12-17T17:37:54","guid":{"rendered":"https:\/\/shezamme.com\/?post_type=product&#038;p=130500"},"modified":"2025-08-29T12:57:25","modified_gmt":"2025-08-29T10:57:25","slug":"yeezy-x-gosha-black-dogs-t-shirt-heather-grey","status":"publish","type":"product","link":"https:\/\/shezamme.com\/en\/sklep\/koszulki\/wszystkie-koszulki\/yeezy-x-gosha-black-dogs-t-shirt-heather-grey\/","title":{"rendered":"Yeezy x Gosha Black Dogs T-shirt Heather Grey"},"content":{"rendered":"<h2>Yeezy x Gosha Black Dogs T-Shirt \u2013 minimalistyczna ikona streetwearu<\/h2>\n<p>Koszulka Yeezy x Gosha Black Dogs w kolorze melan\u017cowej szaro\u015bci to efekt unikalnej kolaboracji dw\u00f3ch ikon mody ulicznej. Wykonana z wysokiej jako\u015bci bawe\u0142ny o \u015bredniej gramaturze, oferuje przewiewno\u015b\u0107 i komfort noszenia. Oversize fit oraz kontrastowy nadruk \u201eBlack Dogs\u201d podkre\u015blaj\u0105 surowy, miejski styl wsp\u00f3\u0142pracy Yeezy i Gosha Rubchinskiy.<\/p>\n<p>Limitowana edycja tego t-shirtu sprawia, \u017ce jest to wyj\u0105tkowy element garderoby, ceniony przez kolekcjoner\u00f3w i fan\u00f3w ekskluzywnego streetwearu. Idealny do codziennych stylizacji w letnie dni lub jako baza warstwowych look\u00f3w.<\/p>","protected":false},"excerpt":{"rendered":"<h2>Yeezy x Gosha Black Dogs T-Shirt \u2013 surowy minimalizm w limitowanej edycji<\/h2>\n<p>Koszulka Yeezy x Gosha w odcieniu melan\u017cowej szaro\u015bci wyr\u00f3\u017cnia si\u0119 oversize&#8217;owym krojem i kontrastowym nadrukiem \u201eBlack Dogs\u201d. Wykonana z wysokiej jako\u015bci bawe\u0142ny, \u0142\u0105czy komfort z unikalnym, miejskim stylem. Limitowany drop dla fan\u00f3w ekskluzywnego streetwearu.<\/p>","protected":false},"featured_media":204665,"template":"","meta":{"_acf_changed":false},"pwb-brand":[760,750],"product_brand":[],"product_cat":[140,999,903],"product_tag":[1008,1009],"class_list":{"0":"post-130500","1":"product","2":"type-product","3":"status-publish","4":"has-post-thumbnail","6":"pwb-brand-gosha-rubchinskiy","7":"pwb-brand-yeezy","8":"product_cat-koszulki","9":"product_cat-koszulki-yeezy","10":"product_cat-wszystkie-koszulki","11":"product_tag-kobieta","12":"product_tag-mezczyzna","13":"pa_rozmiar-ubrania-m","14":"pa_rozmiar-ubrania-s","15":"pa_rozmiar-ubrania-xl","17":"first","18":"instock","19":"taxable","20":"shipping-taxable","21":"purchasable","22":"product-type-variable"},"acf":[],"yoast_head":"<!-- This site is optimized with the Yoast SEO plugin v27.2 - https:\/\/yoast.com\/product\/yoast-seo-wordpress\/ -->\n<title>Yeezy x Gosha Black Dogs T-shirt Heather Grey - SHEZAMME<\/title>\n<meta name=\"description\" content=\"Yeezy x Gosha Black Dogs T-shirt Heather Grey | Luksusowe i autentyczne przedmioty w jednym miejscu. B\u0105d\u017a na bie\u017c\u0105co i sprawd\u017a nasz\u0105 ofert\u0119 ju\u017c teraz\" \/>\n<meta name=\"robots\" content=\"index, follow, max-snippet:-1, max-image-preview:large, max-video-preview:-1\" \/>\n<link rel=\"canonical\" href=\"https:\/\/shezamme.com\/en\/sklep\/tshirts-2\/all-tshirts\/yeezy-x-gosha-black-dogs-t-shirt-heather-grey\/\" \/>\n<meta property=\"og:locale\" content=\"en_US\" \/>\n<meta property=\"og:type\" content=\"article\" \/>\n<meta property=\"og:title\" content=\"Yeezy x Gosha Black Dogs T-shirt Heather Grey - SHEZAMME\" \/>\n<meta property=\"og:description\" content=\"Yeezy x Gosha Black Dogs T-shirt Heather Grey | Luksusowe i autentyczne przedmioty w jednym miejscu. B\u0105d\u017a na bie\u017c\u0105co i sprawd\u017a nasz\u0105 ofert\u0119 ju\u017c teraz\" \/>\n<meta property=\"og:url\" content=\"https:\/\/shezamme.com\/en\/sklep\/tshirts-2\/all-tshirts\/yeezy-x-gosha-black-dogs-t-shirt-heather-grey\/\" \/>\n<meta property=\"og:site_name\" content=\"SHEZAMME - Yeezy, Jordan, Supreme i inne oryginalne rzeczy\" \/>\n<meta property=\"article:publisher\" content=\"https:\/\/www.facebook.com\/SHEZAMME\/\" \/>\n<meta property=\"article:modified_time\" content=\"2025-08-29T10:57:25+00:00\" \/>\n<meta property=\"og:image\" content=\"https:\/\/shezamme.com\/wp-content\/uploads\/2024\/04\/Yeezy-x-Gosha-Black-Dogs-T-shirt-Heather-Grey-1.webp\" \/>\n\t<meta property=\"og:image:width\" content=\"1080\" \/>\n\t<meta property=\"og:image:height\" content=\"1080\" \/>\n\t<meta property=\"og:image:type\" content=\"image\/webp\" \/>\n<meta name=\"twitter:card\" content=\"summary_large_image\" \/>\n<meta name=\"twitter:site\" content=\"@SHEZAMME\" \/>\n<script type=\"application\/ld+json\" class=\"yoast-schema-graph\">{\"@context\":\"https:\/\/schema.org\",\"@graph\":[{\"@type\":\"WebPage\",\"@id\":\"https:\/\/shezamme.com\/sklep\/koszulki\/wszystkie-koszulki\/yeezy-x-gosha-black-dogs-t-shirt-heather-grey\/\",\"url\":\"https:\/\/shezamme.com\/sklep\/koszulki\/wszystkie-koszulki\/yeezy-x-gosha-black-dogs-t-shirt-heather-grey\/\",\"name\":\"Yeezy x Gosha Black Dogs T-shirt Heather Grey - SHEZAMME\",\"isPartOf\":{\"@id\":\"https:\/\/shezamme.com\/#website\"},\"primaryImageOfPage\":{\"@id\":\"https:\/\/shezamme.com\/sklep\/koszulki\/wszystkie-koszulki\/yeezy-x-gosha-black-dogs-t-shirt-heather-grey\/#primaryimage\"},\"image\":{\"@id\":\"https:\/\/shezamme.com\/sklep\/koszulki\/wszystkie-koszulki\/yeezy-x-gosha-black-dogs-t-shirt-heather-grey\/#primaryimage\"},\"thumbnailUrl\":\"https:\/\/shezamme.com\/wp-content\/uploads\/2024\/04\/Yeezy-x-Gosha-Black-Dogs-T-shirt-Heather-Grey-1.webp\",\"datePublished\":\"2024-12-17T17:37:54+00:00\",\"dateModified\":\"2025-08-29T10:57:25+00:00\",\"description\":\"Yeezy x Gosha Black Dogs T-shirt Heather Grey | Luksusowe i autentyczne przedmioty w jednym miejscu. B\u0105d\u017a na bie\u017c\u0105co i sprawd\u017a nasz\u0105 ofert\u0119 ju\u017c teraz\",\"breadcrumb\":{\"@id\":\"https:\/\/shezamme.com\/sklep\/koszulki\/wszystkie-koszulki\/yeezy-x-gosha-black-dogs-t-shirt-heather-grey\/#breadcrumb\"},\"inLanguage\":\"en-US\",\"potentialAction\":[{\"@type\":\"ReadAction\",\"target\":[\"https:\/\/shezamme.com\/sklep\/koszulki\/wszystkie-koszulki\/yeezy-x-gosha-black-dogs-t-shirt-heather-grey\/\"]}]},{\"@type\":\"ImageObject\",\"inLanguage\":\"en-US\",\"@id\":\"https:\/\/shezamme.com\/sklep\/koszulki\/wszystkie-koszulki\/yeezy-x-gosha-black-dogs-t-shirt-heather-grey\/#primaryimage\",\"url\":\"https:\/\/shezamme.com\/wp-content\/uploads\/2024\/04\/Yeezy-x-Gosha-Black-Dogs-T-shirt-Heather-Grey-1.webp\",\"contentUrl\":\"https:\/\/shezamme.com\/wp-content\/uploads\/2024\/04\/Yeezy-x-Gosha-Black-Dogs-T-shirt-Heather-Grey-1.webp\",\"width\":1080,\"height\":1080,\"caption\":\"Yeezy x Gosha Black Dogs T-shirt Heather Grey 1\"},{\"@type\":\"BreadcrumbList\",\"@id\":\"https:\/\/shezamme.com\/sklep\/koszulki\/wszystkie-koszulki\/yeezy-x-gosha-black-dogs-t-shirt-heather-grey\/#breadcrumb\",\"itemListElement\":[{\"@type\":\"ListItem\",\"position\":1,\"name\":\"Strona g\u0142\u00f3wna\",\"item\":\"https:\/\/shezamme.com\/\"},{\"@type\":\"ListItem\",\"position\":2,\"name\":\"Sklep\",\"item\":\"https:\/\/shezamme.com\/sklep\/\"},{\"@type\":\"ListItem\",\"position\":3,\"name\":\"Yeezy x Gosha Black Dogs T-shirt Heather Grey\"}]},{\"@type\":\"WebSite\",\"@id\":\"https:\/\/shezamme.com\/#website\",\"url\":\"https:\/\/shezamme.com\/\",\"name\":\"SHEZAMME - Sneakersy, Streetwear i luksusowe marki\",\"description\":\"Oryginalne i ekskluzywne przedmioty w jednym miejscu. Sprawd\u017a nasze produkty ju\u017c teraz i b\u0105d\u017a na bie\u017c\u0105co z wszystkimi premierami.\",\"publisher\":{\"@id\":\"https:\/\/shezamme.com\/#organization\"},\"potentialAction\":[{\"@type\":\"SearchAction\",\"target\":{\"@type\":\"EntryPoint\",\"urlTemplate\":\"https:\/\/shezamme.com\/?s={search_term_string}\"},\"query-input\":{\"@type\":\"PropertyValueSpecification\",\"valueRequired\":true,\"valueName\":\"search_term_string\"}}],\"inLanguage\":\"en-US\"},{\"@type\":\"Organization\",\"@id\":\"https:\/\/shezamme.com\/#organization\",\"name\":\"SHEZAMME - Sneakersy, Streetwear i luksusowe marki\",\"url\":\"https:\/\/shezamme.com\/\",\"logo\":{\"@type\":\"ImageObject\",\"inLanguage\":\"en-US\",\"@id\":\"https:\/\/shezamme.com\/#\/schema\/logo\/image\/\",\"url\":\"https:\/\/shezamme.com\/wp-content\/uploads\/2023\/02\/0x0.png\",\"contentUrl\":\"https:\/\/shezamme.com\/wp-content\/uploads\/2023\/02\/0x0.png\",\"width\":2000,\"height\":2000,\"caption\":\"SHEZAMME - Sneakersy, Streetwear i luksusowe marki\"},\"image\":{\"@id\":\"https:\/\/shezamme.com\/#\/schema\/logo\/image\/\"},\"sameAs\":[\"https:\/\/www.facebook.com\/SHEZAMME\/\",\"https:\/\/x.com\/SHEZAMME\",\"https:\/\/www.instagram.com\/shezamme\/\",\"https:\/\/www.youtube.com\/channel\/UCsTJxi_9fODHdO_1bmJbqvQ\",\"https:\/\/www.tiktok.com\/shezamme.com\"]}]}<\/script>\n<!-- \/ Yoast SEO plugin. -->","yoast_head_json":{"title":"Yeezy x Gosha Black Dogs T-shirt Heather Grey - SHEZAMME","description":"Yeezy x Gosha Black Dogs T-shirt Heather Grey | Luksusowe i autentyczne przedmioty w jednym miejscu. B\u0105d\u017a na bie\u017c\u0105co i sprawd\u017a nasz\u0105 ofert\u0119 ju\u017c teraz","robots":{"index":"index","follow":"follow","max-snippet":"max-snippet:-1","max-image-preview":"max-image-preview:large","max-video-preview":"max-video-preview:-1"},"canonical":"https:\/\/shezamme.com\/en\/sklep\/tshirts-2\/all-tshirts\/yeezy-x-gosha-black-dogs-t-shirt-heather-grey\/","og_locale":"en_US","og_type":"article","og_title":"Yeezy x Gosha Black Dogs T-shirt Heather Grey - SHEZAMME","og_description":"Yeezy x Gosha Black Dogs T-shirt Heather Grey | Luksusowe i autentyczne przedmioty w jednym miejscu. B\u0105d\u017a na bie\u017c\u0105co i sprawd\u017a nasz\u0105 ofert\u0119 ju\u017c teraz","og_url":"https:\/\/shezamme.com\/en\/sklep\/tshirts-2\/all-tshirts\/yeezy-x-gosha-black-dogs-t-shirt-heather-grey\/","og_site_name":"SHEZAMME - Yeezy, Jordan, Supreme i inne oryginalne rzeczy","article_publisher":"https:\/\/www.facebook.com\/SHEZAMME\/","article_modified_time":"2025-08-29T10:57:25+00:00","og_image":[{"width":1080,"height":1080,"url":"https:\/\/shezamme.com\/wp-content\/uploads\/2024\/04\/Yeezy-x-Gosha-Black-Dogs-T-shirt-Heather-Grey-1.webp","type":"image\/webp"}],"twitter_card":"summary_large_image","twitter_site":"@SHEZAMME","schema":{"@context":"https:\/\/schema.org","@graph":[{"@type":"WebPage","@id":"https:\/\/shezamme.com\/sklep\/koszulki\/wszystkie-koszulki\/yeezy-x-gosha-black-dogs-t-shirt-heather-grey\/","url":"https:\/\/shezamme.com\/sklep\/koszulki\/wszystkie-koszulki\/yeezy-x-gosha-black-dogs-t-shirt-heather-grey\/","name":"Yeezy x Gosha Black Dogs T-shirt Heather Grey - SHEZAMME","isPartOf":{"@id":"https:\/\/shezamme.com\/#website"},"primaryImageOfPage":{"@id":"https:\/\/shezamme.com\/sklep\/koszulki\/wszystkie-koszulki\/yeezy-x-gosha-black-dogs-t-shirt-heather-grey\/#primaryimage"},"image":{"@id":"https:\/\/shezamme.com\/sklep\/koszulki\/wszystkie-koszulki\/yeezy-x-gosha-black-dogs-t-shirt-heather-grey\/#primaryimage"},"thumbnailUrl":"https:\/\/shezamme.com\/wp-content\/uploads\/2024\/04\/Yeezy-x-Gosha-Black-Dogs-T-shirt-Heather-Grey-1.webp","datePublished":"2024-12-17T17:37:54+00:00","dateModified":"2025-08-29T10:57:25+00:00","description":"Yeezy x Gosha Black Dogs T-shirt Heather Grey | Luksusowe i autentyczne przedmioty w jednym miejscu. B\u0105d\u017a na bie\u017c\u0105co i sprawd\u017a nasz\u0105 ofert\u0119 ju\u017c teraz","breadcrumb":{"@id":"https:\/\/shezamme.com\/sklep\/koszulki\/wszystkie-koszulki\/yeezy-x-gosha-black-dogs-t-shirt-heather-grey\/#breadcrumb"},"inLanguage":"en-US","potentialAction":[{"@type":"ReadAction","target":["https:\/\/shezamme.com\/sklep\/koszulki\/wszystkie-koszulki\/yeezy-x-gosha-black-dogs-t-shirt-heather-grey\/"]}]},{"@type":"ImageObject","inLanguage":"en-US","@id":"https:\/\/shezamme.com\/sklep\/koszulki\/wszystkie-koszulki\/yeezy-x-gosha-black-dogs-t-shirt-heather-grey\/#primaryimage","url":"https:\/\/shezamme.com\/wp-content\/uploads\/2024\/04\/Yeezy-x-Gosha-Black-Dogs-T-shirt-Heather-Grey-1.webp","contentUrl":"https:\/\/shezamme.com\/wp-content\/uploads\/2024\/04\/Yeezy-x-Gosha-Black-Dogs-T-shirt-Heather-Grey-1.webp","width":1080,"height":1080,"caption":"Yeezy x Gosha Black Dogs T-shirt Heather Grey 1"},{"@type":"BreadcrumbList","@id":"https:\/\/shezamme.com\/sklep\/koszulki\/wszystkie-koszulki\/yeezy-x-gosha-black-dogs-t-shirt-heather-grey\/#breadcrumb","itemListElement":[{"@type":"ListItem","position":1,"name":"Strona g\u0142\u00f3wna","item":"https:\/\/shezamme.com\/"},{"@type":"ListItem","position":2,"name":"Sklep","item":"https:\/\/shezamme.com\/sklep\/"},{"@type":"ListItem","position":3,"name":"Yeezy x Gosha Black Dogs T-shirt Heather Grey"}]},{"@type":"WebSite","@id":"https:\/\/shezamme.com\/#website","url":"https:\/\/shezamme.com\/","name":"SHEZAMME - Sneakers, Streetwear and luxury brands","description":"Original and exclusive items in one place. Check out our products now and stay up to date with all launches.","publisher":{"@id":"https:\/\/shezamme.com\/#organization"},"potentialAction":[{"@type":"SearchAction","target":{"@type":"EntryPoint","urlTemplate":"https:\/\/shezamme.com\/?s={search_term_string}"},"query-input":{"@type":"PropertyValueSpecification","valueRequired":true,"valueName":"search_term_string"}}],"inLanguage":"en-US"},{"@type":"Organization","@id":"https:\/\/shezamme.com\/#organization","name":"SHEZAMME - Sneakers, Streetwear and luxury brands","url":"https:\/\/shezamme.com\/","logo":{"@type":"ImageObject","inLanguage":"en-US","@id":"https:\/\/shezamme.com\/#\/schema\/logo\/image\/","url":"https:\/\/shezamme.com\/wp-content\/uploads\/2023\/02\/0x0.png","contentUrl":"https:\/\/shezamme.com\/wp-content\/uploads\/2023\/02\/0x0.png","width":2000,"height":2000,"caption":"SHEZAMME - Sneakersy, Streetwear i luksusowe marki"},"image":{"@id":"https:\/\/shezamme.com\/#\/schema\/logo\/image\/"},"sameAs":["https:\/\/www.facebook.com\/SHEZAMME\/","https:\/\/x.com\/SHEZAMME","https:\/\/www.instagram.com\/shezamme\/","https:\/\/www.youtube.com\/channel\/UCsTJxi_9fODHdO_1bmJbqvQ","https:\/\/www.tiktok.com\/shezamme.com"]}]}},"brands":[{"id":760,"name":"Gosha Rubchinskiy","slug":"gosha-rubchinskiy"},{"id":750,"name":"Yeezy","slug":"yeezy"}],"_links":{"self":[{"href":"https:\/\/shezamme.com\/en\/wp-json\/wp\/v2\/product\/130500","targetHints":{"allow":["GET"]}}],"collection":[{"href":"https:\/\/shezamme.com\/en\/wp-json\/wp\/v2\/product"}],"about":[{"href":"https:\/\/shezamme.com\/en\/wp-json\/wp\/v2\/types\/product"}],"wp:featuredmedia":[{"embeddable":true,"href":"https:\/\/shezamme.com\/en\/wp-json\/wp\/v2\/media\/204665"}],"wp:attachment":[{"href":"https:\/\/shezamme.com\/en\/wp-json\/wp\/v2\/media?parent=130500"}],"wp:term":[{"taxonomy":"pwb-brand","embeddable":true,"href":"https:\/\/shezamme.com\/en\/wp-json\/wp\/v2\/pwb-brand?post=130500"},{"taxonomy":"product_brand","embeddable":true,"href":"https:\/\/shezamme.com\/en\/wp-json\/wp\/v2\/product_brand?post=130500"},{"taxonomy":"product_cat","embeddable":true,"href":"https:\/\/shezamme.com\/en\/wp-json\/wp\/v2\/product_cat?post=130500"},{"taxonomy":"product_tag","embeddable":true,"href":"https:\/\/shezamme.com\/en\/wp-json\/wp\/v2\/product_tag?post=130500"}],"curies":[{"name":"wp","href":"https:\/\/api.w.org\/{rel}","templated":true}]}}