{"id":130345,"date":"2024-12-11T19:27:09","date_gmt":"2024-12-11T18:27:09","guid":{"rendered":"https:\/\/shezamme.com\/?post_type=product&#038;p=130345"},"modified":"2025-04-02T18:34:50","modified_gmt":"2025-04-02T16:34:50","slug":"supreme-satchidananda-tee-white","status":"publish","type":"product","link":"https:\/\/shezamme.com\/en\/sklep\/koszulki\/wszystkie-koszulki\/supreme-satchidananda-tee-white\/","title":{"rendered":"Supreme Satchidananda Tee White"},"content":{"rendered":"<h2>Supreme Satchidananda Tee White \u2013 duchowo\u015b\u0107 w minimalistycznym stylu<\/h2>\n<p><strong>Inspiruj\u0105cy nadruk z przes\u0142aniem<\/strong><br \/>\nKoszulka Supreme Satchidananda Tee White prezentuje nadruk z wizerunkiem Swamiego Satchidanandy, ikonicznej postaci duchowo\u015bci i promotora pokoju. Dodatkowy napis inspirowany jego naukami dodaje g\u0142\u0119bi i wyj\u0105tkowego charakteru, idealnie wsp\u00f3\u0142graj\u0105c z bia\u0142ym t\u0142em koszulki.<\/p>\n<p><strong>Komfort i jako\u015b\u0107 w klasycznym fasonie<\/strong><br \/>\nModel zosta\u0142 wykonany z 100% bawe\u0142ny o wysokiej gramaturze, co gwarantuje trwa\u0142o\u015b\u0107 i wygod\u0119 noszenia. Klasyczny kr\u00f3j Regular Fit sprawia, \u017ce koszulka doskonale dopasowuje si\u0119 do ka\u017cdej sylwetki, oferuj\u0105c swobod\u0119 i uniwersalno\u015b\u0107.<\/p>\n<p>Limitowana edycja Supreme Satchidananda Tee White to idealny wyb\u00f3r dla mi\u0142o\u015bnik\u00f3w mody ulicznej, kt\u00f3rzy ceni\u0105 unikalny design z duchowym przes\u0142aniem.<\/p>","protected":false},"excerpt":{"rendered":"<div class=\"flex-1 overflow-hidden @container\/thread\">\n<div class=\"h-full\">\n<div class=\"react-scroll-to-bottom--css-okubu-79elbk h-full\">\n<div class=\"react-scroll-to-bottom--css-okubu-1n7m0yu\">\n<div class=\"flex flex-col text-sm md:pb-9\">\n<article class=\"w-full scroll-mb-[var(--thread-trailing-height,150px)] text-token-text-primary focus-visible:outline-2 focus-visible:outline-offset-[-4px]\" dir=\"auto\" data-testid=\"conversation-turn-25\" data-scroll-anchor=\"true\">\n<div class=\"m-auto text-base py-[18px] px-3 md:px-4 w-full md:px-5 lg:px-4 xl:px-5\">\n<div class=\"mx-auto flex flex-1 gap-4 text-base md:gap-5 lg:gap-6 md:max-w-3xl lg:max-w-[40rem] xl:max-w-[48rem]\">\n<div class=\"group\/conversation-turn relative flex w-full min-w-0 flex-col agent-turn\">\n<div class=\"flex-col gap-1 md:gap-3\">\n<div class=\"flex max-w-full flex-col flex-grow\">\n<div class=\"min-h-8 text-message flex w-full flex-col items-end gap-2 whitespace-normal break-words text-start [.text-message+&amp;]:mt-5\" dir=\"auto\" data-message-author-role=\"assistant\" data-message-id=\"f5a90003-8ff9-41c3-b484-b7b5ab57b525\" data-message-model-slug=\"gpt-4o\">\n<div class=\"flex w-full flex-col gap-1 empty:hidden first:pt-[3px]\">\n<div class=\"markdown prose w-full break-words dark:prose-invert dark\">\n<h2>Supreme Satchidananda Tee White \u2013 duchowe przes\u0142anie w streetwearze<\/h2>\n<p>Koszulka Supreme Satchidananda Tee White z nadrukiem Swamiego Satchidanandy i inspiruj\u0105cym napisem to po\u0142\u0105czenie duchowo\u015bci z minimalistycznym stylem. Wykonana z bawe\u0142ny o wysokiej gramaturze, zapewnia komfort i trwa\u0142o\u015b\u0107, a klasyczny kr\u00f3j Regular Fit czyni j\u0105 uniwersalnym elementem garderoby<\/p>\n<\/div>\n<\/div>\n<\/div>\n<\/div>\n<\/div>\n<\/div>\n<\/div>\n<\/div>\n<\/article>\n<\/div>\n<\/div>\n<\/div>\n<\/div>\n<\/div>\n","protected":false},"featured_media":130348,"template":"","meta":{"_acf_changed":false,"_yoast_wpseo_focuskw":"","_yoast_wpseo_title":"","_yoast_wpseo_metadesc":""},"pwb-brand":[753],"product_brand":[],"product_cat":[140,905,903],"product_tag":[1008,1009],"class_list":{"0":"post-130345","1":"product","2":"type-product","3":"status-publish","4":"has-post-thumbnail","6":"pwb-brand-supreme","7":"product_cat-koszulki","8":"product_cat-koszulki-supreme","9":"product_cat-wszystkie-koszulki","10":"product_tag-kobieta","11":"product_tag-mezczyzna","12":"pa_rozmiar-ubrania-l","13":"pa_rozmiar-ubrania-m","15":"first","16":"instock","17":"taxable","18":"shipping-taxable","19":"purchasable","20":"product-type-variable"},"acf":[],"yoast_head":"<!-- This site is optimized with the Yoast SEO plugin v27.2 - https:\/\/yoast.com\/product\/yoast-seo-wordpress\/ -->\n<title>Supreme Satchidananda Tee White - SHEZAMME<\/title>\n<meta name=\"description\" content=\"Supreme Satchidananda Tee White | Luksusowe i autentyczne przedmioty w jednym miejscu. B\u0105d\u017a na bie\u017c\u0105co i sprawd\u017a nasz\u0105 ofert\u0119 ju\u017c teraz\" \/>\n<meta name=\"robots\" content=\"index, follow, max-snippet:-1, max-image-preview:large, max-video-preview:-1\" \/>\n<link rel=\"canonical\" href=\"https:\/\/shezamme.com\/en\/sklep\/tshirts-2\/all-tshirts\/supreme-satchidananda-tee-white\/\" \/>\n<meta property=\"og:locale\" content=\"en_US\" \/>\n<meta property=\"og:type\" content=\"article\" \/>\n<meta property=\"og:title\" content=\"Supreme Satchidananda Tee White - SHEZAMME\" \/>\n<meta property=\"og:description\" content=\"Supreme Satchidananda Tee White | Luksusowe i autentyczne przedmioty w jednym miejscu. B\u0105d\u017a na bie\u017c\u0105co i sprawd\u017a nasz\u0105 ofert\u0119 ju\u017c teraz\" \/>\n<meta property=\"og:url\" content=\"https:\/\/shezamme.com\/en\/sklep\/tshirts-2\/all-tshirts\/supreme-satchidananda-tee-white\/\" \/>\n<meta property=\"og:site_name\" content=\"SHEZAMME - Yeezy, Jordan, Supreme i inne oryginalne rzeczy\" \/>\n<meta property=\"article:publisher\" content=\"https:\/\/www.facebook.com\/SHEZAMME\/\" \/>\n<meta property=\"article:modified_time\" content=\"2025-04-02T16:34:50+00:00\" \/>\n<meta property=\"og:image\" content=\"https:\/\/shezamme.com\/wp-content\/uploads\/2024\/12\/supreme-satchidananda-tee-white-1260x1260-1.webp\" \/>\n\t<meta property=\"og:image:width\" content=\"1260\" \/>\n\t<meta property=\"og:image:height\" content=\"1260\" \/>\n\t<meta property=\"og:image:type\" content=\"image\/webp\" \/>\n<meta name=\"twitter:card\" content=\"summary_large_image\" \/>\n<meta name=\"twitter:site\" content=\"@SHEZAMME\" \/>\n<meta name=\"twitter:label1\" content=\"Est. reading time\" \/>\n\t<meta name=\"twitter:data1\" content=\"1 minute\" \/>\n<script type=\"application\/ld+json\" class=\"yoast-schema-graph\">{\"@context\":\"https:\/\/schema.org\",\"@graph\":[{\"@type\":\"WebPage\",\"@id\":\"https:\/\/shezamme.com\/sklep\/koszulki\/wszystkie-koszulki\/supreme-satchidananda-tee-white\/\",\"url\":\"https:\/\/shezamme.com\/sklep\/koszulki\/wszystkie-koszulki\/supreme-satchidananda-tee-white\/\",\"name\":\"Supreme Satchidananda Tee White - SHEZAMME\",\"isPartOf\":{\"@id\":\"https:\/\/shezamme.com\/#website\"},\"primaryImageOfPage\":{\"@id\":\"https:\/\/shezamme.com\/sklep\/koszulki\/wszystkie-koszulki\/supreme-satchidananda-tee-white\/#primaryimage\"},\"image\":{\"@id\":\"https:\/\/shezamme.com\/sklep\/koszulki\/wszystkie-koszulki\/supreme-satchidananda-tee-white\/#primaryimage\"},\"thumbnailUrl\":\"https:\/\/shezamme.com\/wp-content\/uploads\/2024\/12\/supreme-satchidananda-tee-white-1260x1260-1.webp\",\"datePublished\":\"2024-12-11T18:27:09+00:00\",\"dateModified\":\"2025-04-02T16:34:50+00:00\",\"description\":\"Supreme Satchidananda Tee White | Luksusowe i autentyczne przedmioty w jednym miejscu. B\u0105d\u017a na bie\u017c\u0105co i sprawd\u017a nasz\u0105 ofert\u0119 ju\u017c teraz\",\"breadcrumb\":{\"@id\":\"https:\/\/shezamme.com\/sklep\/koszulki\/wszystkie-koszulki\/supreme-satchidananda-tee-white\/#breadcrumb\"},\"inLanguage\":\"en-US\",\"potentialAction\":[{\"@type\":\"ReadAction\",\"target\":[\"https:\/\/shezamme.com\/sklep\/koszulki\/wszystkie-koszulki\/supreme-satchidananda-tee-white\/\"]}]},{\"@type\":\"ImageObject\",\"inLanguage\":\"en-US\",\"@id\":\"https:\/\/shezamme.com\/sklep\/koszulki\/wszystkie-koszulki\/supreme-satchidananda-tee-white\/#primaryimage\",\"url\":\"https:\/\/shezamme.com\/wp-content\/uploads\/2024\/12\/supreme-satchidananda-tee-white-1260x1260-1.webp\",\"contentUrl\":\"https:\/\/shezamme.com\/wp-content\/uploads\/2024\/12\/supreme-satchidananda-tee-white-1260x1260-1.webp\",\"width\":1260,\"height\":1260},{\"@type\":\"BreadcrumbList\",\"@id\":\"https:\/\/shezamme.com\/sklep\/koszulki\/wszystkie-koszulki\/supreme-satchidananda-tee-white\/#breadcrumb\",\"itemListElement\":[{\"@type\":\"ListItem\",\"position\":1,\"name\":\"Strona g\u0142\u00f3wna\",\"item\":\"https:\/\/shezamme.com\/\"},{\"@type\":\"ListItem\",\"position\":2,\"name\":\"Sklep\",\"item\":\"https:\/\/shezamme.com\/sklep\/\"},{\"@type\":\"ListItem\",\"position\":3,\"name\":\"Supreme Satchidananda Tee White\"}]},{\"@type\":\"WebSite\",\"@id\":\"https:\/\/shezamme.com\/#website\",\"url\":\"https:\/\/shezamme.com\/\",\"name\":\"SHEZAMME - Sneakersy, Streetwear i luksusowe marki\",\"description\":\"Oryginalne i ekskluzywne przedmioty w jednym miejscu. Sprawd\u017a nasze produkty ju\u017c teraz i b\u0105d\u017a na bie\u017c\u0105co z wszystkimi premierami.\",\"publisher\":{\"@id\":\"https:\/\/shezamme.com\/#organization\"},\"potentialAction\":[{\"@type\":\"SearchAction\",\"target\":{\"@type\":\"EntryPoint\",\"urlTemplate\":\"https:\/\/shezamme.com\/?s={search_term_string}\"},\"query-input\":{\"@type\":\"PropertyValueSpecification\",\"valueRequired\":true,\"valueName\":\"search_term_string\"}}],\"inLanguage\":\"en-US\"},{\"@type\":\"Organization\",\"@id\":\"https:\/\/shezamme.com\/#organization\",\"name\":\"SHEZAMME - Sneakersy, Streetwear i luksusowe marki\",\"url\":\"https:\/\/shezamme.com\/\",\"logo\":{\"@type\":\"ImageObject\",\"inLanguage\":\"en-US\",\"@id\":\"https:\/\/shezamme.com\/#\/schema\/logo\/image\/\",\"url\":\"https:\/\/shezamme.com\/wp-content\/uploads\/2023\/02\/0x0.png\",\"contentUrl\":\"https:\/\/shezamme.com\/wp-content\/uploads\/2023\/02\/0x0.png\",\"width\":2000,\"height\":2000,\"caption\":\"SHEZAMME - Sneakersy, Streetwear i luksusowe marki\"},\"image\":{\"@id\":\"https:\/\/shezamme.com\/#\/schema\/logo\/image\/\"},\"sameAs\":[\"https:\/\/www.facebook.com\/SHEZAMME\/\",\"https:\/\/x.com\/SHEZAMME\",\"https:\/\/www.instagram.com\/shezamme\/\",\"https:\/\/www.youtube.com\/channel\/UCsTJxi_9fODHdO_1bmJbqvQ\",\"https:\/\/www.tiktok.com\/shezamme.com\"]}]}<\/script>\n<!-- \/ Yoast SEO plugin. -->","yoast_head_json":{"title":"Supreme Satchidananda Tee White - SHEZAMME","description":"Supreme Satchidananda Tee White | Luksusowe i autentyczne przedmioty w jednym miejscu. B\u0105d\u017a na bie\u017c\u0105co i sprawd\u017a nasz\u0105 ofert\u0119 ju\u017c teraz","robots":{"index":"index","follow":"follow","max-snippet":"max-snippet:-1","max-image-preview":"max-image-preview:large","max-video-preview":"max-video-preview:-1"},"canonical":"https:\/\/shezamme.com\/en\/sklep\/tshirts-2\/all-tshirts\/supreme-satchidananda-tee-white\/","og_locale":"en_US","og_type":"article","og_title":"Supreme Satchidananda Tee White - SHEZAMME","og_description":"Supreme Satchidananda Tee White | Luksusowe i autentyczne przedmioty w jednym miejscu. B\u0105d\u017a na bie\u017c\u0105co i sprawd\u017a nasz\u0105 ofert\u0119 ju\u017c teraz","og_url":"https:\/\/shezamme.com\/en\/sklep\/tshirts-2\/all-tshirts\/supreme-satchidananda-tee-white\/","og_site_name":"SHEZAMME - Yeezy, Jordan, Supreme i inne oryginalne rzeczy","article_publisher":"https:\/\/www.facebook.com\/SHEZAMME\/","article_modified_time":"2025-04-02T16:34:50+00:00","og_image":[{"width":1260,"height":1260,"url":"https:\/\/shezamme.com\/wp-content\/uploads\/2024\/12\/supreme-satchidananda-tee-white-1260x1260-1.webp","type":"image\/webp"}],"twitter_card":"summary_large_image","twitter_site":"@SHEZAMME","twitter_misc":{"Est. reading time":"1 minute"},"schema":{"@context":"https:\/\/schema.org","@graph":[{"@type":"WebPage","@id":"https:\/\/shezamme.com\/sklep\/koszulki\/wszystkie-koszulki\/supreme-satchidananda-tee-white\/","url":"https:\/\/shezamme.com\/sklep\/koszulki\/wszystkie-koszulki\/supreme-satchidananda-tee-white\/","name":"Supreme Satchidananda Tee White - SHEZAMME","isPartOf":{"@id":"https:\/\/shezamme.com\/#website"},"primaryImageOfPage":{"@id":"https:\/\/shezamme.com\/sklep\/koszulki\/wszystkie-koszulki\/supreme-satchidananda-tee-white\/#primaryimage"},"image":{"@id":"https:\/\/shezamme.com\/sklep\/koszulki\/wszystkie-koszulki\/supreme-satchidananda-tee-white\/#primaryimage"},"thumbnailUrl":"https:\/\/shezamme.com\/wp-content\/uploads\/2024\/12\/supreme-satchidananda-tee-white-1260x1260-1.webp","datePublished":"2024-12-11T18:27:09+00:00","dateModified":"2025-04-02T16:34:50+00:00","description":"Supreme Satchidananda Tee White | Luksusowe i autentyczne przedmioty w jednym miejscu. B\u0105d\u017a na bie\u017c\u0105co i sprawd\u017a nasz\u0105 ofert\u0119 ju\u017c teraz","breadcrumb":{"@id":"https:\/\/shezamme.com\/sklep\/koszulki\/wszystkie-koszulki\/supreme-satchidananda-tee-white\/#breadcrumb"},"inLanguage":"en-US","potentialAction":[{"@type":"ReadAction","target":["https:\/\/shezamme.com\/sklep\/koszulki\/wszystkie-koszulki\/supreme-satchidananda-tee-white\/"]}]},{"@type":"ImageObject","inLanguage":"en-US","@id":"https:\/\/shezamme.com\/sklep\/koszulki\/wszystkie-koszulki\/supreme-satchidananda-tee-white\/#primaryimage","url":"https:\/\/shezamme.com\/wp-content\/uploads\/2024\/12\/supreme-satchidananda-tee-white-1260x1260-1.webp","contentUrl":"https:\/\/shezamme.com\/wp-content\/uploads\/2024\/12\/supreme-satchidananda-tee-white-1260x1260-1.webp","width":1260,"height":1260},{"@type":"BreadcrumbList","@id":"https:\/\/shezamme.com\/sklep\/koszulki\/wszystkie-koszulki\/supreme-satchidananda-tee-white\/#breadcrumb","itemListElement":[{"@type":"ListItem","position":1,"name":"Strona g\u0142\u00f3wna","item":"https:\/\/shezamme.com\/"},{"@type":"ListItem","position":2,"name":"Sklep","item":"https:\/\/shezamme.com\/sklep\/"},{"@type":"ListItem","position":3,"name":"Supreme Satchidananda Tee White"}]},{"@type":"WebSite","@id":"https:\/\/shezamme.com\/#website","url":"https:\/\/shezamme.com\/","name":"SHEZAMME - Sneakers, Streetwear and luxury brands","description":"Original and exclusive items in one place. Check out our products now and stay up to date with all launches.","publisher":{"@id":"https:\/\/shezamme.com\/#organization"},"potentialAction":[{"@type":"SearchAction","target":{"@type":"EntryPoint","urlTemplate":"https:\/\/shezamme.com\/?s={search_term_string}"},"query-input":{"@type":"PropertyValueSpecification","valueRequired":true,"valueName":"search_term_string"}}],"inLanguage":"en-US"},{"@type":"Organization","@id":"https:\/\/shezamme.com\/#organization","name":"SHEZAMME - Sneakers, Streetwear and luxury brands","url":"https:\/\/shezamme.com\/","logo":{"@type":"ImageObject","inLanguage":"en-US","@id":"https:\/\/shezamme.com\/#\/schema\/logo\/image\/","url":"https:\/\/shezamme.com\/wp-content\/uploads\/2023\/02\/0x0.png","contentUrl":"https:\/\/shezamme.com\/wp-content\/uploads\/2023\/02\/0x0.png","width":2000,"height":2000,"caption":"SHEZAMME - Sneakersy, Streetwear i luksusowe marki"},"image":{"@id":"https:\/\/shezamme.com\/#\/schema\/logo\/image\/"},"sameAs":["https:\/\/www.facebook.com\/SHEZAMME\/","https:\/\/x.com\/SHEZAMME","https:\/\/www.instagram.com\/shezamme\/","https:\/\/www.youtube.com\/channel\/UCsTJxi_9fODHdO_1bmJbqvQ","https:\/\/www.tiktok.com\/shezamme.com"]}]}},"brands":[{"id":753,"name":"supreme","slug":"supreme"}],"_links":{"self":[{"href":"https:\/\/shezamme.com\/en\/wp-json\/wp\/v2\/product\/130345","targetHints":{"allow":["GET"]}}],"collection":[{"href":"https:\/\/shezamme.com\/en\/wp-json\/wp\/v2\/product"}],"about":[{"href":"https:\/\/shezamme.com\/en\/wp-json\/wp\/v2\/types\/product"}],"wp:featuredmedia":[{"embeddable":true,"href":"https:\/\/shezamme.com\/en\/wp-json\/wp\/v2\/media\/130348"}],"wp:attachment":[{"href":"https:\/\/shezamme.com\/en\/wp-json\/wp\/v2\/media?parent=130345"}],"wp:term":[{"taxonomy":"pwb-brand","embeddable":true,"href":"https:\/\/shezamme.com\/en\/wp-json\/wp\/v2\/pwb-brand?post=130345"},{"taxonomy":"product_brand","embeddable":true,"href":"https:\/\/shezamme.com\/en\/wp-json\/wp\/v2\/product_brand?post=130345"},{"taxonomy":"product_cat","embeddable":true,"href":"https:\/\/shezamme.com\/en\/wp-json\/wp\/v2\/product_cat?post=130345"},{"taxonomy":"product_tag","embeddable":true,"href":"https:\/\/shezamme.com\/en\/wp-json\/wp\/v2\/product_tag?post=130345"}],"curies":[{"name":"wp","href":"https:\/\/api.w.org\/{rel}","templated":true}]}}