{"id":128516,"date":"2024-11-08T10:45:17","date_gmt":"2024-11-08T09:45:17","guid":{"rendered":"https:\/\/shezamme.com\/?post_type=product&#038;p=128516"},"modified":"2025-10-01T19:37:56","modified_gmt":"2025-10-01T17:37:56","slug":"ugg-lowmel-moss-green-womans","status":"publish","type":"product","link":"https:\/\/shezamme.com\/en\/sklep\/buty\/inne\/ugg\/ugg-lowmel\/ugg-lowmel-moss-green-womans\/","title":{"rendered":"UGG Lowmel Moss Green (Woman&#8217;s)"},"content":{"rendered":"<h3>UGG Lowmel Moss Green \u2013 Styl i Komfort na Co Dzie\u0144<\/h3>\n<p><strong>Elegancki Odcie\u0144 Zieleni i Nowoczesny Design<\/strong><br \/>\nUGG Lowmel Moss Green to damskie buty o niskim profilu, kt\u00f3re \u0142\u0105cz\u0105 klasyk\u0119 marki z nowoczesnym podej\u015bciem do codziennej mody. Odcie\u0144 \u201eMoss Green\u201d dodaje naturalnego i eleganckiego charakteru, kt\u00f3ry pasuje do r\u00f3\u017cnych stylizacji.<\/p>\n<p><strong>Wysoka Jako\u015b\u0107 i Praktyczno\u015b\u0107<\/strong><br \/>\nCholewka z wysokiej jako\u015bci zamszu i przewiewnych materia\u0142\u00f3w tekstylnych zapewnia komfort i trwa\u0142o\u015b\u0107. Mi\u0119kka wy\u015bci\u00f3\u0142ka z mieszanki we\u0142ny oferuje ciep\u0142o, idealne na d\u0142u\u017csze noszenie. Elastyczna gumowa podeszwa zapewnia stabilno\u015b\u0107, a slip-on z bocznymi wstawkami u\u0142atwia zak\u0142adanie. Model doskonale sprawdza si\u0119 w casualowych stylizacjach, od jeans\u00f3w po sukienki.<\/p>","protected":false},"excerpt":{"rendered":"<h2><strong>Wysoka Jako\u015b\u0107 i Praktyczno\u015b\u0107<\/strong><\/h2>\n<p>UGG Lowmel Moss Green to damskie buty o nowoczesnym, niskim profilu, wykonane z eleganckiego zamszu w odcieniu zieleni \u201eMoss Green\u201d. Ich wn\u0119trze z mi\u0119kk\u0105 mieszank\u0105 we\u0142ny zapewnia ciep\u0142o, a gumowa podeszwa gwarantuje przyczepno\u015b\u0107 i stabilno\u015b\u0107. Model slip-on z elastycznymi wstawkami u\u0142atwia szybkie zak\u0142adanie, czyni\u0105c go idealnym wyborem na co dzie\u0144, pasuj\u0105cym do casualowych stylizacji.<\/p>","protected":false},"featured_media":128531,"template":"","meta":{"_acf_changed":false},"pwb-brand":[822],"product_brand":[],"product_cat":[16,808,171,1167],"product_tag":[1008,1009],"class_list":{"0":"post-128516","1":"product","2":"type-product","3":"status-publish","4":"has-post-thumbnail","6":"pwb-brand-ugg","7":"product_cat-buty","8":"product_cat-ugg","9":"product_cat-inne","10":"product_cat-ugg-lowmel","11":"product_tag-kobieta","12":"product_tag-mezczyzna","14":"first","15":"onbackorder","16":"taxable","17":"shipping-taxable","18":"purchasable","19":"product-type-variable"},"acf":[],"yoast_head":"<!-- This site is optimized with the Yoast SEO plugin v27.2 - https:\/\/yoast.com\/product\/yoast-seo-wordpress\/ -->\n<title>UGG Lowmel Moss Green (Woman&#039;s) - SHEZAMME<\/title>\n<meta name=\"description\" content=\"UGG Lowmel Moss Green (Woman&#039;s) | Luksusowe i autentyczne przedmioty w jednym miejscu. B\u0105d\u017a na bie\u017c\u0105co i sprawd\u017a nasz\u0105 ofert\u0119 ju\u017c teraz\" \/>\n<meta name=\"robots\" content=\"index, follow, max-snippet:-1, max-image-preview:large, max-video-preview:-1\" \/>\n<link rel=\"canonical\" href=\"https:\/\/shezamme.com\/en\/sklep\/sneakers-2\/others\/ugg\/ugg-lowmel\/ugg-lowmel-moss-green-womans\/\" \/>\n<meta property=\"og:locale\" content=\"en_US\" \/>\n<meta property=\"og:type\" content=\"article\" \/>\n<meta property=\"og:title\" content=\"UGG Lowmel Moss Green (Woman&#039;s) - SHEZAMME\" \/>\n<meta property=\"og:description\" content=\"UGG Lowmel Moss Green (Woman&#039;s) | Luksusowe i autentyczne przedmioty w jednym miejscu. B\u0105d\u017a na bie\u017c\u0105co i sprawd\u017a nasz\u0105 ofert\u0119 ju\u017c teraz\" \/>\n<meta property=\"og:url\" content=\"https:\/\/shezamme.com\/en\/sklep\/sneakers-2\/others\/ugg\/ugg-lowmel\/ugg-lowmel-moss-green-womans\/\" \/>\n<meta property=\"og:site_name\" content=\"SHEZAMME - Yeezy, Jordan, Supreme i inne oryginalne rzeczy\" \/>\n<meta property=\"article:publisher\" content=\"https:\/\/www.facebook.com\/SHEZAMME\/\" \/>\n<meta property=\"article:modified_time\" content=\"2025-10-01T17:37:56+00:00\" \/>\n<meta property=\"og:image\" content=\"https:\/\/shezamme.com\/wp-content\/uploads\/2024\/11\/IMG_0486.jpg\" \/>\n\t<meta property=\"og:image:width\" content=\"1179\" \/>\n\t<meta property=\"og:image:height\" content=\"1084\" \/>\n\t<meta property=\"og:image:type\" content=\"image\/jpeg\" \/>\n<meta name=\"twitter:card\" content=\"summary_large_image\" \/>\n<meta name=\"twitter:site\" content=\"@SHEZAMME\" \/>\n<meta name=\"twitter:label1\" content=\"Est. reading time\" \/>\n\t<meta name=\"twitter:data1\" content=\"1 minute\" \/>\n<script type=\"application\/ld+json\" class=\"yoast-schema-graph\">{\"@context\":\"https:\/\/schema.org\",\"@graph\":[{\"@type\":\"WebPage\",\"@id\":\"https:\/\/shezamme.com\/sklep\/buty\/inne\/ugg\/ugg-lowmel\/ugg-lowmel-moss-green-womans\/\",\"url\":\"https:\/\/shezamme.com\/sklep\/buty\/inne\/ugg\/ugg-lowmel\/ugg-lowmel-moss-green-womans\/\",\"name\":\"UGG Lowmel Moss Green (Woman's) - SHEZAMME\",\"isPartOf\":{\"@id\":\"https:\/\/shezamme.com\/#website\"},\"primaryImageOfPage\":{\"@id\":\"https:\/\/shezamme.com\/sklep\/buty\/inne\/ugg\/ugg-lowmel\/ugg-lowmel-moss-green-womans\/#primaryimage\"},\"image\":{\"@id\":\"https:\/\/shezamme.com\/sklep\/buty\/inne\/ugg\/ugg-lowmel\/ugg-lowmel-moss-green-womans\/#primaryimage\"},\"thumbnailUrl\":\"https:\/\/shezamme.com\/wp-content\/uploads\/2024\/11\/IMG_0486.jpg\",\"datePublished\":\"2024-11-08T09:45:17+00:00\",\"dateModified\":\"2025-10-01T17:37:56+00:00\",\"description\":\"UGG Lowmel Moss Green (Woman's) | Luksusowe i autentyczne przedmioty w jednym miejscu. B\u0105d\u017a na bie\u017c\u0105co i sprawd\u017a nasz\u0105 ofert\u0119 ju\u017c teraz\",\"breadcrumb\":{\"@id\":\"https:\/\/shezamme.com\/sklep\/buty\/inne\/ugg\/ugg-lowmel\/ugg-lowmel-moss-green-womans\/#breadcrumb\"},\"inLanguage\":\"en-US\",\"potentialAction\":[{\"@type\":\"ReadAction\",\"target\":[\"https:\/\/shezamme.com\/sklep\/buty\/inne\/ugg\/ugg-lowmel\/ugg-lowmel-moss-green-womans\/\"]}]},{\"@type\":\"ImageObject\",\"inLanguage\":\"en-US\",\"@id\":\"https:\/\/shezamme.com\/sklep\/buty\/inne\/ugg\/ugg-lowmel\/ugg-lowmel-moss-green-womans\/#primaryimage\",\"url\":\"https:\/\/shezamme.com\/wp-content\/uploads\/2024\/11\/IMG_0486.jpg\",\"contentUrl\":\"https:\/\/shezamme.com\/wp-content\/uploads\/2024\/11\/IMG_0486.jpg\",\"width\":1179,\"height\":1084,\"caption\":\"UGG Lowmel Moss Green (Woman's)\"},{\"@type\":\"BreadcrumbList\",\"@id\":\"https:\/\/shezamme.com\/sklep\/buty\/inne\/ugg\/ugg-lowmel\/ugg-lowmel-moss-green-womans\/#breadcrumb\",\"itemListElement\":[{\"@type\":\"ListItem\",\"position\":1,\"name\":\"Strona g\u0142\u00f3wna\",\"item\":\"https:\/\/shezamme.com\/\"},{\"@type\":\"ListItem\",\"position\":2,\"name\":\"Sklep\",\"item\":\"https:\/\/shezamme.com\/sklep\/\"},{\"@type\":\"ListItem\",\"position\":3,\"name\":\"UGG Lowmel Moss Green (Woman&#8217;s)\"}]},{\"@type\":\"WebSite\",\"@id\":\"https:\/\/shezamme.com\/#website\",\"url\":\"https:\/\/shezamme.com\/\",\"name\":\"SHEZAMME - Sneakersy, Streetwear i luksusowe marki\",\"description\":\"Oryginalne i ekskluzywne przedmioty w jednym miejscu. Sprawd\u017a nasze produkty ju\u017c teraz i b\u0105d\u017a na bie\u017c\u0105co z wszystkimi premierami.\",\"publisher\":{\"@id\":\"https:\/\/shezamme.com\/#organization\"},\"potentialAction\":[{\"@type\":\"SearchAction\",\"target\":{\"@type\":\"EntryPoint\",\"urlTemplate\":\"https:\/\/shezamme.com\/?s={search_term_string}\"},\"query-input\":{\"@type\":\"PropertyValueSpecification\",\"valueRequired\":true,\"valueName\":\"search_term_string\"}}],\"inLanguage\":\"en-US\"},{\"@type\":\"Organization\",\"@id\":\"https:\/\/shezamme.com\/#organization\",\"name\":\"SHEZAMME - Sneakersy, Streetwear i luksusowe marki\",\"url\":\"https:\/\/shezamme.com\/\",\"logo\":{\"@type\":\"ImageObject\",\"inLanguage\":\"en-US\",\"@id\":\"https:\/\/shezamme.com\/#\/schema\/logo\/image\/\",\"url\":\"https:\/\/shezamme.com\/wp-content\/uploads\/2023\/02\/0x0.png\",\"contentUrl\":\"https:\/\/shezamme.com\/wp-content\/uploads\/2023\/02\/0x0.png\",\"width\":2000,\"height\":2000,\"caption\":\"SHEZAMME - Sneakersy, Streetwear i luksusowe marki\"},\"image\":{\"@id\":\"https:\/\/shezamme.com\/#\/schema\/logo\/image\/\"},\"sameAs\":[\"https:\/\/www.facebook.com\/SHEZAMME\/\",\"https:\/\/x.com\/SHEZAMME\",\"https:\/\/www.instagram.com\/shezamme\/\",\"https:\/\/www.youtube.com\/channel\/UCsTJxi_9fODHdO_1bmJbqvQ\",\"https:\/\/www.tiktok.com\/shezamme.com\"]}]}<\/script>\n<!-- \/ Yoast SEO plugin. -->","yoast_head_json":{"title":"UGG Lowmel Moss Green (Woman's) - SHEZAMME","description":"UGG Lowmel Moss Green (Woman's) | Luksusowe i autentyczne przedmioty w jednym miejscu. B\u0105d\u017a na bie\u017c\u0105co i sprawd\u017a nasz\u0105 ofert\u0119 ju\u017c teraz","robots":{"index":"index","follow":"follow","max-snippet":"max-snippet:-1","max-image-preview":"max-image-preview:large","max-video-preview":"max-video-preview:-1"},"canonical":"https:\/\/shezamme.com\/en\/sklep\/sneakers-2\/others\/ugg\/ugg-lowmel\/ugg-lowmel-moss-green-womans\/","og_locale":"en_US","og_type":"article","og_title":"UGG Lowmel Moss Green (Woman's) - SHEZAMME","og_description":"UGG Lowmel Moss Green (Woman's) | Luksusowe i autentyczne przedmioty w jednym miejscu. B\u0105d\u017a na bie\u017c\u0105co i sprawd\u017a nasz\u0105 ofert\u0119 ju\u017c teraz","og_url":"https:\/\/shezamme.com\/en\/sklep\/sneakers-2\/others\/ugg\/ugg-lowmel\/ugg-lowmel-moss-green-womans\/","og_site_name":"SHEZAMME - Yeezy, Jordan, Supreme i inne oryginalne rzeczy","article_publisher":"https:\/\/www.facebook.com\/SHEZAMME\/","article_modified_time":"2025-10-01T17:37:56+00:00","og_image":[{"width":1179,"height":1084,"url":"https:\/\/shezamme.com\/wp-content\/uploads\/2024\/11\/IMG_0486.jpg","type":"image\/jpeg"}],"twitter_card":"summary_large_image","twitter_site":"@SHEZAMME","twitter_misc":{"Est. reading time":"1 minute"},"schema":{"@context":"https:\/\/schema.org","@graph":[{"@type":"WebPage","@id":"https:\/\/shezamme.com\/sklep\/buty\/inne\/ugg\/ugg-lowmel\/ugg-lowmel-moss-green-womans\/","url":"https:\/\/shezamme.com\/sklep\/buty\/inne\/ugg\/ugg-lowmel\/ugg-lowmel-moss-green-womans\/","name":"UGG Lowmel Moss Green (Woman's) - SHEZAMME","isPartOf":{"@id":"https:\/\/shezamme.com\/#website"},"primaryImageOfPage":{"@id":"https:\/\/shezamme.com\/sklep\/buty\/inne\/ugg\/ugg-lowmel\/ugg-lowmel-moss-green-womans\/#primaryimage"},"image":{"@id":"https:\/\/shezamme.com\/sklep\/buty\/inne\/ugg\/ugg-lowmel\/ugg-lowmel-moss-green-womans\/#primaryimage"},"thumbnailUrl":"https:\/\/shezamme.com\/wp-content\/uploads\/2024\/11\/IMG_0486.jpg","datePublished":"2024-11-08T09:45:17+00:00","dateModified":"2025-10-01T17:37:56+00:00","description":"UGG Lowmel Moss Green (Woman's) | Luksusowe i autentyczne przedmioty w jednym miejscu. B\u0105d\u017a na bie\u017c\u0105co i sprawd\u017a nasz\u0105 ofert\u0119 ju\u017c teraz","breadcrumb":{"@id":"https:\/\/shezamme.com\/sklep\/buty\/inne\/ugg\/ugg-lowmel\/ugg-lowmel-moss-green-womans\/#breadcrumb"},"inLanguage":"en-US","potentialAction":[{"@type":"ReadAction","target":["https:\/\/shezamme.com\/sklep\/buty\/inne\/ugg\/ugg-lowmel\/ugg-lowmel-moss-green-womans\/"]}]},{"@type":"ImageObject","inLanguage":"en-US","@id":"https:\/\/shezamme.com\/sklep\/buty\/inne\/ugg\/ugg-lowmel\/ugg-lowmel-moss-green-womans\/#primaryimage","url":"https:\/\/shezamme.com\/wp-content\/uploads\/2024\/11\/IMG_0486.jpg","contentUrl":"https:\/\/shezamme.com\/wp-content\/uploads\/2024\/11\/IMG_0486.jpg","width":1179,"height":1084,"caption":"UGG Lowmel Moss Green (Woman's)"},{"@type":"BreadcrumbList","@id":"https:\/\/shezamme.com\/sklep\/buty\/inne\/ugg\/ugg-lowmel\/ugg-lowmel-moss-green-womans\/#breadcrumb","itemListElement":[{"@type":"ListItem","position":1,"name":"Strona g\u0142\u00f3wna","item":"https:\/\/shezamme.com\/"},{"@type":"ListItem","position":2,"name":"Sklep","item":"https:\/\/shezamme.com\/sklep\/"},{"@type":"ListItem","position":3,"name":"UGG Lowmel Moss Green (Woman&#8217;s)"}]},{"@type":"WebSite","@id":"https:\/\/shezamme.com\/#website","url":"https:\/\/shezamme.com\/","name":"SHEZAMME - Sneakers, Streetwear and luxury brands","description":"Original and exclusive items in one place. Check out our products now and stay up to date with all launches.","publisher":{"@id":"https:\/\/shezamme.com\/#organization"},"potentialAction":[{"@type":"SearchAction","target":{"@type":"EntryPoint","urlTemplate":"https:\/\/shezamme.com\/?s={search_term_string}"},"query-input":{"@type":"PropertyValueSpecification","valueRequired":true,"valueName":"search_term_string"}}],"inLanguage":"en-US"},{"@type":"Organization","@id":"https:\/\/shezamme.com\/#organization","name":"SHEZAMME - Sneakers, Streetwear and luxury brands","url":"https:\/\/shezamme.com\/","logo":{"@type":"ImageObject","inLanguage":"en-US","@id":"https:\/\/shezamme.com\/#\/schema\/logo\/image\/","url":"https:\/\/shezamme.com\/wp-content\/uploads\/2023\/02\/0x0.png","contentUrl":"https:\/\/shezamme.com\/wp-content\/uploads\/2023\/02\/0x0.png","width":2000,"height":2000,"caption":"SHEZAMME - Sneakersy, Streetwear i luksusowe marki"},"image":{"@id":"https:\/\/shezamme.com\/#\/schema\/logo\/image\/"},"sameAs":["https:\/\/www.facebook.com\/SHEZAMME\/","https:\/\/x.com\/SHEZAMME","https:\/\/www.instagram.com\/shezamme\/","https:\/\/www.youtube.com\/channel\/UCsTJxi_9fODHdO_1bmJbqvQ","https:\/\/www.tiktok.com\/shezamme.com"]}]}},"brands":[{"id":822,"name":"UGG","slug":"ugg"}],"_links":{"self":[{"href":"https:\/\/shezamme.com\/en\/wp-json\/wp\/v2\/product\/128516","targetHints":{"allow":["GET"]}}],"collection":[{"href":"https:\/\/shezamme.com\/en\/wp-json\/wp\/v2\/product"}],"about":[{"href":"https:\/\/shezamme.com\/en\/wp-json\/wp\/v2\/types\/product"}],"wp:featuredmedia":[{"embeddable":true,"href":"https:\/\/shezamme.com\/en\/wp-json\/wp\/v2\/media\/128531"}],"wp:attachment":[{"href":"https:\/\/shezamme.com\/en\/wp-json\/wp\/v2\/media?parent=128516"}],"wp:term":[{"taxonomy":"pwb-brand","embeddable":true,"href":"https:\/\/shezamme.com\/en\/wp-json\/wp\/v2\/pwb-brand?post=128516"},{"taxonomy":"product_brand","embeddable":true,"href":"https:\/\/shezamme.com\/en\/wp-json\/wp\/v2\/product_brand?post=128516"},{"taxonomy":"product_cat","embeddable":true,"href":"https:\/\/shezamme.com\/en\/wp-json\/wp\/v2\/product_cat?post=128516"},{"taxonomy":"product_tag","embeddable":true,"href":"https:\/\/shezamme.com\/en\/wp-json\/wp\/v2\/product_tag?post=128516"}],"curies":[{"name":"wp","href":"https:\/\/api.w.org\/{rel}","templated":true}]}}