{"id":8856,"date":"2021-11-15T21:20:03","date_gmt":"2021-11-15T20:20:03","guid":{"rendered":"https:\/\/staging1.waw.pl\/?page_id=8856"},"modified":"2023-01-17T15:32:57","modified_gmt":"2023-01-17T14:32:57","slug":"personalized-order","status":"publish","type":"page","link":"https:\/\/shezamme.com\/en\/zamowienie-personalizowane\/","title":{"rendered":"Personalized order"},"content":{"rendered":"<div class=\"wpb-content-wrapper\"><div class=\"nm-row nm-row-full vc_row wpb_row\"><div class=\"nm_column wpb_column vc_column_container col-sm-12\"><div class=\"vc_column-inner\"><div class=\"wpb_wrapper\">\n\t<div class=\"wpb_text_column wpb_content_element vc_custom_1673965975515 backgroundtitle\" >\n\t\t<div class=\"wpb_wrapper\">\n\t\t\t<h2 style=\"text-align: center; letter-spacing: 2px; color: white; font-weight: bold; font-size: 22px; text-transform: uppercase;\">Personalized order<\/h2>\n\n\t\t<\/div>\n\t<\/div>\n<\/div><\/div><\/div><\/div><div class=\"nm-row nm-row-full vc_row wpb_row\"><div class=\"nm_column wpb_column vc_column_container col-sm-12\"><div class=\"vc_column-inner\"><div class=\"wpb_wrapper\">\n\t<div class=\"wpb_text_column wpb_content_element vc_custom_1660155904043\" >\n\t\t<div class=\"wpb_wrapper\">\n\t\t\t<h2 style=\"text-align: center; font-size: 18pt; letter-spacing: 3px; font-weight: 600;\">AN ITEM ESPECIALLY FOR YOU<\/h2>\n\n\t\t<\/div>\n\t<\/div>\n\n\t<div class=\"wpb_text_column wpb_content_element vc_custom_1660155911678\" >\n\t\t<div class=\"wpb_wrapper\">\n\t\t\t<p style=\"text-align: center;\"><span style=\"font-size: 14pt;\">Have you been looking for your dream piece of clothing for a long time?<br \/>\n<\/span><span style=\"font-size: 14pt;\">Can&#039;t find the shoe model or size you want?<\/span><\/p>\n\n\t\t<\/div>\n\t<\/div>\n\n\t\t\t<div class=\"nm_btn_align_center\">\n\t\t\t\t<a href=\"\/en\/contact\/\" class=\"nm_btn nm_btn_lg nm_btn_border\">\n\t\t\t\t\t<span class=\"nm_btn_title\">CONTACT US<\/span>\n\t\t\t\t\t<span class=\"nm_btn_bg\"><\/span>\n\t\t\t\t<\/a>\n\t\t\t<\/div>\n\t<div class=\"wpb_text_column wpb_content_element vc_custom_1660155926085\" >\n\t\t<div class=\"wpb_wrapper\">\n\t\t\t<p style=\"text-align: center;\"><span style=\"font-size: 14pt;\">As SHEZAMME, we are able to import any item you can dream of. In addition to the order, the customer receives verification of the item&#039;s authenticity.<br \/>\n<\/span><span style=\"font-size: 14pt;\">When contacting us, please include the exact model and size, and we will contact you with a quote.<\/span><\/p>\n<p style=\"text-align: center;\"><em>The processing time for personalized orders is 3 - 14 days from receipt of funds.<\/em><\/p>\n\n\t\t<\/div>\n\t<\/div>\n<\/div><\/div><\/div><\/div><div class=\"nm-row nm-row-full vc_row wpb_row\"><div class=\"nm_column wpb_column vc_column_container col-sm-12 vc_custom_1660159789052\"><div class=\"vc_column-inner\"><div class=\"wpb_wrapper\">\n\t<div  class=\"wpb_single_image wpb_content_element vc_align_center wpb_content_element  pointernone\">\n\t\t\n\t\t<figure class=\"wpb_wrapper vc_figure\">\n\t\t\t<div class=\"vc_single_image-wrapper   vc_box_border_grey\"><img decoding=\"async\" class=\"vc_single_image-img\" src=\"https:\/\/shezamme.com\/wp-content\/uploads\/2022\/08\/steps-800x531.png\" width=\"800\" height=\"531\" alt=\"Personalized order\" title=\"steps\" \/><\/div>\n\t\t<\/figure>\n\t<\/div>\n<\/div><\/div><\/div><\/div>\n<\/div>","protected":false},"excerpt":{"rendered":"Zam\u00f3wienie personalizowane PRZEDMIOT SPECJALNIE DLA CIEBIE Od d\u0142u\u017cszego czasu szukasz swojej wymarzonej cz\u0119\u015bci garderoby? Nie mo\u017cesz odnale\u017a\u0107 po\u017c\u0105danego modelu lub rozmiaru buta? SKONTAKTUJ SI\u0118 Z NAMI Jako SHEZAMME jeste\u015bmy w stanie sprowadzi\u0107 ka\u017cdy przedmiot, kt\u00f3ry sobie tylko wymarzysz. Dodatkowo do zam\u00f3wienia klient otrzymuje weryfikacj\u0119 autentyczno\u015bci przedmiotu. Kontaktuj\u0105c si\u0119 z nami uwzgl\u0119dnij dok\u0142adny model, rozmiar, a [...]","protected":false},"author":4,"featured_media":0,"parent":0,"menu_order":0,"comment_status":"closed","ping_status":"closed","template":"","meta":{"_acf_changed":false,"_yoast_wpseo_focuskw":"Zam\u00f3wienie personalizowane","_yoast_wpseo_title":"","_yoast_wpseo_metadesc":"%%title%% %%sep%% %%sitename%%","footnotes":""},"class_list":["post-8856","page","type-page","status-publish","hentry"],"acf":[],"yoast_head":"<!-- This site is optimized with the Yoast SEO plugin v27.2 - https:\/\/yoast.com\/product\/yoast-seo-wordpress\/ -->\n<title>Zam\u00f3wienie personalizowane - SHEZAMME<\/title>\n<meta name=\"description\" content=\"Zam\u00f3wienie personalizowane - SHEZAMME - Yeezy, Jordan, Supreme i inne oryginalne rzeczy\" \/>\n<meta name=\"robots\" content=\"index, follow, max-snippet:-1, max-image-preview:large, max-video-preview:-1\" \/>\n<link rel=\"canonical\" href=\"https:\/\/shezamme.com\/en\/personalized-order\/\" \/>\n<meta property=\"og:locale\" content=\"en_US\" \/>\n<meta property=\"og:type\" content=\"article\" \/>\n<meta property=\"og:title\" content=\"Zam\u00f3wienie personalizowane - SHEZAMME\" \/>\n<meta property=\"og:description\" content=\"Zam\u00f3wienie personalizowane - SHEZAMME - Yeezy, Jordan, Supreme i inne oryginalne rzeczy\" \/>\n<meta property=\"og:url\" content=\"https:\/\/shezamme.com\/en\/personalized-order\/\" \/>\n<meta property=\"og:site_name\" content=\"SHEZAMME - Yeezy, Jordan, Supreme i inne oryginalne rzeczy\" \/>\n<meta property=\"article:publisher\" content=\"https:\/\/www.facebook.com\/SHEZAMME\/\" \/>\n<meta property=\"article:modified_time\" content=\"2023-01-17T14:32:57+00:00\" \/>\n<meta property=\"og:image\" content=\"https:\/\/shezamme.com\/wp-content\/uploads\/2023\/02\/shezamme_avatar2000x2000px-1.jpg\" \/>\n\t<meta property=\"og:image:width\" content=\"2000\" \/>\n\t<meta property=\"og:image:height\" content=\"2000\" \/>\n\t<meta property=\"og:image:type\" content=\"image\/jpeg\" \/>\n<meta name=\"twitter:card\" content=\"summary_large_image\" \/>\n<meta name=\"twitter:site\" content=\"@SHEZAMME\" \/>\n<meta name=\"twitter:label1\" content=\"Est. reading time\" \/>\n\t<meta name=\"twitter:data1\" content=\"1 minute\" \/>\n<script type=\"application\/ld+json\" class=\"yoast-schema-graph\">{\"@context\":\"https:\/\/schema.org\",\"@graph\":[{\"@type\":\"WebPage\",\"@id\":\"https:\/\/shezamme.com\/zamowienie-personalizowane\/\",\"url\":\"https:\/\/shezamme.com\/zamowienie-personalizowane\/\",\"name\":\"Zam\u00f3wienie personalizowane - SHEZAMME\",\"isPartOf\":{\"@id\":\"https:\/\/shezamme.com\/#website\"},\"datePublished\":\"2021-11-15T20:20:03+00:00\",\"dateModified\":\"2023-01-17T14:32:57+00:00\",\"description\":\"Zam\u00f3wienie personalizowane - SHEZAMME - Yeezy, Jordan, Supreme i inne oryginalne rzeczy\",\"breadcrumb\":{\"@id\":\"https:\/\/shezamme.com\/zamowienie-personalizowane\/#breadcrumb\"},\"inLanguage\":\"en-US\",\"potentialAction\":[{\"@type\":\"ReadAction\",\"target\":[\"https:\/\/shezamme.com\/zamowienie-personalizowane\/\"]}]},{\"@type\":\"BreadcrumbList\",\"@id\":\"https:\/\/shezamme.com\/zamowienie-personalizowane\/#breadcrumb\",\"itemListElement\":[{\"@type\":\"ListItem\",\"position\":1,\"name\":\"Strona g\u0142\u00f3wna\",\"item\":\"https:\/\/shezamme.com\/\"},{\"@type\":\"ListItem\",\"position\":2,\"name\":\"Zam\u00f3wienie personalizowane\"}]},{\"@type\":\"WebSite\",\"@id\":\"https:\/\/shezamme.com\/#website\",\"url\":\"https:\/\/shezamme.com\/\",\"name\":\"SHEZAMME - Sneakersy, Streetwear i luksusowe marki\",\"description\":\"Oryginalne i ekskluzywne przedmioty w jednym miejscu. Sprawd\u017a nasze produkty ju\u017c teraz i b\u0105d\u017a na bie\u017c\u0105co z wszystkimi premierami.\",\"publisher\":{\"@id\":\"https:\/\/shezamme.com\/#organization\"},\"potentialAction\":[{\"@type\":\"SearchAction\",\"target\":{\"@type\":\"EntryPoint\",\"urlTemplate\":\"https:\/\/shezamme.com\/?s={search_term_string}\"},\"query-input\":{\"@type\":\"PropertyValueSpecification\",\"valueRequired\":true,\"valueName\":\"search_term_string\"}}],\"inLanguage\":\"en-US\"},{\"@type\":\"Organization\",\"@id\":\"https:\/\/shezamme.com\/#organization\",\"name\":\"SHEZAMME - Sneakersy, Streetwear i luksusowe marki\",\"url\":\"https:\/\/shezamme.com\/\",\"logo\":{\"@type\":\"ImageObject\",\"inLanguage\":\"en-US\",\"@id\":\"https:\/\/shezamme.com\/#\/schema\/logo\/image\/\",\"url\":\"https:\/\/shezamme.com\/wp-content\/uploads\/2023\/02\/0x0.png\",\"contentUrl\":\"https:\/\/shezamme.com\/wp-content\/uploads\/2023\/02\/0x0.png\",\"width\":2000,\"height\":2000,\"caption\":\"SHEZAMME - Sneakersy, Streetwear i luksusowe marki\"},\"image\":{\"@id\":\"https:\/\/shezamme.com\/#\/schema\/logo\/image\/\"},\"sameAs\":[\"https:\/\/www.facebook.com\/SHEZAMME\/\",\"https:\/\/x.com\/SHEZAMME\",\"https:\/\/www.instagram.com\/shezamme\/\",\"https:\/\/www.youtube.com\/channel\/UCsTJxi_9fODHdO_1bmJbqvQ\",\"https:\/\/www.tiktok.com\/shezamme.com\"]}]}<\/script>\n<!-- \/ Yoast SEO plugin. -->","yoast_head_json":{"title":"Personalized order - SHEZAMME","description":"Personalized order - SHEZAMME - Yeezy, Jordan, Supreme and other original items","robots":{"index":"index","follow":"follow","max-snippet":"max-snippet:-1","max-image-preview":"max-image-preview:large","max-video-preview":"max-video-preview:-1"},"canonical":"https:\/\/shezamme.com\/en\/personalized-order\/","og_locale":"en_US","og_type":"article","og_title":"Zam\u00f3wienie personalizowane - SHEZAMME","og_description":"Zam\u00f3wienie personalizowane - SHEZAMME - Yeezy, Jordan, Supreme i inne oryginalne rzeczy","og_url":"https:\/\/shezamme.com\/en\/personalized-order\/","og_site_name":"SHEZAMME - Yeezy, Jordan, Supreme i inne oryginalne rzeczy","article_publisher":"https:\/\/www.facebook.com\/SHEZAMME\/","article_modified_time":"2023-01-17T14:32:57+00:00","og_image":[{"width":2000,"height":2000,"url":"https:\/\/shezamme.com\/wp-content\/uploads\/2023\/02\/shezamme_avatar2000x2000px-1.jpg","type":"image\/jpeg"}],"twitter_card":"summary_large_image","twitter_site":"@SHEZAMME","twitter_misc":{"Est. reading time":"1 minute"},"schema":{"@context":"https:\/\/schema.org","@graph":[{"@type":"WebPage","@id":"https:\/\/shezamme.com\/zamowienie-personalizowane\/","url":"https:\/\/shezamme.com\/zamowienie-personalizowane\/","name":"Personalized order - SHEZAMME","isPartOf":{"@id":"https:\/\/shezamme.com\/#website"},"datePublished":"2021-11-15T20:20:03+00:00","dateModified":"2023-01-17T14:32:57+00:00","description":"Personalized order - SHEZAMME - Yeezy, Jordan, Supreme and other original items","breadcrumb":{"@id":"https:\/\/shezamme.com\/zamowienie-personalizowane\/#breadcrumb"},"inLanguage":"en-US","potentialAction":[{"@type":"ReadAction","target":["https:\/\/shezamme.com\/zamowienie-personalizowane\/"]}]},{"@type":"BreadcrumbList","@id":"https:\/\/shezamme.com\/zamowienie-personalizowane\/#breadcrumb","itemListElement":[{"@type":"ListItem","position":1,"name":"Strona g\u0142\u00f3wna","item":"https:\/\/shezamme.com\/"},{"@type":"ListItem","position":2,"name":"Zam\u00f3wienie personalizowane"}]},{"@type":"WebSite","@id":"https:\/\/shezamme.com\/#website","url":"https:\/\/shezamme.com\/","name":"SHEZAMME - Sneakers, Streetwear and luxury brands","description":"Original and exclusive items in one place. Check out our products now and stay up to date with all launches.","publisher":{"@id":"https:\/\/shezamme.com\/#organization"},"potentialAction":[{"@type":"SearchAction","target":{"@type":"EntryPoint","urlTemplate":"https:\/\/shezamme.com\/?s={search_term_string}"},"query-input":{"@type":"PropertyValueSpecification","valueRequired":true,"valueName":"search_term_string"}}],"inLanguage":"en-US"},{"@type":"Organization","@id":"https:\/\/shezamme.com\/#organization","name":"SHEZAMME - Sneakers, Streetwear and luxury brands","url":"https:\/\/shezamme.com\/","logo":{"@type":"ImageObject","inLanguage":"en-US","@id":"https:\/\/shezamme.com\/#\/schema\/logo\/image\/","url":"https:\/\/shezamme.com\/wp-content\/uploads\/2023\/02\/0x0.png","contentUrl":"https:\/\/shezamme.com\/wp-content\/uploads\/2023\/02\/0x0.png","width":2000,"height":2000,"caption":"SHEZAMME - Sneakersy, Streetwear i luksusowe marki"},"image":{"@id":"https:\/\/shezamme.com\/#\/schema\/logo\/image\/"},"sameAs":["https:\/\/www.facebook.com\/SHEZAMME\/","https:\/\/x.com\/SHEZAMME","https:\/\/www.instagram.com\/shezamme\/","https:\/\/www.youtube.com\/channel\/UCsTJxi_9fODHdO_1bmJbqvQ","https:\/\/www.tiktok.com\/shezamme.com"]}]}},"_links":{"self":[{"href":"https:\/\/shezamme.com\/en\/wp-json\/wp\/v2\/pages\/8856","targetHints":{"allow":["GET"]}}],"collection":[{"href":"https:\/\/shezamme.com\/en\/wp-json\/wp\/v2\/pages"}],"about":[{"href":"https:\/\/shezamme.com\/en\/wp-json\/wp\/v2\/types\/page"}],"author":[{"embeddable":true,"href":"https:\/\/shezamme.com\/en\/wp-json\/wp\/v2\/users\/4"}],"replies":[{"embeddable":true,"href":"https:\/\/shezamme.com\/en\/wp-json\/wp\/v2\/comments?post=8856"}],"version-history":[{"count":0,"href":"https:\/\/shezamme.com\/en\/wp-json\/wp\/v2\/pages\/8856\/revisions"}],"wp:attachment":[{"href":"https:\/\/shezamme.com\/en\/wp-json\/wp\/v2\/media?parent=8856"}],"curies":[{"name":"wp","href":"https:\/\/api.w.org\/{rel}","templated":true}]}}