{"id":33990,"date":"2023-09-25T11:46:07","date_gmt":"2023-09-25T09:46:07","guid":{"rendered":"https:\/\/shezamme.com\/?page_id=33990"},"modified":"2026-02-06T09:57:38","modified_gmt":"2026-02-06T08:57:38","slug":"zwroty","status":"publish","type":"page","link":"https:\/\/shezamme.com\/en\/zwroty\/","title":{"rendered":"Returns"},"content":{"rendered":"<h6><strong>1) Zwrot mo\u017cna dokona\u0107 do 14 dni od odebrania przesy\u0142ki \u2013 sprawd\u017a dok\u0142adnie, czy nie przekroczy\u0142a\u015b\/e\u015b tego terminu.<\/strong><\/h6>\n<h6><strong>2) Wype\u0142nij nasz\u00a0<span style=\"color: #0000ff\"><a style=\"color: #0000ff\" href=\"https:\/\/shezamme.com\/wp-content\/uploads\/2022\/12\/formularz-zwrotu.pdf\"><em>formularz zwrotu online<\/em><\/a><\/span>.<\/strong><\/h6>\n<h6><strong>3) Bezpiecznie zapakuj produkt i upewnij si\u0119, \u017ce formularz zwrotu znajduje si\u0119 w \u015brodku przesy\u0142ki.<\/strong><\/h6>\n<h6><strong>4) Wejd\u017a na stron\u0119 <span style=\"color: #0000ff\"><a style=\"color: #0000ff\" href=\"https:\/\/inpost.pl\/SzybkieNadania\/\"><em>Szybkie nadania InPost<\/em><\/a><\/span> <\/strong><\/h6>\n<h6><strong>5) Wybierz dostaw\u0119 na adres<\/strong><\/h6>\n<h6><strong>6) Wybierz odpowiedni rozmiar skrytki paczkomatowej <\/strong><\/h6>\n<h6><strong>7) Nadaj do nas przesy\u0142k\u0119 ze zwrotem na adres<\/strong><\/h6>\n<p><em><strong>Nazwa:<\/strong> SHEZAMME<\/em><br \/>\n<em><strong>Adres e-mail:<\/strong> support@shezamme.com<\/em><br \/>\n<em><strong>Adres<\/strong> Panewnicka 11b\/5 Katowice 40-709\u00a0<\/em><br \/>\n<em><strong>Nr telefonu:<\/strong> 608853290<\/em><\/p>\n<h6><strong>5) Umie\u015b\u0107 przesy\u0142k\u0119 w dowolnym paczkomacie.<\/strong><\/h6>\n<h6><strong>6) Poczekaj a\u017c odbierzemy Tw\u00f3j zwrot. Zwrot pieni\u0119dzy powinien nast\u0105pi\u0107 w ci\u0105gu 14 dni od odebrania przez nas przesy\u0142ki.<\/strong><\/h6>","protected":false},"excerpt":{"rendered":"<p>1) Zwrot mo\u017cna dokona\u0107 do 14 dni od odebrania przesy\u0142ki \u2013 sprawd\u017a dok\u0142adnie, czy nie przekroczy\u0142a\u015b\/e\u015b tego terminu. 2) Wype\u0142nij nasz\u00a0formularz zwrotu online. 3) Bezpiecznie zapakuj produkt i upewnij si\u0119, \u017ce formularz zwrotu znajduje si\u0119 w \u015brodku przesy\u0142ki. 4) Wejd\u017a na stron\u0119 Szybkie nadania InPost 5) Wybierz dostaw\u0119 na adres 6) Wybierz odpowiedni rozmiar skrytki &hellip;<\/p>","protected":false},"author":4,"featured_media":0,"parent":0,"menu_order":0,"comment_status":"closed","ping_status":"closed","template":"","meta":{"_acf_changed":false,"_yoast_wpseo_focuskw":"zwroty shezamme","_yoast_wpseo_title":"","_yoast_wpseo_metadesc":"Informacje na temat zwrot\u00f3w zakupionych towar\u00f3w na stronie SHEZAMME","footnotes":""},"class_list":["post-33990","page","type-page","status-publish","hentry"],"acf":[],"yoast_head":"<!-- This site is optimized with the Yoast SEO plugin v27.3 - https:\/\/yoast.com\/product\/yoast-seo-wordpress\/ -->\n<title>Zwroty - SHEZAMME<\/title>\n<meta name=\"description\" content=\"Informacje na temat zwrot\u00f3w zakupionych towar\u00f3w na stronie SHEZAMME\" \/>\n<meta name=\"robots\" content=\"index, follow, max-snippet:-1, max-image-preview:large, max-video-preview:-1\" \/>\n<link rel=\"canonical\" href=\"https:\/\/shezamme.com\/en\/zwroty\/\" \/>\n<meta property=\"og:locale\" content=\"en_US\" \/>\n<meta property=\"og:type\" content=\"article\" \/>\n<meta property=\"og:title\" content=\"Zwroty - SHEZAMME\" \/>\n<meta property=\"og:description\" content=\"Informacje na temat zwrot\u00f3w zakupionych towar\u00f3w na stronie SHEZAMME\" \/>\n<meta property=\"og:url\" content=\"https:\/\/shezamme.com\/en\/zwroty\/\" \/>\n<meta property=\"og:site_name\" content=\"SHEZAMME - Yeezy, Jordan, Supreme i inne oryginalne rzeczy\" \/>\n<meta property=\"article:publisher\" content=\"https:\/\/www.facebook.com\/SHEZAMME\/\" \/>\n<meta property=\"article:modified_time\" content=\"2026-02-06T08:57:38+00:00\" \/>\n<meta property=\"og:image\" content=\"https:\/\/shezamme.com\/wp-content\/uploads\/2023\/02\/shezamme_avatar2000x2000px-1.jpg\" \/>\n\t<meta property=\"og:image:width\" content=\"2000\" \/>\n\t<meta property=\"og:image:height\" content=\"2000\" \/>\n\t<meta property=\"og:image:type\" content=\"image\/jpeg\" \/>\n<meta name=\"twitter:card\" content=\"summary_large_image\" \/>\n<meta name=\"twitter:site\" content=\"@SHEZAMME\" \/>\n<meta name=\"twitter:label1\" content=\"Est. reading time\" \/>\n\t<meta name=\"twitter:data1\" content=\"1 minute\" \/>\n<script type=\"application\/ld+json\" class=\"yoast-schema-graph\">{\"@context\":\"https:\\\/\\\/schema.org\",\"@graph\":[{\"@type\":\"WebPage\",\"@id\":\"https:\\\/\\\/shezamme.com\\\/zwroty\\\/\",\"url\":\"https:\\\/\\\/shezamme.com\\\/zwroty\\\/\",\"name\":\"Zwroty - SHEZAMME\",\"isPartOf\":{\"@id\":\"https:\\\/\\\/shezamme.com\\\/#website\"},\"datePublished\":\"2023-09-25T09:46:07+00:00\",\"dateModified\":\"2026-02-06T08:57:38+00:00\",\"description\":\"Informacje na temat zwrot\u00f3w zakupionych towar\u00f3w na stronie SHEZAMME\",\"breadcrumb\":{\"@id\":\"https:\\\/\\\/shezamme.com\\\/zwroty\\\/#breadcrumb\"},\"inLanguage\":\"en-US\",\"potentialAction\":[{\"@type\":\"ReadAction\",\"target\":[\"https:\\\/\\\/shezamme.com\\\/zwroty\\\/\"]}]},{\"@type\":\"BreadcrumbList\",\"@id\":\"https:\\\/\\\/shezamme.com\\\/zwroty\\\/#breadcrumb\",\"itemListElement\":[{\"@type\":\"ListItem\",\"position\":1,\"name\":\"Strona g\u0142\u00f3wna\",\"item\":\"https:\\\/\\\/shezamme.com\\\/\"},{\"@type\":\"ListItem\",\"position\":2,\"name\":\"Zwroty\"}]},{\"@type\":\"WebSite\",\"@id\":\"https:\\\/\\\/shezamme.com\\\/#website\",\"url\":\"https:\\\/\\\/shezamme.com\\\/\",\"name\":\"SHEZAMME - Sneakersy, Streetwear i luksusowe marki\",\"description\":\"Oryginalne i ekskluzywne przedmioty w jednym miejscu. Sprawd\u017a nasze produkty ju\u017c teraz i b\u0105d\u017a na bie\u017c\u0105co z wszystkimi premierami.\",\"publisher\":{\"@id\":\"https:\\\/\\\/shezamme.com\\\/#organization\"},\"potentialAction\":[{\"@type\":\"SearchAction\",\"target\":{\"@type\":\"EntryPoint\",\"urlTemplate\":\"https:\\\/\\\/shezamme.com\\\/?s={search_term_string}\"},\"query-input\":{\"@type\":\"PropertyValueSpecification\",\"valueRequired\":true,\"valueName\":\"search_term_string\"}}],\"inLanguage\":\"en-US\"},{\"@type\":\"Organization\",\"@id\":\"https:\\\/\\\/shezamme.com\\\/#organization\",\"name\":\"SHEZAMME - Sneakersy, Streetwear i luksusowe marki\",\"url\":\"https:\\\/\\\/shezamme.com\\\/\",\"logo\":{\"@type\":\"ImageObject\",\"inLanguage\":\"en-US\",\"@id\":\"https:\\\/\\\/shezamme.com\\\/#\\\/schema\\\/logo\\\/image\\\/\",\"url\":\"https:\\\/\\\/shezamme.com\\\/wp-content\\\/uploads\\\/2023\\\/02\\\/0x0.png\",\"contentUrl\":\"https:\\\/\\\/shezamme.com\\\/wp-content\\\/uploads\\\/2023\\\/02\\\/0x0.png\",\"width\":2000,\"height\":2000,\"caption\":\"SHEZAMME - Sneakersy, Streetwear i luksusowe marki\"},\"image\":{\"@id\":\"https:\\\/\\\/shezamme.com\\\/#\\\/schema\\\/logo\\\/image\\\/\"},\"sameAs\":[\"https:\\\/\\\/www.facebook.com\\\/SHEZAMME\\\/\",\"https:\\\/\\\/x.com\\\/SHEZAMME\",\"https:\\\/\\\/www.instagram.com\\\/shezamme\\\/\",\"https:\\\/\\\/www.youtube.com\\\/channel\\\/UCsTJxi_9fODHdO_1bmJbqvQ\",\"https:\\\/\\\/www.tiktok.com\\\/shezamme.com\"]}]}<\/script>\n<!-- \/ Yoast SEO plugin. -->","yoast_head_json":{"title":"Zwroty - SHEZAMME","description":"Informacje na temat zwrot\u00f3w zakupionych towar\u00f3w na stronie SHEZAMME","robots":{"index":"index","follow":"follow","max-snippet":"max-snippet:-1","max-image-preview":"max-image-preview:large","max-video-preview":"max-video-preview:-1"},"canonical":"https:\/\/shezamme.com\/en\/zwroty\/","og_locale":"en_US","og_type":"article","og_title":"Zwroty - SHEZAMME","og_description":"Informacje na temat zwrot\u00f3w zakupionych towar\u00f3w na stronie SHEZAMME","og_url":"https:\/\/shezamme.com\/en\/zwroty\/","og_site_name":"SHEZAMME - Yeezy, Jordan, Supreme i inne oryginalne rzeczy","article_publisher":"https:\/\/www.facebook.com\/SHEZAMME\/","article_modified_time":"2026-02-06T08:57:38+00:00","og_image":[{"width":2000,"height":2000,"url":"https:\/\/shezamme.com\/wp-content\/uploads\/2023\/02\/shezamme_avatar2000x2000px-1.jpg","type":"image\/jpeg"}],"twitter_card":"summary_large_image","twitter_site":"@SHEZAMME","twitter_misc":{"Est. reading time":"1 minute"},"schema":{"@context":"https:\/\/schema.org","@graph":[{"@type":"WebPage","@id":"https:\/\/shezamme.com\/zwroty\/","url":"https:\/\/shezamme.com\/zwroty\/","name":"Zwroty - SHEZAMME","isPartOf":{"@id":"https:\/\/shezamme.com\/#website"},"datePublished":"2023-09-25T09:46:07+00:00","dateModified":"2026-02-06T08:57:38+00:00","description":"Informacje na temat zwrot\u00f3w zakupionych towar\u00f3w na stronie SHEZAMME","breadcrumb":{"@id":"https:\/\/shezamme.com\/zwroty\/#breadcrumb"},"inLanguage":"en-US","potentialAction":[{"@type":"ReadAction","target":["https:\/\/shezamme.com\/zwroty\/"]}]},{"@type":"BreadcrumbList","@id":"https:\/\/shezamme.com\/zwroty\/#breadcrumb","itemListElement":[{"@type":"ListItem","position":1,"name":"Strona g\u0142\u00f3wna","item":"https:\/\/shezamme.com\/"},{"@type":"ListItem","position":2,"name":"Zwroty"}]},{"@type":"WebSite","@id":"https:\/\/shezamme.com\/#website","url":"https:\/\/shezamme.com\/","name":"SHEZAMME - Sneakers, Streetwear and luxury brands","description":"Original and exclusive items in one place. Check out our products now and stay up to date with all launches.","publisher":{"@id":"https:\/\/shezamme.com\/#organization"},"potentialAction":[{"@type":"SearchAction","target":{"@type":"EntryPoint","urlTemplate":"https:\/\/shezamme.com\/?s={search_term_string}"},"query-input":{"@type":"PropertyValueSpecification","valueRequired":true,"valueName":"search_term_string"}}],"inLanguage":"en-US"},{"@type":"Organization","@id":"https:\/\/shezamme.com\/#organization","name":"SHEZAMME - Sneakers, Streetwear and luxury brands","url":"https:\/\/shezamme.com\/","logo":{"@type":"ImageObject","inLanguage":"en-US","@id":"https:\/\/shezamme.com\/#\/schema\/logo\/image\/","url":"https:\/\/shezamme.com\/wp-content\/uploads\/2023\/02\/0x0.png","contentUrl":"https:\/\/shezamme.com\/wp-content\/uploads\/2023\/02\/0x0.png","width":2000,"height":2000,"caption":"SHEZAMME - Sneakersy, Streetwear i luksusowe marki"},"image":{"@id":"https:\/\/shezamme.com\/#\/schema\/logo\/image\/"},"sameAs":["https:\/\/www.facebook.com\/SHEZAMME\/","https:\/\/x.com\/SHEZAMME","https:\/\/www.instagram.com\/shezamme\/","https:\/\/www.youtube.com\/channel\/UCsTJxi_9fODHdO_1bmJbqvQ","https:\/\/www.tiktok.com\/shezamme.com"]}]}},"_links":{"self":[{"href":"https:\/\/shezamme.com\/en\/wp-json\/wp\/v2\/pages\/33990","targetHints":{"allow":["GET"]}}],"collection":[{"href":"https:\/\/shezamme.com\/en\/wp-json\/wp\/v2\/pages"}],"about":[{"href":"https:\/\/shezamme.com\/en\/wp-json\/wp\/v2\/types\/page"}],"author":[{"embeddable":true,"href":"https:\/\/shezamme.com\/en\/wp-json\/wp\/v2\/users\/4"}],"replies":[{"embeddable":true,"href":"https:\/\/shezamme.com\/en\/wp-json\/wp\/v2\/comments?post=33990"}],"version-history":[{"count":4,"href":"https:\/\/shezamme.com\/en\/wp-json\/wp\/v2\/pages\/33990\/revisions"}],"predecessor-version":[{"id":222094,"href":"https:\/\/shezamme.com\/en\/wp-json\/wp\/v2\/pages\/33990\/revisions\/222094"}],"wp:attachment":[{"href":"https:\/\/shezamme.com\/en\/wp-json\/wp\/v2\/media?parent=33990"}],"curies":[{"name":"wp","href":"https:\/\/api.w.org\/{rel}","templated":true}]}}