{"id":31070,"date":"2023-08-18T08:53:34","date_gmt":"2023-08-18T06:53:34","guid":{"rendered":"https:\/\/shezamme.com\/?page_id=31070"},"modified":"2023-10-05T20:24:48","modified_gmt":"2023-10-05T18:24:48","slug":"rules-for-the-use-of-footwear","status":"publish","type":"page","link":"https:\/\/shezamme.com\/en\/zasady-uzytkowania-obuwia\/","title":{"rendered":"Rules for the use of sneakers"},"content":{"rendered":"<div class=\"wpb-content-wrapper\"><div class=\"nm-row nm-row-full vc_row wpb_row\"><div class=\"nm_column wpb_column vc_column_container col-sm-12 vc_custom_1696530284166\"><div class=\"vc_column-inner\"><div class=\"wpb_wrapper\">\n\t<div class=\"wpb_text_column wpb_content_element backgroundtitle\" >\n\t\t<div class=\"wpb_wrapper\">\n\t\t\t<h2 style=\"text-align: center; letter-spacing: 3px; color: white; font-weight: bold; font-size: 30px; text-transform: uppercase;\">Rules for the use of sneakers<\/h2>\n\n\t\t<\/div>\n\t<\/div>\n<\/div><\/div><\/div><\/div><div class=\"nm-row nm-row-full vc_row wpb_row\"><div class=\"nm_column wpb_column vc_column_container col-sm-12\"><div class=\"vc_column-inner\"><div class=\"wpb_wrapper\">\n\t<div class=\"wpb_text_column wpb_content_element\" >\n\t\t<div class=\"wpb_wrapper\">\n\t\t\t<h2>In order to ensure your full satisfaction with the footwear purchased from us, we kindly ask you to follow the rules regarding the use and care of the product contained in the text below.<\/h2>\n<p>&nbsp;<\/p>\n<p>1. Shoes should be unlaced when dressing and taking them off.<\/p>\n<p>2. Accurately lacing the shoes while wearing them prevents abrasions of the feet and premature abrasion of the linings and abrasion of the heels.<\/p>\n<p>3. Shoes should be put on using a shoehorn to avoid breaking the tabs and tearing the upper.<\/p>\n<p>4. Avoid getting the shoes wet, which will deteriorate their properties. Even properly maintained shoes can get wet. Wetting is considered mechanical damage. If the shoes get wet, they should be dried at room temperature away from any heat source. In order to protect the shoes against deformation, it is recommended to use shoe trees or fill the shoes with soft paper.<\/p>\n<p>5. Please remember to use footwear for its intended purpose. We would like to remind you that dress shoes are not suitable for sports and tourism, and should not be used as work shoes.<\/p>\n<p>6. Keeping shoes clean and performing regular maintenance ensures their durability and aesthetic appearance throughout the entire period of use.<\/p>\n<p>7. We recommend carrying out regular maintenance of shoes, using products appropriate for a given type of leather (the type of leather is indicated on the tag and the box). Maintenance and cleaning methods as well as the type of care products are provided later in the leaflet.<\/p>\n<p>8. Washing in a washing machine at high temperature and with the addition of strong detergent may lead to discoloration or complete destruction of the shoe.<\/p>\n<p>9. It is the user&#039;s responsibility to take care of the shoes (ongoing maintenance, replacing insoles and laces).<\/p>\n<p>10. Footwear should be aired as often as possible. If possible, do not use the same pair of shoes every day. Intensive use of one pair of shoes leads to its premature wear.<\/p>\n<p>&nbsp;<\/p>\n<h2 class=\"t-paragraph\">BASIC CONDITIONS FOR COMPLAINTS<\/h2>\n<p>Any products purchased at SHEZAMME can be complained under the warranty for defects to the extent specified in the Civil Code for a period of 2 years from the date of receipt of the product by the Consumer. SHEZAMME is not the manufacturer of the Goods and is not responsible for the warranty of the sold Goods.<\/p>\n<p>If the purchased goods are incompatible with the contract (defect), the customer has the right to complain about the defect. A defect means a change in the characteristics of the goods caused by the use of inappropriate or poor quality material, inappropriate technology or poor design solution.<\/p>\n<p>&nbsp;<\/p>\n<p><strong>Warranty for defects DOES NOT INCLUDE:<\/strong><\/p>\n<p>\u2022 Natural wear and tear of the product (such as abrasion of shoe soles, wear of insoles and linings, deformations resulting from improper fitting of shoes to the foot, discoloration caused by moisture or soaking),<\/p>\n<p>\u2022 Mechanical damage resulting from use by the Customer or third parties, such as scratches, abrasions, cracks in lacquered coatings, small cracks in the leather surface or laminated layers on the folds of the shoe, traces and stains after soaking the leather, damage, abrasion of heels caused by putting on or taking off shoes without untied laces, heel collapse due to pressure, e.g. while driving, improper putting on or loose lacing of shoes, leading to abrasion of the heels,<\/p>\n<p>\u2022 Damage resulting from improper or lack of care,<\/p>\n<p>\u2022 Natural changes in the material from which the product was made,<\/p>\n<p>\u2022 Damage caused by washing the product,<\/p>\n<p>\u2022 Comfort and convenience of use. Fitting shoes to the dimensions of the feet is the customer&#039;s responsibility.<\/p>\n<p>A complaint is considered valid if the product covered by the complaint is complete and meets basic hygiene requirements. The customer is obliged to deliver the complained product in a clean, stain-free and hygienically safe condition.<\/p>\n<p>The complaint will be considered within 14 days from the date of receipt of the returned product, in accordance with applicable warranty provisions (especially articles 556-576 of the Civil Code).<\/p>\n<p>&nbsp;<\/p>\n<h2 class=\"t-paragraph\">MARKINGS AND PICTOGRAMS OF SHOES PARTS<\/h2>\n<p><img decoding=\"async\" class=\"alignnone wp-image-31071\" src=\"https:\/\/shezamme.com\/wp-content\/uploads\/2023\/08\/shezamme-piktogramy.png\" alt=\"\" width=\"681\" height=\"309\" srcset=\"https:\/\/shezamme.com\/wp-content\/uploads\/2023\/08\/shezamme-piktogramy.png 981w, https:\/\/shezamme.com\/wp-content\/uploads\/2023\/08\/shezamme-piktogramy-768x348.png 768w\" sizes=\"(max-width: 681px) 100vw, 681px\" \/><\/p>\n<h2>GENERAL INFORMATION<\/h2>\n<p>We would like to inform you that issues related to complaints based on warranty are regulated in the Act of May 30, 2014 on consumer rights (Journal of Laws of 2014, item 827) and the Act of April 23, 1964 - Civil Code (text uniform Journal of Laws of 2019, item 1145, as amended). The analysis below contains important provisions of these regulations and is for informational purposes only.<\/p>\n<p>The Consumer&#039;s right to claim against the Seller is based on the physical defect (warranty) existing at the time of delivery. If a physical defect is found within one year of delivery of the product, it is presumed that this defect or its cause existed at the time of transfer of risk to the Consumer (Art. 5562 of the Civil Code).<\/p>\n<p>In the case of footwear, its individual properties are usually not determined. A consumer product is considered to be in conformity with the contract if it is fit for the purpose for which it is normally used and if its properties are consistent with those typical of this type of product.<\/p>\n<p>If a physical defect is detected, the Consumer may request that the product be replaced with one without defects or that the defect be removed. Only in situations where repair or replacement is impossible, involves high costs or causes significant inconvenience to the Consumer, is it possible to reduce the price or withdraw from the contract. This, however, does not apply to insignificant defects. The Seller is not liable for the non-compliance of the product with the contract if the Consumer was aware of this non-compliance or could reasonably have noticed it.<\/p>\n\n\t\t<\/div>\n\t<\/div>\n<\/div><\/div><\/div><\/div>\n<\/div>","protected":false},"excerpt":{"rendered":"Zasady u\u017cytkowania obuwia W celu zapewnienia Pa\u0144stwu pe\u0142nej satysfakcji oraz zadowolenia z zakupionego u nas obuwia, uprzejmie prosimy o przestrzeganie zawartych w poni\u017cszym tek\u015bcie zasad dotycz\u0105cych u\u017cytkowania i piel\u0119gnacji produktu &nbsp; 1. Podczas ubierania i zdejmowania, obuwie powinno by\u0107 rozsznurowane. 2. Dok\u0142adne zasznurowanie obuwia w czasie noszenia, zapobiega otarciom st\u00f3p i przedwczesnemu wytarciu podszewek, przetarciu [...]","protected":false},"author":4,"featured_media":0,"parent":0,"menu_order":0,"comment_status":"closed","ping_status":"closed","template":"","meta":{"_acf_changed":false,"footnotes":""},"class_list":["post-31070","page","type-page","status-publish","hentry"],"acf":[],"yoast_head":"<!-- This site is optimized with the Yoast SEO plugin v27.2 - https:\/\/yoast.com\/product\/yoast-seo-wordpress\/ -->\n<title>Zasady u\u017cytkowania obuwia - SHEZAMME<\/title>\n<meta name=\"description\" content=\"Zasady u\u017cytkowania obuwia - SHEZAMME\" \/>\n<meta name=\"robots\" content=\"index, follow, max-snippet:-1, max-image-preview:large, max-video-preview:-1\" \/>\n<link rel=\"canonical\" href=\"https:\/\/shezamme.com\/en\/rules-for-the-use-of-footwear\/\" \/>\n<meta property=\"og:locale\" content=\"en_US\" \/>\n<meta property=\"og:type\" content=\"article\" \/>\n<meta property=\"og:title\" content=\"Zasady u\u017cytkowania obuwia - SHEZAMME\" \/>\n<meta property=\"og:description\" content=\"Zasady u\u017cytkowania obuwia - SHEZAMME\" \/>\n<meta property=\"og:url\" content=\"https:\/\/shezamme.com\/en\/rules-for-the-use-of-footwear\/\" \/>\n<meta property=\"og:site_name\" content=\"SHEZAMME - Yeezy, Jordan, Supreme i inne oryginalne rzeczy\" \/>\n<meta property=\"article:publisher\" content=\"https:\/\/www.facebook.com\/SHEZAMME\/\" \/>\n<meta property=\"article:modified_time\" content=\"2023-10-05T18:24:48+00:00\" \/>\n<meta property=\"og:image\" content=\"https:\/\/shezamme.com\/wp-content\/uploads\/2023\/08\/shezamme-piktogramy.png\" \/>\n<meta name=\"twitter:card\" content=\"summary_large_image\" \/>\n<meta name=\"twitter:site\" content=\"@SHEZAMME\" \/>\n<meta name=\"twitter:label1\" content=\"Est. reading time\" \/>\n\t<meta name=\"twitter:data1\" content=\"5 minutes\" \/>\n<script type=\"application\/ld+json\" class=\"yoast-schema-graph\">{\"@context\":\"https:\/\/schema.org\",\"@graph\":[{\"@type\":\"WebPage\",\"@id\":\"https:\/\/shezamme.com\/zasady-uzytkowania-obuwia\/\",\"url\":\"https:\/\/shezamme.com\/zasady-uzytkowania-obuwia\/\",\"name\":\"Zasady u\u017cytkowania obuwia - SHEZAMME\",\"isPartOf\":{\"@id\":\"https:\/\/shezamme.com\/#website\"},\"primaryImageOfPage\":{\"@id\":\"https:\/\/shezamme.com\/zasady-uzytkowania-obuwia\/#primaryimage\"},\"image\":{\"@id\":\"https:\/\/shezamme.com\/zasady-uzytkowania-obuwia\/#primaryimage\"},\"thumbnailUrl\":\"https:\/\/shezamme.com\/wp-content\/uploads\/2023\/08\/shezamme-piktogramy.png\",\"datePublished\":\"2023-08-18T06:53:34+00:00\",\"dateModified\":\"2023-10-05T18:24:48+00:00\",\"description\":\"Zasady u\u017cytkowania obuwia - SHEZAMME\",\"breadcrumb\":{\"@id\":\"https:\/\/shezamme.com\/zasady-uzytkowania-obuwia\/#breadcrumb\"},\"inLanguage\":\"en-US\",\"potentialAction\":[{\"@type\":\"ReadAction\",\"target\":[\"https:\/\/shezamme.com\/zasady-uzytkowania-obuwia\/\"]}]},{\"@type\":\"ImageObject\",\"inLanguage\":\"en-US\",\"@id\":\"https:\/\/shezamme.com\/zasady-uzytkowania-obuwia\/#primaryimage\",\"url\":\"https:\/\/shezamme.com\/wp-content\/uploads\/2023\/08\/shezamme-piktogramy.png\",\"contentUrl\":\"https:\/\/shezamme.com\/wp-content\/uploads\/2023\/08\/shezamme-piktogramy.png\"},{\"@type\":\"BreadcrumbList\",\"@id\":\"https:\/\/shezamme.com\/zasady-uzytkowania-obuwia\/#breadcrumb\",\"itemListElement\":[{\"@type\":\"ListItem\",\"position\":1,\"name\":\"Strona g\u0142\u00f3wna\",\"item\":\"https:\/\/shezamme.com\/\"},{\"@type\":\"ListItem\",\"position\":2,\"name\":\"Zasady u\u017cytkowania obuwia\"}]},{\"@type\":\"WebSite\",\"@id\":\"https:\/\/shezamme.com\/#website\",\"url\":\"https:\/\/shezamme.com\/\",\"name\":\"SHEZAMME - Sneakersy, Streetwear i luksusowe marki\",\"description\":\"Oryginalne i ekskluzywne przedmioty w jednym miejscu. Sprawd\u017a nasze produkty ju\u017c teraz i b\u0105d\u017a na bie\u017c\u0105co z wszystkimi premierami.\",\"publisher\":{\"@id\":\"https:\/\/shezamme.com\/#organization\"},\"potentialAction\":[{\"@type\":\"SearchAction\",\"target\":{\"@type\":\"EntryPoint\",\"urlTemplate\":\"https:\/\/shezamme.com\/?s={search_term_string}\"},\"query-input\":{\"@type\":\"PropertyValueSpecification\",\"valueRequired\":true,\"valueName\":\"search_term_string\"}}],\"inLanguage\":\"en-US\"},{\"@type\":\"Organization\",\"@id\":\"https:\/\/shezamme.com\/#organization\",\"name\":\"SHEZAMME - Sneakersy, Streetwear i luksusowe marki\",\"url\":\"https:\/\/shezamme.com\/\",\"logo\":{\"@type\":\"ImageObject\",\"inLanguage\":\"en-US\",\"@id\":\"https:\/\/shezamme.com\/#\/schema\/logo\/image\/\",\"url\":\"https:\/\/shezamme.com\/wp-content\/uploads\/2023\/02\/0x0.png\",\"contentUrl\":\"https:\/\/shezamme.com\/wp-content\/uploads\/2023\/02\/0x0.png\",\"width\":2000,\"height\":2000,\"caption\":\"SHEZAMME - Sneakersy, Streetwear i luksusowe marki\"},\"image\":{\"@id\":\"https:\/\/shezamme.com\/#\/schema\/logo\/image\/\"},\"sameAs\":[\"https:\/\/www.facebook.com\/SHEZAMME\/\",\"https:\/\/x.com\/SHEZAMME\",\"https:\/\/www.instagram.com\/shezamme\/\",\"https:\/\/www.youtube.com\/channel\/UCsTJxi_9fODHdO_1bmJbqvQ\",\"https:\/\/www.tiktok.com\/shezamme.com\"]}]}<\/script>\n<!-- \/ Yoast SEO plugin. -->","yoast_head_json":{"title":"Rules for using footwear - SHEZAMME","description":"Rules for using footwear - SHEZAMME","robots":{"index":"index","follow":"follow","max-snippet":"max-snippet:-1","max-image-preview":"max-image-preview:large","max-video-preview":"max-video-preview:-1"},"canonical":"https:\/\/shezamme.com\/en\/rules-for-the-use-of-footwear\/","og_locale":"en_US","og_type":"article","og_title":"Zasady u\u017cytkowania obuwia - SHEZAMME","og_description":"Zasady u\u017cytkowania obuwia - SHEZAMME","og_url":"https:\/\/shezamme.com\/en\/rules-for-the-use-of-footwear\/","og_site_name":"SHEZAMME - Yeezy, Jordan, Supreme i inne oryginalne rzeczy","article_publisher":"https:\/\/www.facebook.com\/SHEZAMME\/","article_modified_time":"2023-10-05T18:24:48+00:00","og_image":[{"url":"https:\/\/shezamme.com\/wp-content\/uploads\/2023\/08\/shezamme-piktogramy.png","type":"","width":"","height":""}],"twitter_card":"summary_large_image","twitter_site":"@SHEZAMME","twitter_misc":{"Est. reading time":"5 minutes"},"schema":{"@context":"https:\/\/schema.org","@graph":[{"@type":"WebPage","@id":"https:\/\/shezamme.com\/zasady-uzytkowania-obuwia\/","url":"https:\/\/shezamme.com\/zasady-uzytkowania-obuwia\/","name":"Rules for using footwear - SHEZAMME","isPartOf":{"@id":"https:\/\/shezamme.com\/#website"},"primaryImageOfPage":{"@id":"https:\/\/shezamme.com\/zasady-uzytkowania-obuwia\/#primaryimage"},"image":{"@id":"https:\/\/shezamme.com\/zasady-uzytkowania-obuwia\/#primaryimage"},"thumbnailUrl":"https:\/\/shezamme.com\/wp-content\/uploads\/2023\/08\/shezamme-piktogramy.png","datePublished":"2023-08-18T06:53:34+00:00","dateModified":"2023-10-05T18:24:48+00:00","description":"Rules for using footwear - SHEZAMME","breadcrumb":{"@id":"https:\/\/shezamme.com\/zasady-uzytkowania-obuwia\/#breadcrumb"},"inLanguage":"en-US","potentialAction":[{"@type":"ReadAction","target":["https:\/\/shezamme.com\/zasady-uzytkowania-obuwia\/"]}]},{"@type":"ImageObject","inLanguage":"en-US","@id":"https:\/\/shezamme.com\/zasady-uzytkowania-obuwia\/#primaryimage","url":"https:\/\/shezamme.com\/wp-content\/uploads\/2023\/08\/shezamme-piktogramy.png","contentUrl":"https:\/\/shezamme.com\/wp-content\/uploads\/2023\/08\/shezamme-piktogramy.png"},{"@type":"BreadcrumbList","@id":"https:\/\/shezamme.com\/zasady-uzytkowania-obuwia\/#breadcrumb","itemListElement":[{"@type":"ListItem","position":1,"name":"Strona g\u0142\u00f3wna","item":"https:\/\/shezamme.com\/"},{"@type":"ListItem","position":2,"name":"Zasady u\u017cytkowania obuwia"}]},{"@type":"WebSite","@id":"https:\/\/shezamme.com\/#website","url":"https:\/\/shezamme.com\/","name":"SHEZAMME - Sneakers, Streetwear and luxury brands","description":"Original and exclusive items in one place. Check out our products now and stay up to date with all launches.","publisher":{"@id":"https:\/\/shezamme.com\/#organization"},"potentialAction":[{"@type":"SearchAction","target":{"@type":"EntryPoint","urlTemplate":"https:\/\/shezamme.com\/?s={search_term_string}"},"query-input":{"@type":"PropertyValueSpecification","valueRequired":true,"valueName":"search_term_string"}}],"inLanguage":"en-US"},{"@type":"Organization","@id":"https:\/\/shezamme.com\/#organization","name":"SHEZAMME - Sneakers, Streetwear and luxury brands","url":"https:\/\/shezamme.com\/","logo":{"@type":"ImageObject","inLanguage":"en-US","@id":"https:\/\/shezamme.com\/#\/schema\/logo\/image\/","url":"https:\/\/shezamme.com\/wp-content\/uploads\/2023\/02\/0x0.png","contentUrl":"https:\/\/shezamme.com\/wp-content\/uploads\/2023\/02\/0x0.png","width":2000,"height":2000,"caption":"SHEZAMME - Sneakersy, Streetwear i luksusowe marki"},"image":{"@id":"https:\/\/shezamme.com\/#\/schema\/logo\/image\/"},"sameAs":["https:\/\/www.facebook.com\/SHEZAMME\/","https:\/\/x.com\/SHEZAMME","https:\/\/www.instagram.com\/shezamme\/","https:\/\/www.youtube.com\/channel\/UCsTJxi_9fODHdO_1bmJbqvQ","https:\/\/www.tiktok.com\/shezamme.com"]}]}},"_links":{"self":[{"href":"https:\/\/shezamme.com\/en\/wp-json\/wp\/v2\/pages\/31070","targetHints":{"allow":["GET"]}}],"collection":[{"href":"https:\/\/shezamme.com\/en\/wp-json\/wp\/v2\/pages"}],"about":[{"href":"https:\/\/shezamme.com\/en\/wp-json\/wp\/v2\/types\/page"}],"author":[{"embeddable":true,"href":"https:\/\/shezamme.com\/en\/wp-json\/wp\/v2\/users\/4"}],"replies":[{"embeddable":true,"href":"https:\/\/shezamme.com\/en\/wp-json\/wp\/v2\/comments?post=31070"}],"version-history":[{"count":0,"href":"https:\/\/shezamme.com\/en\/wp-json\/wp\/v2\/pages\/31070\/revisions"}],"wp:attachment":[{"href":"https:\/\/shezamme.com\/en\/wp-json\/wp\/v2\/media?parent=31070"}],"curies":[{"name":"wp","href":"https:\/\/api.w.org\/{rel}","templated":true}]}}