{"id":16424,"date":"2017-08-28T09:29:18","date_gmt":"2017-08-28T09:29:18","guid":{"rendered":"https:\/\/stage.wolfthemes.live\/alceste\/?page_id=1559"},"modified":"2024-08-23T14:54:24","modified_gmt":"2024-08-23T12:54:24","slug":"about-us","status":"publish","type":"page","link":"https:\/\/shezamme.com\/en\/o-nas\/","title":{"rendered":"About us"},"content":{"rendered":"<div class=\"wpb-content-wrapper\"><div class=\"nm-row nm-row-full vc_row wpb_row  vc_custom_1637869323968\"><div class=\"nm_column wpb_column vc_column_container col-sm-12\"><div class=\"vc_column-inner\"><div class=\"wpb_wrapper\">\n\t<div class=\"wpb_raw_code wpb_raw_html wpb_content_element vc_custom_1684135325767\" >\n\t\t<div class=\"wpb_wrapper\">\n\t\t\t<video autoplay muted loop playsinline style=\"width: 100%\">\n<source src=\"https:\/\/shezamme.com\/wp-content\/uploads\/2023\/05\/kamilbartosz.mp4\" \/> \n<\/video>\n\t\t<\/div>\n\t<\/div>\n<div class=\"nm-row nm-row-full inner  vc_custom_1555337760119\"><div class=\"nm_column nm_column_inner col-sm-12\"><div class=\"wpb_wrapper\"><h2 style=\"text-align: left;font-family:Montserrat;font-weight:700;font-style:normal\" class=\"vc_custom_heading vc_do_custom_heading rotate-heading\" >Who we are?<\/h2><\/div><\/div><\/div><div class=\"nm-row nm-row-full inner\"><div class=\"nm_column nm_column_inner col-sm-12\"><div class=\"wpb_wrapper\">\n\t<div class=\"wpb_text_column wpb_content_element vc_custom_1688763532656\" >\n\t\t<div class=\"wpb_wrapper\">\n\t\t\t<p class=\"onastekst\">SHEZAMME is more than just an online store, it is a place that brings together all fashion enthusiasts.<\/p>\n<p class=\"onastekst\">shezamme is a website that focuses on selling sneakers, from the latest releases to the most iconic models from the past. our mission is to provide customers with easy access to shoes from all over the world and enable them to buy their dream pair. The company focuses on safe and fair transactions, fast shipping and professional customer service. In addition, shezamme strives to build a community of sneaker and streetwear lovers by organizing various events, competitions and promotions. The products in the store are unique and specially selected for our customers. Our offer includes only original items. We want our customers to have easy access to hard-to-find items. Buying clothes from brands such as Supreme, Palace, Bape and many others has never been so easy.<\/p>\n\n\t\t<\/div>\n\t<\/div>\n<\/div><\/div><\/div><div class=\"nm-row nm-row-full inner\"><div class=\"nm_column nm_column_inner col-sm-6\"><div class=\"wpb_wrapper\">\n\t<div class=\"wpb_text_column wpb_content_element\" >\n\t\t<div class=\"wpb_wrapper\">\n\t\t\t<p style=\"text-align: justify;\"><span style=\"font-size: 10pt;\">Hi, my name is Kamil and I am the founder of the SHEZAMME store. I started my adventure with streetwear in 2016. I have always been interested in the world of fashion and limited, hard-to-find clothes and shoes. In those years in Poland, buying designer clothes was not easy. Trade developed in tight groups of people who created the first communities on internet forums and Facebook groups.<br \/>\n<\/span><\/p>\n\n\t\t<\/div>\n\t<\/div>\n<\/div><\/div><div class=\"nm_column nm_column_inner col-sm-6\"><div class=\"wpb_wrapper\">\n\t<div class=\"wpb_text_column wpb_content_element\" >\n\t\t<div class=\"wpb_wrapper\">\n\t\t\t<p style=\"text-align: justify;\"><span style=\"font-size: 10pt;\">When creating the SHEZAMME store, I had a vision to make shopping easier for people outside the closed circle. I was one of the first people in Poland to start selling clothes on a mass scale on social media, then I created the first sales account on Instagram, which eventually evolved into the website you are currently on. It&#039;s not the items in the store that create SHEZAMME, it&#039;s you - the customers who continue to support us!<\/span><\/p>\n\n\t\t<\/div>\n\t<\/div>\n<\/div><\/div><\/div><\/div><\/div><\/div><\/div><div class=\"nm-row nm-row-full vc_row wpb_row  vc_custom_1673898693336\"><div class=\"nm_column wpb_column vc_column_container col-sm-12\"><div class=\"vc_column-inner\"><div class=\"wpb_wrapper\"><div class=\"nm-row nm-row-full inner\"><div class=\"nm_column nm_column_inner col-sm-8\"><div class=\"wpb_wrapper\">\n\t<div class=\"wpb_text_column wpb_content_element\" >\n\t\t<div class=\"wpb_wrapper\">\n\t\t\t<p style=\"font-size: 18px; font-weight: 600; display: flex; align-content: center; text-align: center;\">DIDN&#039;T FIND THE ANSWER TO YOUR QUESTION? YOU NEED HELP?<\/p>\n\n\t\t<\/div>\n\t<\/div>\n<\/div><\/div><div class=\"nm_column nm_column_inner col-sm-4 vc_custom_1688763853879\"><div class=\"wpb_wrapper\">\n\t\t\t<div class=\"nm_btn_align_center\">\n\t\t\t\t<a href=\"\/en\/contact\/\" class=\"nm_btn nm_btn_md nm_btn_border\">\n\t\t\t\t\t<span class=\"nm_btn_title\">CONTACT US<\/span>\n\t\t\t\t\t<span class=\"nm_btn_bg\"><\/span>\n\t\t\t\t<\/a>\n\t\t\t<\/div><\/div><\/div><\/div><\/div><\/div><\/div><\/div><div class=\"nm-row nm-row-full vc_row wpb_row\"><div class=\"nm_column wpb_column vc_column_container col-sm-12 vc_custom_1688762615427\"><div class=\"vc_column-inner\"><div class=\"wpb_wrapper\">\n\t<div class=\"wpb_text_column wpb_content_element\" >\n\t\t<div class=\"wpb_wrapper\">\n\t\t\t<p style=\"text-align: center;\"><strong>KOLEKT5 SP\u00d3\u0141KA Z OGRANICZON\u0104 ODPOWIEDZIALNO\u015aCI\u0104<\/strong><\/p>\n<div class=\"col-4\">\n<div class=\"info\">\n<p class=\"lab\" style=\"text-align: center;\">KRS 0001112313 NIP 7292756919 REGON 528956304<\/p>\n<p class=\"lab\" style=\"text-align: center;\">Adres siedziby: Uj\u015bcie 14, 93-490 \u0141\u00f3d\u017a, Polska<\/p>\n<\/div>\n<\/div>\n\n\t\t<\/div>\n\t<\/div>\n<\/div><\/div><\/div><\/div>\n<\/div>","protected":false},"excerpt":{"rendered":"Kim jeste\u015bmy? SHEZAMME to co\u015b wi\u0119cej ni\u017c sklep internetowy, to miejsce, kt\u00f3re zrzesza wszystkich pasjonat\u00f3w mody. shezamme to strona internetowa, kt\u00f3ra koncentruje si\u0119 na sprzeda\u017cy sneakers\u00f3w, od najnowszych wyda\u0144 po najbardziej kultowe modele z przesz\u0142o\u015bci. nasza misja to zapewnienie klientom \u0142atwego dost\u0119pu do but\u00f3w z ca\u0142ego \u015bwiata oraz umo\u017cliwienie im kupna wymarzonej pary. Firma stawia [...]","protected":false},"author":4,"featured_media":0,"parent":0,"menu_order":0,"comment_status":"closed","ping_status":"closed","template":"","meta":{"_acf_changed":false,"_yoast_wpseo_focuskw":"Shezamme kto to","_yoast_wpseo_title":"","_yoast_wpseo_metadesc":"Informacje na temat sklepu SHEZAMME - Za\u0142o\u017cyciele, pracownicy oraz historia powstania firmy. Wejd\u017a i sprawd\u017a","footnotes":""},"class_list":["post-16424","page","type-page","status-publish","hentry"],"acf":[],"yoast_head":"<!-- This site is optimized with the Yoast SEO plugin v27.4 - https:\/\/yoast.com\/product\/yoast-seo-wordpress\/ -->\n<title>O Nas - SHEZAMME<\/title>\n<meta name=\"description\" content=\"Informacje na temat sklepu SHEZAMME - Za\u0142o\u017cyciele, pracownicy oraz historia powstania firmy. Wejd\u017a i sprawd\u017a\" \/>\n<meta name=\"robots\" content=\"index, follow, max-snippet:-1, max-image-preview:large, max-video-preview:-1\" \/>\n<link rel=\"canonical\" href=\"https:\/\/shezamme.com\/en\/about-us\/\" \/>\n<meta property=\"og:locale\" content=\"en_US\" \/>\n<meta property=\"og:type\" content=\"article\" \/>\n<meta property=\"og:title\" content=\"O Nas - SHEZAMME\" \/>\n<meta property=\"og:description\" content=\"Informacje na temat sklepu SHEZAMME - Za\u0142o\u017cyciele, pracownicy oraz historia powstania firmy. Wejd\u017a i sprawd\u017a\" \/>\n<meta property=\"og:url\" content=\"https:\/\/shezamme.com\/en\/about-us\/\" \/>\n<meta property=\"og:site_name\" content=\"SHEZAMME - Yeezy, Jordan, Supreme i inne oryginalne rzeczy\" \/>\n<meta property=\"article:publisher\" content=\"https:\/\/www.facebook.com\/SHEZAMME\/\" \/>\n<meta property=\"article:modified_time\" content=\"2024-08-23T12:54:24+00:00\" \/>\n<meta property=\"og:image\" content=\"https:\/\/shezamme.com\/wp-content\/uploads\/2023\/02\/shezamme_avatar2000x2000px-1.jpg\" \/>\n\t<meta property=\"og:image:width\" content=\"2000\" \/>\n\t<meta property=\"og:image:height\" content=\"2000\" \/>\n\t<meta property=\"og:image:type\" content=\"image\/jpeg\" \/>\n<meta name=\"twitter:card\" content=\"summary_large_image\" \/>\n<meta name=\"twitter:site\" content=\"@SHEZAMME\" \/>\n<meta name=\"twitter:label1\" content=\"Est. reading time\" \/>\n\t<meta name=\"twitter:data1\" content=\"1 minute\" \/>\n<script type=\"application\/ld+json\" class=\"yoast-schema-graph\">{\"@context\":\"https:\\\/\\\/schema.org\",\"@graph\":[{\"@type\":\"WebPage\",\"@id\":\"https:\\\/\\\/shezamme.com\\\/o-nas\\\/\",\"url\":\"https:\\\/\\\/shezamme.com\\\/o-nas\\\/\",\"name\":\"O Nas - SHEZAMME\",\"isPartOf\":{\"@id\":\"https:\\\/\\\/shezamme.com\\\/#website\"},\"datePublished\":\"2017-08-28T09:29:18+00:00\",\"dateModified\":\"2024-08-23T12:54:24+00:00\",\"description\":\"Informacje na temat sklepu SHEZAMME - Za\u0142o\u017cyciele, pracownicy oraz historia powstania firmy. Wejd\u017a i sprawd\u017a\",\"breadcrumb\":{\"@id\":\"https:\\\/\\\/shezamme.com\\\/o-nas\\\/#breadcrumb\"},\"inLanguage\":\"en-US\",\"potentialAction\":[{\"@type\":\"ReadAction\",\"target\":[\"https:\\\/\\\/shezamme.com\\\/o-nas\\\/\"]}]},{\"@type\":\"BreadcrumbList\",\"@id\":\"https:\\\/\\\/shezamme.com\\\/o-nas\\\/#breadcrumb\",\"itemListElement\":[{\"@type\":\"ListItem\",\"position\":1,\"name\":\"Strona g\u0142\u00f3wna\",\"item\":\"https:\\\/\\\/shezamme.com\\\/\"},{\"@type\":\"ListItem\",\"position\":2,\"name\":\"O Nas\"}]},{\"@type\":\"WebSite\",\"@id\":\"https:\\\/\\\/shezamme.com\\\/#website\",\"url\":\"https:\\\/\\\/shezamme.com\\\/\",\"name\":\"SHEZAMME - Sneakersy, Streetwear i luksusowe marki\",\"description\":\"Oryginalne i ekskluzywne przedmioty w jednym miejscu. Sprawd\u017a nasze produkty ju\u017c teraz i b\u0105d\u017a na bie\u017c\u0105co z wszystkimi premierami.\",\"publisher\":{\"@id\":\"https:\\\/\\\/shezamme.com\\\/#organization\"},\"potentialAction\":[{\"@type\":\"SearchAction\",\"target\":{\"@type\":\"EntryPoint\",\"urlTemplate\":\"https:\\\/\\\/shezamme.com\\\/?s={search_term_string}\"},\"query-input\":{\"@type\":\"PropertyValueSpecification\",\"valueRequired\":true,\"valueName\":\"search_term_string\"}}],\"inLanguage\":\"en-US\"},{\"@type\":\"Organization\",\"@id\":\"https:\\\/\\\/shezamme.com\\\/#organization\",\"name\":\"SHEZAMME - Sneakersy, Streetwear i luksusowe marki\",\"url\":\"https:\\\/\\\/shezamme.com\\\/\",\"logo\":{\"@type\":\"ImageObject\",\"inLanguage\":\"en-US\",\"@id\":\"https:\\\/\\\/shezamme.com\\\/#\\\/schema\\\/logo\\\/image\\\/\",\"url\":\"https:\\\/\\\/shezamme.com\\\/wp-content\\\/uploads\\\/2023\\\/02\\\/0x0.png\",\"contentUrl\":\"https:\\\/\\\/shezamme.com\\\/wp-content\\\/uploads\\\/2023\\\/02\\\/0x0.png\",\"width\":2000,\"height\":2000,\"caption\":\"SHEZAMME - Sneakersy, Streetwear i luksusowe marki\"},\"image\":{\"@id\":\"https:\\\/\\\/shezamme.com\\\/#\\\/schema\\\/logo\\\/image\\\/\"},\"sameAs\":[\"https:\\\/\\\/www.facebook.com\\\/SHEZAMME\\\/\",\"https:\\\/\\\/x.com\\\/SHEZAMME\",\"https:\\\/\\\/www.instagram.com\\\/shezamme\\\/\",\"https:\\\/\\\/www.youtube.com\\\/channel\\\/UCsTJxi_9fODHdO_1bmJbqvQ\",\"https:\\\/\\\/www.tiktok.com\\\/shezamme.com\"]}]}<\/script>\n<!-- \/ Yoast SEO plugin. -->","yoast_head_json":{"title":"About Us - SHEZAMME","description":"Information about the SHEZAMME store - Founders, employees and the history of the company. Come in and check it out","robots":{"index":"index","follow":"follow","max-snippet":"max-snippet:-1","max-image-preview":"max-image-preview:large","max-video-preview":"max-video-preview:-1"},"canonical":"https:\/\/shezamme.com\/en\/about-us\/","og_locale":"en_US","og_type":"article","og_title":"O Nas - SHEZAMME","og_description":"Informacje na temat sklepu SHEZAMME - Za\u0142o\u017cyciele, pracownicy oraz historia powstania firmy. Wejd\u017a i sprawd\u017a","og_url":"https:\/\/shezamme.com\/en\/about-us\/","og_site_name":"SHEZAMME - Yeezy, Jordan, Supreme i inne oryginalne rzeczy","article_publisher":"https:\/\/www.facebook.com\/SHEZAMME\/","article_modified_time":"2024-08-23T12:54:24+00:00","og_image":[{"width":2000,"height":2000,"url":"https:\/\/shezamme.com\/wp-content\/uploads\/2023\/02\/shezamme_avatar2000x2000px-1.jpg","type":"image\/jpeg"}],"twitter_card":"summary_large_image","twitter_site":"@SHEZAMME","twitter_misc":{"Est. reading time":"1 minute"},"schema":{"@context":"https:\/\/schema.org","@graph":[{"@type":"WebPage","@id":"https:\/\/shezamme.com\/o-nas\/","url":"https:\/\/shezamme.com\/o-nas\/","name":"About Us - SHEZAMME","isPartOf":{"@id":"https:\/\/shezamme.com\/#website"},"datePublished":"2017-08-28T09:29:18+00:00","dateModified":"2024-08-23T12:54:24+00:00","description":"Information about the SHEZAMME store - Founders, employees and the history of the company. Come in and check it out","breadcrumb":{"@id":"https:\/\/shezamme.com\/o-nas\/#breadcrumb"},"inLanguage":"en-US","potentialAction":[{"@type":"ReadAction","target":["https:\/\/shezamme.com\/o-nas\/"]}]},{"@type":"BreadcrumbList","@id":"https:\/\/shezamme.com\/o-nas\/#breadcrumb","itemListElement":[{"@type":"ListItem","position":1,"name":"Strona g\u0142\u00f3wna","item":"https:\/\/shezamme.com\/"},{"@type":"ListItem","position":2,"name":"O Nas"}]},{"@type":"WebSite","@id":"https:\/\/shezamme.com\/#website","url":"https:\/\/shezamme.com\/","name":"SHEZAMME - Sneakers, Streetwear and luxury brands","description":"Original and exclusive items in one place. Check out our products now and stay up to date with all launches.","publisher":{"@id":"https:\/\/shezamme.com\/#organization"},"potentialAction":[{"@type":"SearchAction","target":{"@type":"EntryPoint","urlTemplate":"https:\/\/shezamme.com\/?s={search_term_string}"},"query-input":{"@type":"PropertyValueSpecification","valueRequired":true,"valueName":"search_term_string"}}],"inLanguage":"en-US"},{"@type":"Organization","@id":"https:\/\/shezamme.com\/#organization","name":"SHEZAMME - Sneakers, Streetwear and luxury brands","url":"https:\/\/shezamme.com\/","logo":{"@type":"ImageObject","inLanguage":"en-US","@id":"https:\/\/shezamme.com\/#\/schema\/logo\/image\/","url":"https:\/\/shezamme.com\/wp-content\/uploads\/2023\/02\/0x0.png","contentUrl":"https:\/\/shezamme.com\/wp-content\/uploads\/2023\/02\/0x0.png","width":2000,"height":2000,"caption":"SHEZAMME - Sneakersy, Streetwear i luksusowe marki"},"image":{"@id":"https:\/\/shezamme.com\/#\/schema\/logo\/image\/"},"sameAs":["https:\/\/www.facebook.com\/SHEZAMME\/","https:\/\/x.com\/SHEZAMME","https:\/\/www.instagram.com\/shezamme\/","https:\/\/www.youtube.com\/channel\/UCsTJxi_9fODHdO_1bmJbqvQ","https:\/\/www.tiktok.com\/shezamme.com"]}]}},"_links":{"self":[{"href":"https:\/\/shezamme.com\/en\/wp-json\/wp\/v2\/pages\/16424","targetHints":{"allow":["GET"]}}],"collection":[{"href":"https:\/\/shezamme.com\/en\/wp-json\/wp\/v2\/pages"}],"about":[{"href":"https:\/\/shezamme.com\/en\/wp-json\/wp\/v2\/types\/page"}],"author":[{"embeddable":true,"href":"https:\/\/shezamme.com\/en\/wp-json\/wp\/v2\/users\/4"}],"replies":[{"embeddable":true,"href":"https:\/\/shezamme.com\/en\/wp-json\/wp\/v2\/comments?post=16424"}],"version-history":[{"count":1,"href":"https:\/\/shezamme.com\/en\/wp-json\/wp\/v2\/pages\/16424\/revisions"}],"predecessor-version":[{"id":73926,"href":"https:\/\/shezamme.com\/en\/wp-json\/wp\/v2\/pages\/16424\/revisions\/73926"}],"wp:attachment":[{"href":"https:\/\/shezamme.com\/en\/wp-json\/wp\/v2\/media?parent=16424"}],"curies":[{"name":"wp","href":"https:\/\/api.w.org\/{rel}","templated":true}]}}