{"id":16420,"date":"2021-11-08T20:47:24","date_gmt":"2021-11-08T19:47:24","guid":{"rendered":"http:\/\/verios.pl\/?page_id=10"},"modified":"2024-01-26T09:57:50","modified_gmt":"2024-01-26T08:57:50","slug":"return-policy","status":"publish","type":"page","link":"https:\/\/shezamme.com\/en\/polityka-zwrotow\/","title":{"rendered":"Returns Policy &amp; Complaints"},"content":{"rendered":"<div class=\"wpb-content-wrapper\"><div class=\"nm-row nm-row-full vc_row wpb_row\"><div class=\"nm_column wpb_column vc_column_container col-sm-12\"><div class=\"vc_column-inner\"><div class=\"wpb_wrapper\">\n\t<div class=\"wpb_text_column wpb_content_element vc_custom_1659362127686 backgroundtitle\" >\n\t\t<div class=\"wpb_wrapper\">\n\t\t\t<h2 style=\"text-align: center; letter-spacing: 3px; color: white; font-weight: bold; font-size: 30px; text-transform: uppercase;\">Return Policy<\/h2>\n\n\t\t<\/div>\n\t<\/div>\n<\/div><\/div><\/div><\/div><div class=\"nm-row nm-row-full vc_row wpb_row\"><div class=\"nm_column wpb_column vc_column_container col-sm-12\"><div class=\"vc_column-inner\"><div class=\"wpb_wrapper\">\n\t<div class=\"wpb_text_column wpb_content_element\" >\n\t\t<div class=\"wpb_wrapper\">\n\t\t\t<h2><strong>Polityka Zwrot\u00f3w<\/strong><\/h2>\n<p>&nbsp;<\/p>\n<p><strong>Right to withdraw from the contract<\/strong><\/p>\n<p>Pursuant to the Act of May 30, 2014 on consumer rights: The customer has 14 days from the date of delivery of the order to return it without giving a reason.<\/p>\n<p>The refund will be made within 14 days from the date of delivery of the returned goods and acceptance of their condition.<\/p>\n<p>The cost of shipping the return is the responsibility of the customer.<\/p>\n<p>The goods must be intact and contain tags.<\/p>\n<p>The customer has no right to file a complaint if he was informed about the defective product before placing the order.<\/p>\n<p>&nbsp;<\/p>\n<p><a href=\"https:\/\/shezamme.com\/en\/zwroty\/\"><strong>SPRAWD\u0179 JAK DOKONA\u0106 ZWROTU &#8212;&gt; <\/strong><\/a><strong><em><a href=\"https:\/\/shezamme.com\/en\/zwroty\/\">Phrases \u2013 SHEZAMME<\/a><\/em><\/strong><\/p>\n<p>&nbsp;<\/p>\n<h2 class=\"zt2IrX ka2E9k uMhVZi z-oVg8 pVrzNP article-title\">Reklamacja<\/h2>\n<p>&nbsp;<\/p>\n<div class=\"article__body\">\n<div>\n<p class=\"_7Cm1F9 ka2E9k uMhVZi FxZV-M z-oVg8 pVrzNP mt-16 mb-16\">Przykro nam s\u0142ysze\u0107, \u017ce dostarczony artyku\u0142 jest wadliwy lub uszkodzony. Prosimy o poinformowanie nas o tym poprzez wiadomo\u015b\u0107 <strong><a href=\"https:\/\/shezamme.com\/en\/contact\/\">TUTAJ<\/a> <\/strong>lub email <strong>support@shezamme.com<\/strong><\/p>\n<p class=\"_7Cm1F9 ka2E9k uMhVZi FxZV-M z-oVg8 pVrzNP mt-16 mb-16\">Nast\u0119pnie prosz\u0119 opisa\u0107 szczeg\u00f3\u0142owo problem ze wszystkimi najwa\u017cniejszymi informacjami, aby\u015bmy mogli jak najszybciej rozpatrzy\u0107 Twoj\u0105 reklamacj\u0119. O kolejnych krokach poinformujemy Ci\u0119 drog\u0105 mailow\u0105.<\/p>\n<p class=\"_7Cm1F9 ka2E9k uMhVZi FxZV-M z-oVg8 pVrzNP mt-16 mb-16\">Jeste\u015b nadal zainteresowany\/-a produktem? Po prostu zam\u00f3w go ponownie.<\/p>\n<\/div>\n<\/div>\n\n\t\t<\/div>\n\t<\/div>\n<\/div><\/div><\/div><\/div>\n<\/div>","protected":false},"excerpt":{"rendered":"Polityka zwrot\u00f3w Polityka Zwrot\u00f3w &nbsp; Prawo odst\u0105pienia od umowy Zgodnie z ustaw\u0105 z dnia 30 maja 2014 roku o prawach konsumenta: Klient ma 14 dni od daty dor\u0119czenia zam\u00f3wienia na jego zwrot bez podania przyczyny. Zwrot pieni\u0119dzy nast\u0105pi w okresie do 14 dni od momentu dostarczenia zwracanego towaru i akceptacji jego stanu. Koszt wysy\u0142ki zwrotu [...]","protected":false},"author":4,"featured_media":0,"parent":0,"menu_order":0,"comment_status":"closed","ping_status":"closed","template":"","meta":{"_acf_changed":false,"footnotes":""},"class_list":["post-16420","page","type-page","status-publish","hentry"],"acf":[],"yoast_head":"<!-- This site is optimized with the Yoast SEO plugin v27.2 - https:\/\/yoast.com\/product\/yoast-seo-wordpress\/ -->\n<title>Polityka zwrot\u00f3w &amp; Reklamacje - SHEZAMME<\/title>\n<meta name=\"description\" content=\"Polityka zwrot\u00f3w firmy SHEZAMME\" \/>\n<meta name=\"robots\" content=\"index, follow, max-snippet:-1, max-image-preview:large, max-video-preview:-1\" \/>\n<link rel=\"canonical\" href=\"https:\/\/shezamme.com\/en\/return-policy\/\" \/>\n<meta property=\"og:locale\" content=\"en_US\" \/>\n<meta property=\"og:type\" content=\"article\" \/>\n<meta property=\"og:title\" content=\"Polityka zwrot\u00f3w &amp; Reklamacje - SHEZAMME\" \/>\n<meta property=\"og:description\" content=\"Polityka zwrot\u00f3w firmy SHEZAMME\" \/>\n<meta property=\"og:url\" content=\"https:\/\/shezamme.com\/en\/return-policy\/\" \/>\n<meta property=\"og:site_name\" content=\"SHEZAMME - Yeezy, Jordan, Supreme i inne oryginalne rzeczy\" \/>\n<meta property=\"article:publisher\" content=\"https:\/\/www.facebook.com\/SHEZAMME\/\" \/>\n<meta property=\"article:modified_time\" content=\"2024-01-26T08:57:50+00:00\" \/>\n<meta property=\"og:image\" content=\"https:\/\/shezamme.com\/wp-content\/uploads\/2023\/02\/shezamme_avatar2000x2000px-1.jpg\" \/>\n\t<meta property=\"og:image:width\" content=\"2000\" \/>\n\t<meta property=\"og:image:height\" content=\"2000\" \/>\n\t<meta property=\"og:image:type\" content=\"image\/jpeg\" \/>\n<meta name=\"twitter:card\" content=\"summary_large_image\" \/>\n<meta name=\"twitter:site\" content=\"@SHEZAMME\" \/>\n<meta name=\"twitter:label1\" content=\"Est. reading time\" \/>\n\t<meta name=\"twitter:data1\" content=\"3 minutes\" \/>\n<script type=\"application\/ld+json\" class=\"yoast-schema-graph\">{\"@context\":\"https:\/\/schema.org\",\"@graph\":[{\"@type\":\"WebPage\",\"@id\":\"https:\/\/shezamme.com\/polityka-zwrotow\/\",\"url\":\"https:\/\/shezamme.com\/polityka-zwrotow\/\",\"name\":\"Polityka zwrot\u00f3w & Reklamacje - SHEZAMME\",\"isPartOf\":{\"@id\":\"https:\/\/shezamme.com\/#website\"},\"datePublished\":\"2021-11-08T19:47:24+00:00\",\"dateModified\":\"2024-01-26T08:57:50+00:00\",\"description\":\"Polityka zwrot\u00f3w firmy SHEZAMME\",\"breadcrumb\":{\"@id\":\"https:\/\/shezamme.com\/polityka-zwrotow\/#breadcrumb\"},\"inLanguage\":\"en-US\",\"potentialAction\":[{\"@type\":\"ReadAction\",\"target\":[\"https:\/\/shezamme.com\/polityka-zwrotow\/\"]}]},{\"@type\":\"BreadcrumbList\",\"@id\":\"https:\/\/shezamme.com\/polityka-zwrotow\/#breadcrumb\",\"itemListElement\":[{\"@type\":\"ListItem\",\"position\":1,\"name\":\"Strona g\u0142\u00f3wna\",\"item\":\"https:\/\/shezamme.com\/\"},{\"@type\":\"ListItem\",\"position\":2,\"name\":\"Polityka zwrot\u00f3w &#038; Reklamacje\"}]},{\"@type\":\"WebSite\",\"@id\":\"https:\/\/shezamme.com\/#website\",\"url\":\"https:\/\/shezamme.com\/\",\"name\":\"SHEZAMME - Sneakersy, Streetwear i luksusowe marki\",\"description\":\"Oryginalne i ekskluzywne przedmioty w jednym miejscu. Sprawd\u017a nasze produkty ju\u017c teraz i b\u0105d\u017a na bie\u017c\u0105co z wszystkimi premierami.\",\"publisher\":{\"@id\":\"https:\/\/shezamme.com\/#organization\"},\"potentialAction\":[{\"@type\":\"SearchAction\",\"target\":{\"@type\":\"EntryPoint\",\"urlTemplate\":\"https:\/\/shezamme.com\/?s={search_term_string}\"},\"query-input\":{\"@type\":\"PropertyValueSpecification\",\"valueRequired\":true,\"valueName\":\"search_term_string\"}}],\"inLanguage\":\"en-US\"},{\"@type\":\"Organization\",\"@id\":\"https:\/\/shezamme.com\/#organization\",\"name\":\"SHEZAMME - Sneakersy, Streetwear i luksusowe marki\",\"url\":\"https:\/\/shezamme.com\/\",\"logo\":{\"@type\":\"ImageObject\",\"inLanguage\":\"en-US\",\"@id\":\"https:\/\/shezamme.com\/#\/schema\/logo\/image\/\",\"url\":\"https:\/\/shezamme.com\/wp-content\/uploads\/2023\/02\/0x0.png\",\"contentUrl\":\"https:\/\/shezamme.com\/wp-content\/uploads\/2023\/02\/0x0.png\",\"width\":2000,\"height\":2000,\"caption\":\"SHEZAMME - Sneakersy, Streetwear i luksusowe marki\"},\"image\":{\"@id\":\"https:\/\/shezamme.com\/#\/schema\/logo\/image\/\"},\"sameAs\":[\"https:\/\/www.facebook.com\/SHEZAMME\/\",\"https:\/\/x.com\/SHEZAMME\",\"https:\/\/www.instagram.com\/shezamme\/\",\"https:\/\/www.youtube.com\/channel\/UCsTJxi_9fODHdO_1bmJbqvQ\",\"https:\/\/www.tiktok.com\/shezamme.com\"]}]}<\/script>\n<!-- \/ Yoast SEO plugin. -->","yoast_head_json":{"title":"Polityka zwrot\u00f3w & Reklamacje - SHEZAMME","description":"SHEZAMME returns policy","robots":{"index":"index","follow":"follow","max-snippet":"max-snippet:-1","max-image-preview":"max-image-preview:large","max-video-preview":"max-video-preview:-1"},"canonical":"https:\/\/shezamme.com\/en\/return-policy\/","og_locale":"en_US","og_type":"article","og_title":"Polityka zwrot\u00f3w & Reklamacje - SHEZAMME","og_description":"Polityka zwrot\u00f3w firmy SHEZAMME","og_url":"https:\/\/shezamme.com\/en\/return-policy\/","og_site_name":"SHEZAMME - Yeezy, Jordan, Supreme i inne oryginalne rzeczy","article_publisher":"https:\/\/www.facebook.com\/SHEZAMME\/","article_modified_time":"2024-01-26T08:57:50+00:00","og_image":[{"width":2000,"height":2000,"url":"https:\/\/shezamme.com\/wp-content\/uploads\/2023\/02\/shezamme_avatar2000x2000px-1.jpg","type":"image\/jpeg"}],"twitter_card":"summary_large_image","twitter_site":"@SHEZAMME","twitter_misc":{"Est. reading time":"3 minutes"},"schema":{"@context":"https:\/\/schema.org","@graph":[{"@type":"WebPage","@id":"https:\/\/shezamme.com\/polityka-zwrotow\/","url":"https:\/\/shezamme.com\/polityka-zwrotow\/","name":"Polityka zwrot\u00f3w & Reklamacje - SHEZAMME","isPartOf":{"@id":"https:\/\/shezamme.com\/#website"},"datePublished":"2021-11-08T19:47:24+00:00","dateModified":"2024-01-26T08:57:50+00:00","description":"SHEZAMME returns policy","breadcrumb":{"@id":"https:\/\/shezamme.com\/polityka-zwrotow\/#breadcrumb"},"inLanguage":"en-US","potentialAction":[{"@type":"ReadAction","target":["https:\/\/shezamme.com\/polityka-zwrotow\/"]}]},{"@type":"BreadcrumbList","@id":"https:\/\/shezamme.com\/polityka-zwrotow\/#breadcrumb","itemListElement":[{"@type":"ListItem","position":1,"name":"Strona g\u0142\u00f3wna","item":"https:\/\/shezamme.com\/"},{"@type":"ListItem","position":2,"name":"Polityka zwrot\u00f3w &#038; Reklamacje"}]},{"@type":"WebSite","@id":"https:\/\/shezamme.com\/#website","url":"https:\/\/shezamme.com\/","name":"SHEZAMME - Sneakers, Streetwear and luxury brands","description":"Original and exclusive items in one place. Check out our products now and stay up to date with all launches.","publisher":{"@id":"https:\/\/shezamme.com\/#organization"},"potentialAction":[{"@type":"SearchAction","target":{"@type":"EntryPoint","urlTemplate":"https:\/\/shezamme.com\/?s={search_term_string}"},"query-input":{"@type":"PropertyValueSpecification","valueRequired":true,"valueName":"search_term_string"}}],"inLanguage":"en-US"},{"@type":"Organization","@id":"https:\/\/shezamme.com\/#organization","name":"SHEZAMME - Sneakers, Streetwear and luxury brands","url":"https:\/\/shezamme.com\/","logo":{"@type":"ImageObject","inLanguage":"en-US","@id":"https:\/\/shezamme.com\/#\/schema\/logo\/image\/","url":"https:\/\/shezamme.com\/wp-content\/uploads\/2023\/02\/0x0.png","contentUrl":"https:\/\/shezamme.com\/wp-content\/uploads\/2023\/02\/0x0.png","width":2000,"height":2000,"caption":"SHEZAMME - Sneakersy, Streetwear i luksusowe marki"},"image":{"@id":"https:\/\/shezamme.com\/#\/schema\/logo\/image\/"},"sameAs":["https:\/\/www.facebook.com\/SHEZAMME\/","https:\/\/x.com\/SHEZAMME","https:\/\/www.instagram.com\/shezamme\/","https:\/\/www.youtube.com\/channel\/UCsTJxi_9fODHdO_1bmJbqvQ","https:\/\/www.tiktok.com\/shezamme.com"]}]}},"_links":{"self":[{"href":"https:\/\/shezamme.com\/en\/wp-json\/wp\/v2\/pages\/16420","targetHints":{"allow":["GET"]}}],"collection":[{"href":"https:\/\/shezamme.com\/en\/wp-json\/wp\/v2\/pages"}],"about":[{"href":"https:\/\/shezamme.com\/en\/wp-json\/wp\/v2\/types\/page"}],"author":[{"embeddable":true,"href":"https:\/\/shezamme.com\/en\/wp-json\/wp\/v2\/users\/4"}],"replies":[{"embeddable":true,"href":"https:\/\/shezamme.com\/en\/wp-json\/wp\/v2\/comments?post=16420"}],"version-history":[{"count":0,"href":"https:\/\/shezamme.com\/en\/wp-json\/wp\/v2\/pages\/16420\/revisions"}],"wp:attachment":[{"href":"https:\/\/shezamme.com\/en\/wp-json\/wp\/v2\/media?parent=16420"}],"curies":[{"name":"wp","href":"https:\/\/api.w.org\/{rel}","templated":true}]}}